{"id":181,"date":"2024-09-06T18:33:12","date_gmt":"2024-09-06T15:33:12","guid":{"rendered":"https:\/\/pridewood.ch\/?post_type=product&#038;p=181"},"modified":"2025-10-24T15:41:13","modified_gmt":"2025-10-24T13:41:13","slug":"wireless-wooden-keyboard-mouse-bamboo-kg201-mg94","status":"publish","type":"product","link":"https:\/\/pridewood.ch\/it\/product\/wireless-wooden-keyboard-mouse-bamboo-kg201-mg94\/","title":{"rendered":"Tastiera e mouse wireless in legno Bamboo KG201+ MG94"},"content":{"rendered":"<p>Tuffati in un mondo di comfort e stile con la tastiera e il mouse wireless PrideWood Bamboo!<\/p>\n<p>Stanco di tastiere e mouse in plastica ingombranti Vuoi aggiungere un tocco di bellezza naturale e comfort al tuo posto di lavoro?<\/p>\n<p>Allora devi assolutamente provare il set di bamb\u00f9 senza fili PrideWood!<\/p>\n<p>Il set include una tastiera e un mouse wireless in bamb\u00f9 ed ecco i loro vantaggi:<\/p>\n<p>TASTIERA<br \/>\n&#8211; Sistema di risparmio energetico intelligente: garantisce un funzionamento a lungo termine senza sostituire le batterie.<br \/>\n&#8211; Connessione affidabile: la commutazione dei canali e l&#8217;anti-interferenza garantiscono un funzionamento ininterrotto.<br \/>\n&#8211; Versatilit\u00e0: compatibile con Win XP\/NT\/Vista\/Win 7\/Win 8\/Win 10\/Win 11.<br \/>\n&#8211; Comfort: il funzionamento silenzioso dei tasti e il design ergonomico garantiscono comfort anche durante lunghi periodi di utilizzo.<br \/>\n&#8211; Stile: il design unico del bamb\u00f9 naturale decorrer\u00e0 il tuo desktop.<\/p>\n<p>TOPO<br \/>\n&#8211; Alta precisione: il sensore ottico garantisce un movimento del cursore fluido e preciso.<br \/>\n&#8211; Risposta ad alta velocit\u00e0: 125 risposte al secondo.<br \/>\n&#8211; DPI regolabile: passa da 1200 a 1600 DPI per lavorare in diverse modalit\u00e0.<br \/>\n&#8211; Consumo energetico ridotto: le modalit\u00e0 di sospensione e standby prolungano la durata della batteria.<br \/>\n&#8211; Design elegante: l&#8217;elegante corpo in bamb\u00f9 si abbina perfettamente alla tastiera.<\/p>\n<p>Distanza di trasmissione del segnale di lavoro: 7-15 metri!<\/p>\n<p>Il set wireless in bamb\u00f9 PrideWood \u00e8:<br \/>\n1. Soluzione ideale per lavoro e studio.<br \/>\n2. Un accessorio elegante per il tuo desktop.<br \/>\n3. Un regalo eccellente per i propri cari.<\/p>\n<p>\u00c8 tempo di creare e lavorare in tutta comodit\u00e0! Crea lo spazio di lavoro dei tuoi sogni con il set di bamb\u00f9 senza fili di PrideWood!<\/p>","protected":false},"excerpt":{"rendered":"<p>Tuffati in un mondo di comfort e stile con la tastiera e il mouse wireless PrideWood Bamboo! Stanco di tastiere<\/p>\n","protected":false},"featured_media":6914,"comment_status":"open","ping_status":"closed","template":"","meta":[],"product_brand":[],"product_cat":[288],"product_tag":[],"class_list":{"0":"post-181","1":"product","2":"type-product","3":"status-publish","4":"has-post-thumbnail","6":"product_cat-gadgets","7":"product_shipping_class-gadgets","9":"first","10":"instock","11":"sale","12":"purchasable","13":"product-type-simple"},"yoast_head":"<!-- This site is optimized with the Yoast SEO plugin v27.1.1 - https:\/\/yoast.com\/product\/yoast-seo-wordpress\/ -->\n<title>Tastiera e mouse wireless in legno Bamboo KG201+ MG94 Acquistare | PrideWood<\/title>\n<meta name=\"description\" content=\"Set di tastiere e mouse wireless \u2714\ufe0f Trasmissione del segnale fino a 15 metri \u2708\ufe0f Realizzato in bamb\u00f9 \u2b50 125 risposte al secondo \u279c Accessorio elegante per il tuo desktop\" \/>\n<meta name=\"robots\" content=\"index, follow, max-snippet:-1, max-image-preview:large, max-video-preview:-1\" \/>\n<link rel=\"canonical\" href=\"https:\/\/pridewood.ch\/it\/product\/wireless-wooden-keyboard-mouse-bamboo-kg201-mg94\/\" \/>\n<meta property=\"og:locale\" content=\"it_IT\" \/>\n<meta property=\"og:type\" content=\"article\" \/>\n<meta property=\"og:title\" content=\"Tastiera e mouse wireless in legno Bamboo KG201+ MG94 Acquistare | PrideWood\" \/>\n<meta property=\"og:description\" content=\"Set di tastiere e mouse wireless \u2714\ufe0f Trasmissione del segnale fino a 15 metri \u2708\ufe0f Realizzato in bamb\u00f9 \u2b50 125 risposte al secondo \u279c Accessorio elegante per il tuo desktop\" \/>\n<meta property=\"og:url\" content=\"https:\/\/pridewood.ch\/it\/product\/wireless-wooden-keyboard-mouse-bamboo-kg201-mg94\/\" \/>\n<meta property=\"og:site_name\" content=\"PrideWood\" \/>\n<meta property=\"article:modified_time\" content=\"2025-10-24T13:41:13+00:00\" \/>\n<meta property=\"og:image\" content=\"https:\/\/pridewood.ch\/wp-content\/uploads\/2024\/09\/gadzhety-bambuk-_1_.webp\" \/>\n\t<meta property=\"og:image:width\" content=\"700\" \/>\n\t<meta property=\"og:image:height\" content=\"700\" \/>\n\t<meta property=\"og:image:type\" content=\"image\/webp\" \/>\n<meta name=\"twitter:card\" content=\"summary_large_image\" \/>\n<meta name=\"twitter:label1\" content=\"Tempo di lettura stimato\" \/>\n\t<meta name=\"twitter:data1\" content=\"2 minuti\" \/>\n<script type=\"application\/ld+json\" class=\"yoast-schema-graph\">{\"@context\":\"https:\/\/schema.org\",\"@graph\":[{\"@type\":\"WebPage\",\"@id\":\"https:\/\/pridewood.ch\/it\/product\/wireless-wooden-keyboard-mouse-bamboo-kg201-mg94\/\",\"url\":\"https:\/\/pridewood.ch\/it\/product\/wireless-wooden-keyboard-mouse-bamboo-kg201-mg94\/\",\"name\":\"Tastiera e mouse wireless in legno Bamboo KG201+ MG94 Acquistare | PrideWood\",\"isPartOf\":{\"@id\":\"https:\/\/pridewood.ch\/it\/#website\"},\"primaryImageOfPage\":{\"@id\":\"https:\/\/pridewood.ch\/it\/product\/wireless-wooden-keyboard-mouse-bamboo-kg201-mg94\/#primaryimage\"},\"image\":{\"@id\":\"https:\/\/pridewood.ch\/product\/wireless-wooden-keyboard-mouse-bamboo-kg201-mg94\/#primaryimage\"},\"thumbnailUrl\":\"https:\/\/pridewood.ch\/wp-content\/uploads\/2024\/09\/gadzhety-bambuk-_1_.webp\",\"datePublished\":\"2024-09-06T15:33:12+00:00\",\"dateModified\":\"2025-10-24T13:41:13+00:00\",\"description\":\"Set di tastiere e mouse wireless \u2714\ufe0f Trasmissione del segnale fino a 15 metri \u2708\ufe0f Realizzato in bamb\u00f9 \u2b50 125 risposte al secondo \u279c Accessorio elegante per il tuo desktop\",\"breadcrumb\":{\"@id\":\"https:\/\/pridewood.ch\/it\/product\/wireless-wooden-keyboard-mouse-bamboo-kg201-mg94\/#breadcrumb\"},\"inLanguage\":\"it-IT\",\"potentialAction\":[{\"@type\":\"ReadAction\",\"target\":[[\"https:\/\/pridewood.ch\/it\/product\/wireless-wooden-keyboard-mouse-bamboo-kg201-mg94\/\"]]}]},{\"@type\":\"ImageObject\",\"inLanguage\":\"it-IT\",\"@id\":\"https:\/\/pridewood.ch\/it\/product\/wireless-wooden-keyboard-mouse-bamboo-kg201-mg94\/#primaryimage\",\"url\":\"https:\/\/pridewood.ch\/wp-content\/uploads\/2024\/09\/gadzhety-bambuk-_1_.webp\",\"contentUrl\":\"https:\/\/pridewood.ch\/wp-content\/uploads\/2024\/09\/gadzhety-bambuk-_1_.webp\",\"width\":700,\"height\":700},{\"@type\":\"BreadcrumbList\",\"@id\":\"https:\/\/pridewood.ch\/it\/product\/wireless-wooden-keyboard-mouse-bamboo-kg201-mg94\/#breadcrumb\",\"itemListElement\":[{\"@type\":\"ListItem\",\"position\":1,\"name\":\"Home\",\"item\":\"https:\/\/pridewood.ch\/it\/\"},{\"@type\":\"ListItem\",\"position\":2,\"name\":\"Shop\",\"item\":\"https:\/\/pridewood.ch\/it\/shop\/\"},{\"@type\":\"ListItem\",\"position\":3,\"name\":\"Wireless wooden keyboard &#038; mouse Bamboo KG201+ MG94\"}]},{\"@type\":\"WebSite\",\"@id\":\"https:\/\/pridewood.ch\/it\/#website\",\"url\":\"https:\/\/pridewood.ch\/it\/\",\"name\":\"PrideWood\",\"description\":\"\",\"potentialAction\":[{\"@type\":\"SearchAction\",\"target\":{\"@type\":\"EntryPoint\",\"urlTemplate\":\"https:\/\/pridewood.ch\/it\/?s={search_term_string}\"},\"query-input\":{\"@type\":\"PropertyValueSpecification\",\"valueRequired\":true,\"valueName\":\"search_term_string\"}}],\"inLanguage\":\"it-IT\"}]}<\/script>\n<!-- \/ Yoast SEO plugin. -->","yoast_head_json":{"title":"Tastiera e mouse wireless in legno Bamboo KG201+ MG94 Acquistare | PrideWood","description":"Set di tastiere e mouse wireless \u2714\ufe0f Trasmissione del segnale fino a 15 metri \u2708\ufe0f Realizzato in bamb\u00f9 \u2b50 125 risposte al secondo \u279c Accessorio elegante per il tuo desktop","robots":{"index":"index","follow":"follow","max-snippet":"max-snippet:-1","max-image-preview":"max-image-preview:large","max-video-preview":"max-video-preview:-1"},"canonical":"https:\/\/pridewood.ch\/it\/product\/wireless-wooden-keyboard-mouse-bamboo-kg201-mg94\/","og_locale":"it_IT","og_type":"article","og_title":"Tastiera e mouse wireless in legno Bamboo KG201+ MG94 Acquistare | PrideWood","og_description":"Set di tastiere e mouse wireless \u2714\ufe0f Trasmissione del segnale fino a 15 metri \u2708\ufe0f Realizzato in bamb\u00f9 \u2b50 125 risposte al secondo \u279c Accessorio elegante per il tuo desktop","og_url":"https:\/\/pridewood.ch\/it\/product\/wireless-wooden-keyboard-mouse-bamboo-kg201-mg94\/","og_site_name":"PrideWood","article_modified_time":"2025-10-24T13:41:13+00:00","og_image":[{"width":700,"height":700,"url":"https:\/\/pridewood.ch\/wp-content\/uploads\/2024\/09\/gadzhety-bambuk-_1_.webp","type":"image\/webp"}],"twitter_card":"summary_large_image","twitter_misc":{"Tempo di lettura stimato":"2 minuti"},"schema":{"@context":"https:\/\/schema.org","@graph":[{"@type":"WebPage","@id":"https:\/\/pridewood.ch\/it\/product\/wireless-wooden-keyboard-mouse-bamboo-kg201-mg94\/","url":"https:\/\/pridewood.ch\/it\/product\/wireless-wooden-keyboard-mouse-bamboo-kg201-mg94\/","name":"Tastiera e mouse wireless in legno Bamboo KG201+ MG94 Acquistare | PrideWood","isPartOf":{"@id":"https:\/\/pridewood.ch\/it\/#website"},"primaryImageOfPage":{"@id":"https:\/\/pridewood.ch\/it\/product\/wireless-wooden-keyboard-mouse-bamboo-kg201-mg94\/#primaryimage"},"image":{"@id":"https:\/\/pridewood.ch\/product\/wireless-wooden-keyboard-mouse-bamboo-kg201-mg94\/#primaryimage"},"thumbnailUrl":"https:\/\/pridewood.ch\/wp-content\/uploads\/2024\/09\/gadzhety-bambuk-_1_.webp","datePublished":"2024-09-06T15:33:12+00:00","dateModified":"2025-10-24T13:41:13+00:00","description":"Set di tastiere e mouse wireless \u2714\ufe0f Trasmissione del segnale fino a 15 metri \u2708\ufe0f Realizzato in bamb\u00f9 \u2b50 125 risposte al secondo \u279c Accessorio elegante per il tuo desktop","breadcrumb":{"@id":"https:\/\/pridewood.ch\/it\/product\/wireless-wooden-keyboard-mouse-bamboo-kg201-mg94\/#breadcrumb"},"inLanguage":"it-IT","potentialAction":[{"@type":"ReadAction","target":[["https:\/\/pridewood.ch\/it\/product\/wireless-wooden-keyboard-mouse-bamboo-kg201-mg94\/"]]}]},{"@type":"ImageObject","inLanguage":"it-IT","@id":"https:\/\/pridewood.ch\/it\/product\/wireless-wooden-keyboard-mouse-bamboo-kg201-mg94\/#primaryimage","url":"https:\/\/pridewood.ch\/wp-content\/uploads\/2024\/09\/gadzhety-bambuk-_1_.webp","contentUrl":"https:\/\/pridewood.ch\/wp-content\/uploads\/2024\/09\/gadzhety-bambuk-_1_.webp","width":700,"height":700},{"@type":"BreadcrumbList","@id":"https:\/\/pridewood.ch\/it\/product\/wireless-wooden-keyboard-mouse-bamboo-kg201-mg94\/#breadcrumb","itemListElement":[{"@type":"ListItem","position":1,"name":"Home","item":"https:\/\/pridewood.ch\/it\/"},{"@type":"ListItem","position":2,"name":"Shop","item":"https:\/\/pridewood.ch\/it\/shop\/"},{"@type":"ListItem","position":3,"name":"Wireless wooden keyboard &#038; mouse Bamboo KG201+ MG94"}]},{"@type":"WebSite","@id":"https:\/\/pridewood.ch\/it\/#website","url":"https:\/\/pridewood.ch\/it\/","name":"PrideWood","description":"","potentialAction":[{"@type":"SearchAction","target":{"@type":"EntryPoint","urlTemplate":"https:\/\/pridewood.ch\/it\/?s={search_term_string}"},"query-input":{"@type":"PropertyValueSpecification","valueRequired":true,"valueName":"search_term_string"}}],"inLanguage":"it-IT"}]}},"_links":{"self":[{"href":"https:\/\/pridewood.ch\/it\/wp-json\/wp\/v2\/product\/181","targetHints":{"allow":["GET"]}}],"collection":[{"href":"https:\/\/pridewood.ch\/it\/wp-json\/wp\/v2\/product"}],"about":[{"href":"https:\/\/pridewood.ch\/it\/wp-json\/wp\/v2\/types\/product"}],"replies":[{"embeddable":true,"href":"https:\/\/pridewood.ch\/it\/wp-json\/wp\/v2\/comments?post=181"}],"version-history":[{"count":12,"href":"https:\/\/pridewood.ch\/it\/wp-json\/wp\/v2\/product\/181\/revisions"}],"predecessor-version":[{"id":6915,"href":"https:\/\/pridewood.ch\/it\/wp-json\/wp\/v2\/product\/181\/revisions\/6915"}],"wp:featuredmedia":[{"embeddable":true,"href":"https:\/\/pridewood.ch\/it\/wp-json\/wp\/v2\/media\/6914"}],"wp:attachment":[{"href":"https:\/\/pridewood.ch\/it\/wp-json\/wp\/v2\/media?parent=181"}],"wp:term":[{"taxonomy":"product_brand","embeddable":true,"href":"https:\/\/pridewood.ch\/it\/wp-json\/wp\/v2\/product_brand?post=181"},{"taxonomy":"product_cat","embeddable":true,"href":"https:\/\/pridewood.ch\/it\/wp-json\/wp\/v2\/product_cat?post=181"},{"taxonomy":"product_tag","embeddable":true,"href":"https:\/\/pridewood.ch\/it\/wp-json\/wp\/v2\/product_tag?post=181"}],"curies":[{"name":"wp","href":"https:\/\/api.w.org\/{rel}","templated":true}]}}