{"id":150,"date":"2024-09-06T16:12:40","date_gmt":"2024-09-06T13:12:40","guid":{"rendered":"https:\/\/pridewood.ch\/?post_type=product&#038;p=150"},"modified":"2025-10-24T15:55:36","modified_gmt":"2025-10-24T13:55:36","slug":"wooden-calculator-with-solar","status":"publish","type":"product","link":"https:\/\/pridewood.ch\/it\/product\/wooden-calculator-with-solar\/","title":{"rendered":"Calcolatrice in legno con solare"},"content":{"rendered":"<p>Stanco dei numeri freddi sullo schermo? Immergiti nel calore della natura con la calcolatrice in bamb\u00f9 PrideWood!<br \/>\nTi presentiamo una calcolatrice che non solo diventer\u00e0 il tuo fedele assistente nei calcoli, ma decorrer\u00e0 anche il tuo desktop.<\/p>\n<p>La calcolatrice da tavolo a 12 cifre PrideWood Bamboo \u00e8 pi\u00f9 di un semplice strumento di calcolo, \u00e8 un&#8217;opera d&#8217;arte!<\/p>\n<p>Il suo corpo \u00e8 realizzato in bamb\u00f9 carbonizzato di alta qualit\u00e0, che non ha solo un&#8217;estetica unica, ma anche una durata eccezionale.<\/p>\n<p>29 tasti grandi consentono una pressione comoda e veloce e il pannello solare come fonte di alimentazione aggiuntiva consente di utilizzare la calcolatrice anche quando si \u00e8 lontani da una presa di corrente.<\/p>\n<p>Il sistema di alimentazione intelligente spegner\u00e0 automaticamente la calcolatrice dopo 6 minuti di inattivit\u00e0, risparmiando la carica della batteria.<\/p>\n<p>Funzionalit\u00e0 della calcolatrice PrideWood:<br \/>\n1. Semplice addizione, sottrazione, moltiplicazione, divisione<br \/>\n2. Calcolo degli interessi<br \/>\n3. Estrazione della radice quadrata<br \/>\n4. Controllo all&#8217;indietro o in avanti<br \/>\n5. Calcolo di 99 passi<\/p>\n<p>Con il calcolatore PrideWood puoi:<br \/>\n&#8211; Risolvi facilmente e rapidamente qualsiasi problema matematico<br \/>\n&#8211; Lavora comodamente a casa o in ufficio<br \/>\n&#8211; Aggiungi un tocco di bellezza naturale al tuo desktop<\/p>\n<p>Regala a te stesso e ai tuoi cari un pezzo di natura con la calcolatrice in bamb\u00f9 PrideWood!<\/p>","protected":false},"excerpt":{"rendered":"<p>Stanco dei numeri freddi sullo schermo? Immergiti nel calore della natura con la calcolatrice in bamb\u00f9 PrideWood! Ti presentiamo una<\/p>\n","protected":false},"featured_media":6911,"comment_status":"open","ping_status":"closed","template":"","meta":[],"product_brand":[],"product_cat":[288],"product_tag":[],"class_list":{"0":"post-150","1":"product","2":"type-product","3":"status-publish","4":"has-post-thumbnail","6":"product_cat-gadgets","7":"product_shipping_class-gadgets","9":"first","10":"instock","11":"sale","12":"purchasable","13":"product-type-simple"},"yoast_head":"<!-- This site is optimized with the Yoast SEO plugin v27.1.1 - https:\/\/yoast.com\/product\/yoast-seo-wordpress\/ -->\n<title>Calcolatrice in legno con solare Acquistare | PrideWood<\/title>\n<meta name=\"description\" content=\"Calcolatrice da tavolo a 12 cifre PrideWood \u2714\ufe0f Ottima aggiunta al tuo desktop \u2b50 Realizzata in bamb\u00f9 \ud83d\ude9a Consegna in tutta la Svizzera \u279c WhatsApp \u260e +41 (76) 457 57 13 | PrideWood\" \/>\n<meta name=\"robots\" content=\"index, follow, max-snippet:-1, max-image-preview:large, max-video-preview:-1\" \/>\n<link rel=\"canonical\" href=\"https:\/\/pridewood.ch\/it\/product\/wooden-calculator-with-solar\/\" \/>\n<meta property=\"og:locale\" content=\"it_IT\" \/>\n<meta property=\"og:type\" content=\"article\" \/>\n<meta property=\"og:title\" content=\"Calcolatrice in legno con solare Acquistare | PrideWood\" \/>\n<meta property=\"og:description\" content=\"Calcolatrice da tavolo a 12 cifre PrideWood \u2714\ufe0f Ottima aggiunta al tuo desktop \u2b50 Realizzata in bamb\u00f9 \ud83d\ude9a Consegna in tutta la Svizzera \u279c WhatsApp \u260e +41 (76) 457 57 13 | PrideWood\" \/>\n<meta property=\"og:url\" content=\"https:\/\/pridewood.ch\/it\/product\/wooden-calculator-with-solar\/\" \/>\n<meta property=\"og:site_name\" content=\"PrideWood\" \/>\n<meta property=\"article:modified_time\" content=\"2025-10-24T13:55:36+00:00\" \/>\n<meta property=\"og:image\" content=\"https:\/\/pridewood.ch\/wp-content\/uploads\/2024\/09\/dizajn-bez-nazvaniya.webp\" \/>\n\t<meta property=\"og:image:width\" content=\"700\" \/>\n\t<meta property=\"og:image:height\" content=\"700\" \/>\n\t<meta property=\"og:image:type\" content=\"image\/webp\" \/>\n<meta name=\"twitter:card\" content=\"summary_large_image\" \/>\n<meta name=\"twitter:label1\" content=\"Tempo di lettura stimato\" \/>\n\t<meta name=\"twitter:data1\" content=\"2 minuti\" \/>\n<script type=\"application\/ld+json\" class=\"yoast-schema-graph\">{\"@context\":\"https:\/\/schema.org\",\"@graph\":[{\"@type\":\"WebPage\",\"@id\":\"https:\/\/pridewood.ch\/it\/product\/wooden-calculator-with-solar\/\",\"url\":\"https:\/\/pridewood.ch\/it\/product\/wooden-calculator-with-solar\/\",\"name\":\"Calcolatrice in legno con solare Acquistare | PrideWood\",\"isPartOf\":{\"@id\":\"https:\/\/pridewood.ch\/it\/#website\"},\"primaryImageOfPage\":{\"@id\":\"https:\/\/pridewood.ch\/it\/product\/wooden-calculator-with-solar\/#primaryimage\"},\"image\":{\"@id\":\"https:\/\/pridewood.ch\/product\/wooden-calculator-with-solar\/#primaryimage\"},\"thumbnailUrl\":\"https:\/\/pridewood.ch\/wp-content\/uploads\/2024\/09\/dizajn-bez-nazvaniya.webp\",\"datePublished\":\"2024-09-06T13:12:40+00:00\",\"dateModified\":\"2025-10-24T13:55:36+00:00\",\"description\":\"Calcolatrice da tavolo a 12 cifre PrideWood \u2714\ufe0f Ottima aggiunta al tuo desktop \u2b50 Realizzata in bamb\u00f9 \ud83d\ude9a Consegna in tutta la Svizzera \u279c WhatsApp \u260e +41 (76) 457 57 13 | PrideWood\",\"breadcrumb\":{\"@id\":\"https:\/\/pridewood.ch\/it\/product\/wooden-calculator-with-solar\/#breadcrumb\"},\"inLanguage\":\"it-IT\",\"potentialAction\":[{\"@type\":\"ReadAction\",\"target\":[[\"https:\/\/pridewood.ch\/it\/product\/wooden-calculator-with-solar\/\"]]}]},{\"@type\":\"ImageObject\",\"inLanguage\":\"it-IT\",\"@id\":\"https:\/\/pridewood.ch\/it\/product\/wooden-calculator-with-solar\/#primaryimage\",\"url\":\"https:\/\/pridewood.ch\/wp-content\/uploads\/2024\/09\/dizajn-bez-nazvaniya.webp\",\"contentUrl\":\"https:\/\/pridewood.ch\/wp-content\/uploads\/2024\/09\/dizajn-bez-nazvaniya.webp\",\"width\":700,\"height\":700},{\"@type\":\"BreadcrumbList\",\"@id\":\"https:\/\/pridewood.ch\/it\/product\/wooden-calculator-with-solar\/#breadcrumb\",\"itemListElement\":[{\"@type\":\"ListItem\",\"position\":1,\"name\":\"Home\",\"item\":\"https:\/\/pridewood.ch\/it\/\"},{\"@type\":\"ListItem\",\"position\":2,\"name\":\"Shop\",\"item\":\"https:\/\/pridewood.ch\/it\/shop\/\"},{\"@type\":\"ListItem\",\"position\":3,\"name\":\"Wooden calculator with solar\"}]},{\"@type\":\"WebSite\",\"@id\":\"https:\/\/pridewood.ch\/it\/#website\",\"url\":\"https:\/\/pridewood.ch\/it\/\",\"name\":\"PrideWood\",\"description\":\"\",\"potentialAction\":[{\"@type\":\"SearchAction\",\"target\":{\"@type\":\"EntryPoint\",\"urlTemplate\":\"https:\/\/pridewood.ch\/it\/?s={search_term_string}\"},\"query-input\":{\"@type\":\"PropertyValueSpecification\",\"valueRequired\":true,\"valueName\":\"search_term_string\"}}],\"inLanguage\":\"it-IT\"}]}<\/script>\n<!-- \/ Yoast SEO plugin. -->","yoast_head_json":{"title":"Calcolatrice in legno con solare Acquistare | PrideWood","description":"Calcolatrice da tavolo a 12 cifre PrideWood \u2714\ufe0f Ottima aggiunta al tuo desktop \u2b50 Realizzata in bamb\u00f9 \ud83d\ude9a Consegna in tutta la Svizzera \u279c WhatsApp \u260e +41 (76) 457 57 13 | PrideWood","robots":{"index":"index","follow":"follow","max-snippet":"max-snippet:-1","max-image-preview":"max-image-preview:large","max-video-preview":"max-video-preview:-1"},"canonical":"https:\/\/pridewood.ch\/it\/product\/wooden-calculator-with-solar\/","og_locale":"it_IT","og_type":"article","og_title":"Calcolatrice in legno con solare Acquistare | PrideWood","og_description":"Calcolatrice da tavolo a 12 cifre PrideWood \u2714\ufe0f Ottima aggiunta al tuo desktop \u2b50 Realizzata in bamb\u00f9 \ud83d\ude9a Consegna in tutta la Svizzera \u279c WhatsApp \u260e +41 (76) 457 57 13 | PrideWood","og_url":"https:\/\/pridewood.ch\/it\/product\/wooden-calculator-with-solar\/","og_site_name":"PrideWood","article_modified_time":"2025-10-24T13:55:36+00:00","og_image":[{"width":700,"height":700,"url":"https:\/\/pridewood.ch\/wp-content\/uploads\/2024\/09\/dizajn-bez-nazvaniya.webp","type":"image\/webp"}],"twitter_card":"summary_large_image","twitter_misc":{"Tempo di lettura stimato":"2 minuti"},"schema":{"@context":"https:\/\/schema.org","@graph":[{"@type":"WebPage","@id":"https:\/\/pridewood.ch\/it\/product\/wooden-calculator-with-solar\/","url":"https:\/\/pridewood.ch\/it\/product\/wooden-calculator-with-solar\/","name":"Calcolatrice in legno con solare Acquistare | PrideWood","isPartOf":{"@id":"https:\/\/pridewood.ch\/it\/#website"},"primaryImageOfPage":{"@id":"https:\/\/pridewood.ch\/it\/product\/wooden-calculator-with-solar\/#primaryimage"},"image":{"@id":"https:\/\/pridewood.ch\/product\/wooden-calculator-with-solar\/#primaryimage"},"thumbnailUrl":"https:\/\/pridewood.ch\/wp-content\/uploads\/2024\/09\/dizajn-bez-nazvaniya.webp","datePublished":"2024-09-06T13:12:40+00:00","dateModified":"2025-10-24T13:55:36+00:00","description":"Calcolatrice da tavolo a 12 cifre PrideWood \u2714\ufe0f Ottima aggiunta al tuo desktop \u2b50 Realizzata in bamb\u00f9 \ud83d\ude9a Consegna in tutta la Svizzera \u279c WhatsApp \u260e +41 (76) 457 57 13 | PrideWood","breadcrumb":{"@id":"https:\/\/pridewood.ch\/it\/product\/wooden-calculator-with-solar\/#breadcrumb"},"inLanguage":"it-IT","potentialAction":[{"@type":"ReadAction","target":[["https:\/\/pridewood.ch\/it\/product\/wooden-calculator-with-solar\/"]]}]},{"@type":"ImageObject","inLanguage":"it-IT","@id":"https:\/\/pridewood.ch\/it\/product\/wooden-calculator-with-solar\/#primaryimage","url":"https:\/\/pridewood.ch\/wp-content\/uploads\/2024\/09\/dizajn-bez-nazvaniya.webp","contentUrl":"https:\/\/pridewood.ch\/wp-content\/uploads\/2024\/09\/dizajn-bez-nazvaniya.webp","width":700,"height":700},{"@type":"BreadcrumbList","@id":"https:\/\/pridewood.ch\/it\/product\/wooden-calculator-with-solar\/#breadcrumb","itemListElement":[{"@type":"ListItem","position":1,"name":"Home","item":"https:\/\/pridewood.ch\/it\/"},{"@type":"ListItem","position":2,"name":"Shop","item":"https:\/\/pridewood.ch\/it\/shop\/"},{"@type":"ListItem","position":3,"name":"Wooden calculator with solar"}]},{"@type":"WebSite","@id":"https:\/\/pridewood.ch\/it\/#website","url":"https:\/\/pridewood.ch\/it\/","name":"PrideWood","description":"","potentialAction":[{"@type":"SearchAction","target":{"@type":"EntryPoint","urlTemplate":"https:\/\/pridewood.ch\/it\/?s={search_term_string}"},"query-input":{"@type":"PropertyValueSpecification","valueRequired":true,"valueName":"search_term_string"}}],"inLanguage":"it-IT"}]}},"_links":{"self":[{"href":"https:\/\/pridewood.ch\/it\/wp-json\/wp\/v2\/product\/150","targetHints":{"allow":["GET"]}}],"collection":[{"href":"https:\/\/pridewood.ch\/it\/wp-json\/wp\/v2\/product"}],"about":[{"href":"https:\/\/pridewood.ch\/it\/wp-json\/wp\/v2\/types\/product"}],"replies":[{"embeddable":true,"href":"https:\/\/pridewood.ch\/it\/wp-json\/wp\/v2\/comments?post=150"}],"version-history":[{"count":7,"href":"https:\/\/pridewood.ch\/it\/wp-json\/wp\/v2\/product\/150\/revisions"}],"predecessor-version":[{"id":6796,"href":"https:\/\/pridewood.ch\/it\/wp-json\/wp\/v2\/product\/150\/revisions\/6796"}],"wp:featuredmedia":[{"embeddable":true,"href":"https:\/\/pridewood.ch\/it\/wp-json\/wp\/v2\/media\/6911"}],"wp:attachment":[{"href":"https:\/\/pridewood.ch\/it\/wp-json\/wp\/v2\/media?parent=150"}],"wp:term":[{"taxonomy":"product_brand","embeddable":true,"href":"https:\/\/pridewood.ch\/it\/wp-json\/wp\/v2\/product_brand?post=150"},{"taxonomy":"product_cat","embeddable":true,"href":"https:\/\/pridewood.ch\/it\/wp-json\/wp\/v2\/product_cat?post=150"},{"taxonomy":"product_tag","embeddable":true,"href":"https:\/\/pridewood.ch\/it\/wp-json\/wp\/v2\/product_tag?post=150"}],"curies":[{"name":"wp","href":"https:\/\/api.w.org\/{rel}","templated":true}]}}