{"id":63,"date":"2024-09-06T13:53:18","date_gmt":"2024-09-06T10:53:18","guid":{"rendered":"https:\/\/pridewood.ch\/?page_id=63"},"modified":"2024-10-05T21:10:40","modified_gmt":"2024-10-05T18:10:40","slug":"general-terms-and-conditions","status":"publish","type":"page","link":"https:\/\/pridewood.ch\/it\/general-terms-and-conditions\/","title":{"rendered":"Termini e condizioni generali"},"content":{"rendered":"\t\t<div data-elementor-type=\"wp-page\" data-elementor-id=\"63\" class=\"elementor elementor-63\">\n\t\t\t\t<div class=\"wd-negative-gap elementor-element elementor-element-660d1e4 e-flex e-con-boxed e-con e-parent\" data-id=\"660d1e4\" data-element_type=\"container\">\n\t\t\t\t\t<div class=\"e-con-inner\">\n\t\t\t\t<div class=\"elementor-element elementor-element-1abb9b4 elementor-widget elementor-widget-wd_text_block\" data-id=\"1abb9b4\" data-element_type=\"widget\" data-widget_type=\"wd_text_block.default\">\n\t\t\t\t<div class=\"elementor-widget-container\">\n\t\t\t\t\t\t\t<div class=\"wd-text-block reset-last-child text-left\">\n\t\t\t\n\t\t\t<p>Nos conditions g\u00e9n\u00e9rales (CGV) s'appliquent \u00e0 toutes les commandes (en ligne ou par \u00e9crit). Une commande n'est valable que si le client a plus de 18 ans.<\/p>\n\t\t\t\t\t<\/div>\n\t\t\t\t\t\t<\/div>\n\t\t\t\t<\/div>\n\t\t\t\t<div class=\"elementor-element elementor-element-a6d73b2 elementor-widget elementor-widget-heading\" data-id=\"a6d73b2\" data-element_type=\"widget\" data-widget_type=\"heading.default\">\n\t\t\t\t<div class=\"elementor-widget-container\">\n\t\t\t\t\t<h2 class=\"elementor-heading-title elementor-size-default\">Dispositions g\u00e9n\u00e9rales et utilisation de la boutique en ligne<\/h2>\t\t\t\t<\/div>\n\t\t\t\t<\/div>\n\t\t\t\t<div class=\"elementor-element elementor-element-ba25450 elementor-widget elementor-widget-wd_text_block\" data-id=\"ba25450\" data-element_type=\"widget\" data-widget_type=\"wd_text_block.default\">\n\t\t\t\t<div class=\"elementor-widget-container\">\n\t\t\t\t\t\t\t<div class=\"wd-text-block reset-last-child text-left\">\n\t\t\t\n\t\t\t<p>S\u00e4mtliche Rechte am Internet-Shop, darunter die Urheberverm\u00f6gensrechte, Rechte des geistigen Eigentums an seiner Bezeichnung, der Internetdomain, der Website des Internet-Shops wie auch an Mustern, Formularen, Logos geh\u00f6ren dem Verk\u00e4ufer.<\/p><p>Alle Informationen sind durch geistiges Eigentum und auch durch das Marketinggesetz gesch\u00fctzt. Dies bedeutet, dass Marken, Produktnamen, Firmennamen, Design, Bilder und Grafiken, Layout und Informationen \u00fcber Produkte, Dienstleistungen und alle anderen Inhalte ohne die vorherige schriftliche Zustimmung von PrideWood nicht kopiert oder verwendet werden d\u00fcrfen.<\/p><p>Der Verk\u00e4ufer bem\u00fcht sich, dass die Nutzung des Internet-Shops f\u00fcr Internetbenutzer unter Einsatz von allen popul\u00e4ren Internetbrowsern, operativen Systemen, Computertypen und Typen der Internetverbindungen m\u00f6glich ist. Der Verk\u00e4ufer garantiert nicht und ist daf\u00fcr nicht verantwortlich, dass jede Konfigurationsvariante der elektronischen Ger\u00e4te, die sich im Besitz des Internetbenutzers befinde, die Nutzung des Internet-Shops erm\u00f6glicht.<\/p><p>Wir speichern alle bereitgestellte Information auf unseren sicheren Servern und geben sie nicht an Dritte weiter, es sei denn, dies ist f\u00fcr den erfolgreichen Abschluss des Kauf- und Verkaufsvorgangs erforderlich und wir sind gesetzlich dazu verpflichtet.<\/p><p>Der Verk\u00e4ufer erkl\u00e4rt, dass sich der \u00f6ffentliche Charakter des Internets und die Nutzung der auf elektronischem Weg erbrachten Dienstleistungen mit der Gefahr der Erfassung und Modifizierung der Kundendaten durch unberechtigte Personen verbindet. Deshalb sollen die Kunden entsprechende technische Mittel anwenden, die die oben genannte Gefahr minimalisieren. Es geht insbesondere um Antivirenprogramme und Programme, die die Identit\u00e4t der Internetbenutzer sch\u00fctzen.<\/p>\n\t\t\t\t\t<\/div>\n\t\t\t\t\t\t<\/div>\n\t\t\t\t<\/div>\n\t\t\t\t<div class=\"elementor-element elementor-element-381da1f elementor-widget elementor-widget-heading\" data-id=\"381da1f\" data-element_type=\"widget\" data-widget_type=\"heading.default\">\n\t\t\t\t<div class=\"elementor-widget-container\">\n\t\t\t\t\t<h2 class=\"elementor-heading-title elementor-size-default\">Commande<\/h2>\t\t\t\t<\/div>\n\t\t\t\t<\/div>\n\t\t\t\t<div class=\"elementor-element elementor-element-f1d6e25 elementor-widget elementor-widget-wd_text_block\" data-id=\"f1d6e25\" data-element_type=\"widget\" data-widget_type=\"wd_text_block.default\">\n\t\t\t\t<div class=\"elementor-widget-container\">\n\t\t\t\t\t\t\t<div class=\"wd-text-block reset-last-child text-left\">\n\t\t\t\n\t\t\t<p>Afin de passer des commandes dans la boutique en ligne via le site Internet de la boutique en ligne ou d'utiliser les services accessibles sur les sites Internet de la boutique en ligne, chaque client doit disposer d'un compte de messagerie actif.<\/p><p>Le client peut passer ses commandes \u00e0 tout moment. La commande sera trait\u00e9e selon le calendrier indiqu\u00e9 sur le site Internet.<\/p><p>Chaque acheteur passe sa commande en s\u00e9lectionnant un produit sur le site et en l'ajoutant au panier en cliquant sur \u00ab Acheter \u00bb. Cliquez ensuite sur le bouton \u00ab Passer la commande \u00bb, saisissez vos coordonn\u00e9es et payez la commande.<\/p><p>Lorsque le client passe une commande, il lui sera demand\u00e9 de fournir certaines informations personnelles. Le Client confirme que les informations fournies sont exactes et compl\u00e8tes dans leur int\u00e9gralit\u00e9 et le Client est responsable de toute erreur dans ces informations fournies. Des informations sur la mani\u00e8re dont PrideWood traite les donn\u00e9es personnelles peuvent \u00eatre trouv\u00e9es dans la politique de confidentialit\u00e9.<\/p><p>Si vous souhaitez annuler la commande, vous devez en informer le vendeur.<\/p><p>Les informations sur les marchandises command\u00e9es, leur quantit\u00e9, leur prix et leur montant total seront envoy\u00e9es \u00e0 l'adresse e-mail indiqu\u00e9e lors de la saisie des coordonn\u00e9es de l'acheteur. L'acheteur re\u00e7oit \u00e9galement toutes les informations sur la livraison et les \u00e9ventuels frais \u00e0 l'adresse e-mail.<\/p><p>Un contrat d'achat est conclu lorsque PrideWood a confirm\u00e9 la commande du client. Cela se produit lorsque le client a re\u00e7u une confirmation de commande de PrideWood par email.<\/p>\n\t\t\t\t\t<\/div>\n\t\t\t\t\t\t<\/div>\n\t\t\t\t<\/div>\n\t\t\t\t<div class=\"elementor-element elementor-element-cf54e0e elementor-widget elementor-widget-heading\" data-id=\"cf54e0e\" data-element_type=\"widget\" data-widget_type=\"heading.default\">\n\t\t\t\t<div class=\"elementor-widget-container\">\n\t\t\t\t\t<h2 class=\"elementor-heading-title elementor-size-default\">Tarifs et paiement<\/h2>\t\t\t\t<\/div>\n\t\t\t\t<\/div>\n\t\t\t\t<div class=\"elementor-element elementor-element-9761998 elementor-widget elementor-widget-wd_text_block\" data-id=\"9761998\" data-element_type=\"widget\" data-widget_type=\"wd_text_block.default\">\n\t\t\t\t<div class=\"elementor-widget-container\">\n\t\t\t\t\t\t\t<div class=\"wd-text-block reset-last-child text-left\">\n\t\t\t\n\t\t\t<p>Tous les prix de vente publi\u00e9s dans la boutique en ligne repr\u00e9sentent des prix d\u00e9finitifs, qui incluent toutes les taxes (notamment la TVA).<\/p><p>Tous les prix de vente sont en francs suisses (CHF).<\/p><p>Pridewood se r\u00e9serve le droit de modifier les prix des produits et services propos\u00e9s \u00e0 tout moment. Le facteur d\u00e9cisif pour la conclusion du contrat d'achat est le prix indiqu\u00e9 dans la boutique en ligne au moment de la commande.<\/p><p>Le client peut r\u00e9gler son achat de la mani\u00e8re indiqu\u00e9e sur le site Internet. PrideWood est en droit de facturer au client le montant de la commande. PrideWood se r\u00e9serve \u00e9galement le droit de ne proposer \u00e0 aucun moment tous les modes de paiement ou de modifier le mode de paiement si le mode de paiement choisi par le client ne fonctionne pas. Ceci s'applique, quelle qu'en soit la raison, au moment de l'ex\u00e9cution de la commande.<\/p>\n\t\t\t\t\t<\/div>\n\t\t\t\t\t\t<\/div>\n\t\t\t\t<\/div>\n\t\t\t\t<div class=\"elementor-element elementor-element-eba7646 elementor-widget elementor-widget-heading\" data-id=\"eba7646\" data-element_type=\"widget\" data-widget_type=\"heading.default\">\n\t\t\t\t<div class=\"elementor-widget-container\">\n\t\t\t\t\t<h2 class=\"elementor-heading-title elementor-size-default\">Livraison<\/h2>\t\t\t\t<\/div>\n\t\t\t\t<\/div>\n\t\t\t\t<div class=\"elementor-element elementor-element-07cc838 elementor-widget elementor-widget-wd_text_block\" data-id=\"07cc838\" data-element_type=\"widget\" data-widget_type=\"wd_text_block.default\">\n\t\t\t\t<div class=\"elementor-widget-container\">\n\t\t\t\t\t\t\t<div class=\"wd-text-block reset-last-child text-left\">\n\t\t\t\n\t\t\t<p>Verk\u00e4ufer liefert innerhalb von der Schweiz.<\/p><p>Der Verk\u00e4ufer liefert innerhalb der Schweiz mit dem Postdienstleister DiePost.<\/p><p>Am Versandstag \u00fcbermittelt der Verk\u00e4ufer die Sendungsnummer, die den Versand der Ware best\u00e4tigt und die M\u00f6glichkeit bietet, die Bestellung elektronisch auf der Website des Spediteurs zu verfolgen.<\/p><p>Die Lieferzeit h\u00e4ngt vom dem Spediteur ab.<\/p><p>Der Verk\u00e4ufer stellt die mangelfreie Ware zur Lieferung bereit.<\/p><p>Falls der K\u00e4ufer eine mangelhafte Ware erh\u00e4lt, muss er den Online-Shop unverz\u00fcglich per E-Mail Pridewood.ch@gmail.com benachrichtigen.<\/p><p>In diesem Fall hat er das Recht, das Produkt umzutauschen, zur\u00fcckzugeben oder Preisminderung zu verlangen.<\/p><p>Der K\u00e4ufer muss die mangelhafte Ware an den Verk\u00e4ufer zur\u00fcckzusenden.<\/p><p>Die Transportkosten tr\u00e4gt in diesem Fall der Verk\u00e4ufer.<\/p>\n\t\t\t\t\t<\/div>\n\t\t\t\t\t\t<\/div>\n\t\t\t\t<\/div>\n\t\t\t\t<div class=\"elementor-element elementor-element-5153dad elementor-widget elementor-widget-heading\" data-id=\"5153dad\" data-element_type=\"widget\" data-widget_type=\"heading.default\">\n\t\t\t\t<div class=\"elementor-widget-container\">\n\t\t\t\t\t<h2 class=\"elementor-heading-title elementor-size-default\">Garantie de retour<\/h2>\t\t\t\t<\/div>\n\t\t\t\t<\/div>\n\t\t\t\t<div class=\"elementor-element elementor-element-186466e elementor-widget elementor-widget-wd_text_block\" data-id=\"186466e\" data-element_type=\"widget\" data-widget_type=\"wd_text_block.default\">\n\t\t\t\t<div class=\"elementor-widget-container\">\n\t\t\t\t\t\t\t<div class=\"wd-text-block reset-last-child text-left\">\n\t\t\t\n\t\t\t<p>Apr\u00e8s r\u00e9ception de la marchandise, le client a le droit de retourner la marchandise dans un d\u00e9lai de 14 jours.<\/p><p>Si le client utilise son droit de r\u00e9tractation, le client doit supporter les frais de retour et est \u00e9galement responsable de l'\u00e9tat du produit apr\u00e8s r\u00e9ception du produit par le client et pendant l'exp\u00e9dition de retour.<\/p><p>Le produit doit \u00eatre bien emball\u00e9, en bon \u00e9tat et dans son emballage d'origine<\/p><p>L'acheteur peut restituer la marchandise en informant le vendeur. Pour ce faire, vous devez \u00e9crire \u00e0 Pridewood.ch@gmail.com ou via le chat d'assistance sur le site et attendre la r\u00e9ponse.<\/p><p>En cas de retour, l'acheteur supporte les frais de transport.<\/p><p>Les remboursements seront effectu\u00e9s dans les 14 jours suivant la r\u00e9ception de la marchandise.<\/p>\n\t\t\t\t\t<\/div>\n\t\t\t\t\t\t<\/div>\n\t\t\t\t<\/div>\n\t\t\t\t<div class=\"elementor-element elementor-element-e2d1830 elementor-widget elementor-widget-heading\" data-id=\"e2d1830\" data-element_type=\"widget\" data-widget_type=\"heading.default\">\n\t\t\t\t<div class=\"elementor-widget-container\">\n\t\t\t\t\t<h2 class=\"elementor-heading-title elementor-size-default\">Signaler des menaces ou des violations<\/h2>\t\t\t\t<\/div>\n\t\t\t\t<\/div>\n\t\t\t\t<div class=\"elementor-element elementor-element-a3aba7b elementor-widget elementor-widget-wd_text_block\" data-id=\"a3aba7b\" data-element_type=\"widget\" data-widget_type=\"wd_text_block.default\">\n\t\t\t\t<div class=\"elementor-widget-container\">\n\t\t\t\t\t\t\t<div class=\"wd-text-block reset-last-child text-left\">\n\t\t\t\n\t\t\t<p>Si le client ou une autre personne physique ou morale estime que le contenu publi\u00e9 sur le site porte atteinte \u00e0 ses droits, ses biens personnels, ses sentiments, sa moralit\u00e9, sa conscience, les principes de concurrence loyale, son savoir-faire \/ viole votre secret prot\u00e9g\u00e9 par la loi ou prot\u00e9g\u00e9 par une obligation l\u00e9gale, il peut notifier au vendeur une \u00e9ventuelle violation de la loi.<\/p><p>Le vendeur, notifi\u00e9 de la violation, engagera alors imm\u00e9diatement des actions visant \u00e0 supprimer du site Internet de la boutique en ligne le contenu constituant la cause de la violation.<\/p>\n\t\t\t\t\t<\/div>\n\t\t\t\t\t\t<\/div>\n\t\t\t\t<\/div>\n\t\t\t\t<div class=\"elementor-element elementor-element-b150570 elementor-widget elementor-widget-heading\" data-id=\"b150570\" data-element_type=\"widget\" data-widget_type=\"heading.default\">\n\t\t\t\t<div class=\"elementor-widget-container\">\n\t\t\t\t\t<h2 class=\"elementor-heading-title elementor-size-default\">Abschlussbestimmungen<\/h2>\t\t\t\t<\/div>\n\t\t\t\t<\/div>\n\t\t\t\t<div class=\"elementor-element elementor-element-a6f180a elementor-widget elementor-widget-wd_text_block\" data-id=\"a6f180a\" data-element_type=\"widget\" data-widget_type=\"wd_text_block.default\">\n\t\t\t\t<div class=\"elementor-widget-container\">\n\t\t\t\t\t\t\t<div class=\"wd-text-block reset-last-child text-left\">\n\t\t\t\n\t\t\t<p>Les dispositions l\u00e9gales du Code des obligations suisse s'appliquent. En cas de litiges li\u00e9s au contrat d'achat conclu, les deux parties s'efforceront de r\u00e9soudre le probl\u00e8me \u00e0 l'amiable.<\/p><p>Nous souhaitons souligner l'existence de la plateforme Internet de la Commission europ\u00e9enne pour la r\u00e9solution des litiges en ligne (\u00ab plateforme OS \u00bb) en mati\u00e8re de consommation concernant les contrats en ligne. Vous pouvez trouver la plateforme OS sur http:\/\/ec.europa.eu\/consumers\/odr\/<\/p><p>Tous les litiges seront r\u00e9solus principalement en consultation avec le service client PrideWood.<\/p><p>Le vendeur se r\u00e9serve le droit de modifier ces termes et conditions \u00e0 tout moment. Toutes les commandes accept\u00e9es pour traitement par le Vendeur avant l'entr\u00e9e en vigueur des nouvelles conditions g\u00e9n\u00e9rales seront ex\u00e9cut\u00e9es sur la base des conditions g\u00e9n\u00e9rales en vigueur au jour de la passation de la commande par le Client.<\/p>\n\t\t\t\t\t<\/div>\n\t\t\t\t\t\t<\/div>\n\t\t\t\t<\/div>\n\t\t\t\t\t<\/div>\n\t\t\t\t<\/div>\n\t\t\t\t<\/div>\n\t\t","protected":false},"excerpt":{"rendered":"<p>I nostri termini e condizioni generali (GTC) si applicano a tutti gli ordini (online o per iscritto). Un ordine \u00e8<\/p>\n","protected":false},"author":1,"featured_media":0,"parent":0,"menu_order":0,"comment_status":"closed","ping_status":"closed","template":"","meta":{"footnotes":""},"class_list":["post-63","page","type-page","status-publish","hentry"],"yoast_head":"<!-- This site is optimized with the Yoast SEO plugin v27.1.1 - https:\/\/yoast.com\/product\/yoast-seo-wordpress\/ -->\n<title>Termini e condizioni generali | PrideWood<\/title>\n<meta name=\"robots\" content=\"index, follow, max-snippet:-1, max-image-preview:large, max-video-preview:-1\" \/>\n<link rel=\"canonical\" href=\"https:\/\/pridewood.ch\/it\/general-terms-and-conditions\/\" \/>\n<meta property=\"og:locale\" content=\"it_IT\" \/>\n<meta property=\"og:type\" content=\"article\" \/>\n<meta property=\"og:title\" content=\"Termini e condizioni generali | PrideWood\" \/>\n<meta property=\"og:description\" content=\"I nostri termini e condizioni generali (GTC) si applicano a tutti gli ordini (online o per iscritto). Un ordine \u00e8\" \/>\n<meta property=\"og:url\" content=\"https:\/\/pridewood.ch\/it\/general-terms-and-conditions\/\" \/>\n<meta property=\"og:site_name\" content=\"PrideWood\" \/>\n<meta property=\"article:modified_time\" content=\"2024-10-05T18:10:40+00:00\" \/>\n<meta name=\"twitter:card\" content=\"summary_large_image\" \/>\n<meta name=\"twitter:label1\" content=\"Tempo di lettura stimato\" \/>\n\t<meta name=\"twitter:data1\" content=\"19 minuti\" \/>\n<script type=\"application\/ld+json\" class=\"yoast-schema-graph\">{\"@context\":\"https:\/\/schema.org\",\"@graph\":[{\"@type\":\"WebPage\",\"@id\":\"https:\/\/pridewood.ch\/it\/general-terms-and-conditions\/\",\"url\":\"https:\/\/pridewood.ch\/it\/general-terms-and-conditions\/\",\"name\":\"Termini e condizioni generali | PrideWood\",\"isPartOf\":{\"@id\":\"https:\/\/pridewood.ch\/it\/#website\"},\"datePublished\":\"2024-09-06T10:53:18+00:00\",\"dateModified\":\"2024-10-05T18:10:40+00:00\",\"breadcrumb\":{\"@id\":\"https:\/\/pridewood.ch\/it\/general-terms-and-conditions\/#breadcrumb\"},\"inLanguage\":\"it-IT\",\"potentialAction\":[{\"@type\":\"ReadAction\",\"target\":[[\"https:\/\/pridewood.ch\/it\/general-terms-and-conditions\/\"]]}]},{\"@type\":\"BreadcrumbList\",\"@id\":\"https:\/\/pridewood.ch\/it\/general-terms-and-conditions\/#breadcrumb\",\"itemListElement\":[{\"@type\":\"ListItem\",\"position\":1,\"name\":\"Home\",\"item\":\"https:\/\/pridewood.ch\/it\/\"},{\"@type\":\"ListItem\",\"position\":2,\"name\":\"Allgemeine Gesch\u00e4ftsbedingungen\"}]},{\"@type\":\"WebSite\",\"@id\":\"https:\/\/pridewood.ch\/it\/#website\",\"url\":\"https:\/\/pridewood.ch\/it\/\",\"name\":\"PrideWood\",\"description\":\"\",\"potentialAction\":[{\"@type\":\"SearchAction\",\"target\":{\"@type\":\"EntryPoint\",\"urlTemplate\":\"https:\/\/pridewood.ch\/it\/?s={search_term_string}\"},\"query-input\":{\"@type\":\"PropertyValueSpecification\",\"valueRequired\":true,\"valueName\":\"search_term_string\"}}],\"inLanguage\":\"it-IT\"}]}<\/script>\n<!-- \/ Yoast SEO plugin. -->","yoast_head_json":{"title":"Termini e condizioni generali | PrideWood","robots":{"index":"index","follow":"follow","max-snippet":"max-snippet:-1","max-image-preview":"max-image-preview:large","max-video-preview":"max-video-preview:-1"},"canonical":"https:\/\/pridewood.ch\/it\/general-terms-and-conditions\/","og_locale":"it_IT","og_type":"article","og_title":"Termini e condizioni generali | PrideWood","og_description":"I nostri termini e condizioni generali (GTC) si applicano a tutti gli ordini (online o per iscritto). Un ordine \u00e8","og_url":"https:\/\/pridewood.ch\/it\/general-terms-and-conditions\/","og_site_name":"PrideWood","article_modified_time":"2024-10-05T18:10:40+00:00","twitter_card":"summary_large_image","twitter_misc":{"Tempo di lettura stimato":"19 minuti"},"schema":{"@context":"https:\/\/schema.org","@graph":[{"@type":"WebPage","@id":"https:\/\/pridewood.ch\/it\/general-terms-and-conditions\/","url":"https:\/\/pridewood.ch\/it\/general-terms-and-conditions\/","name":"Termini e condizioni generali | PrideWood","isPartOf":{"@id":"https:\/\/pridewood.ch\/it\/#website"},"datePublished":"2024-09-06T10:53:18+00:00","dateModified":"2024-10-05T18:10:40+00:00","breadcrumb":{"@id":"https:\/\/pridewood.ch\/it\/general-terms-and-conditions\/#breadcrumb"},"inLanguage":"it-IT","potentialAction":[{"@type":"ReadAction","target":[["https:\/\/pridewood.ch\/it\/general-terms-and-conditions\/"]]}]},{"@type":"BreadcrumbList","@id":"https:\/\/pridewood.ch\/it\/general-terms-and-conditions\/#breadcrumb","itemListElement":[{"@type":"ListItem","position":1,"name":"Home","item":"https:\/\/pridewood.ch\/it\/"},{"@type":"ListItem","position":2,"name":"Allgemeine Gesch\u00e4ftsbedingungen"}]},{"@type":"WebSite","@id":"https:\/\/pridewood.ch\/it\/#website","url":"https:\/\/pridewood.ch\/it\/","name":"PrideWood","description":"","potentialAction":[{"@type":"SearchAction","target":{"@type":"EntryPoint","urlTemplate":"https:\/\/pridewood.ch\/it\/?s={search_term_string}"},"query-input":{"@type":"PropertyValueSpecification","valueRequired":true,"valueName":"search_term_string"}}],"inLanguage":"it-IT"}]}},"_links":{"self":[{"href":"https:\/\/pridewood.ch\/it\/wp-json\/wp\/v2\/pages\/63","targetHints":{"allow":["GET"]}}],"collection":[{"href":"https:\/\/pridewood.ch\/it\/wp-json\/wp\/v2\/pages"}],"about":[{"href":"https:\/\/pridewood.ch\/it\/wp-json\/wp\/v2\/types\/page"}],"author":[{"embeddable":true,"href":"https:\/\/pridewood.ch\/it\/wp-json\/wp\/v2\/users\/1"}],"replies":[{"embeddable":true,"href":"https:\/\/pridewood.ch\/it\/wp-json\/wp\/v2\/comments?post=63"}],"version-history":[{"count":160,"href":"https:\/\/pridewood.ch\/it\/wp-json\/wp\/v2\/pages\/63\/revisions"}],"predecessor-version":[{"id":6233,"href":"https:\/\/pridewood.ch\/it\/wp-json\/wp\/v2\/pages\/63\/revisions\/6233"}],"wp:attachment":[{"href":"https:\/\/pridewood.ch\/it\/wp-json\/wp\/v2\/media?parent=63"}],"curies":[{"name":"wp","href":"https:\/\/api.w.org\/{rel}","templated":true}]}}