{"id":184,"date":"2024-09-06T18:34:07","date_gmt":"2024-09-06T15:34:07","guid":{"rendered":"https:\/\/pridewood.ch\/?post_type=product&#038;p=184"},"modified":"2026-03-14T11:45:58","modified_gmt":"2026-03-14T10:45:58","slug":"wooden-panel-multicolor-ocean","status":"publish","type":"product","link":"https:\/\/pridewood.ch\/fr\/product\/wooden-panel-multicolor-ocean\/","title":{"rendered":"Le panneau en bois MULTICOLOR \/ OCEAN"},"content":{"rendered":"\t\t<div data-elementor-type=\"wp-post\" data-elementor-id=\"184\" class=\"elementor elementor-184\">\n\t\t\t\t<div class=\"wd-negative-gap elementor-element elementor-element-8b58299 e-flex e-con-boxed e-con e-parent\" data-id=\"8b58299\" data-element_type=\"container\">\n\t\t\t\t\t<div class=\"e-con-inner\">\n\t\t<div class=\"elementor-element elementor-element-cda9ecb e-con-full e-flex e-con e-child\" data-id=\"cda9ecb\" data-element_type=\"container\">\n\t\t\t\t<div class=\"elementor-element elementor-element-0c8f18a color-scheme-inherit text-left elementor-widget elementor-widget-text-editor\" data-id=\"0c8f18a\" data-element_type=\"widget\" data-widget_type=\"text-editor.default\">\n\t\t\t\t<div class=\"elementor-widget-container\">\n\t\t\t\t\t\t\t\t\t<p>Verwandeln Sie Ihre kahle Wand in einen Weltatlas! Die Weltkarte aus Holz passt unter jede glatte und ebene Oberfl\u00e4che.<br \/>Bestellen Sie jetzt und verleihen Sie Ihrem Zimmer einen Hauch von Reisen.<\/p><p>W\u00e4hlen Sie die perfekte Gr\u00f6\u00dfe f\u00fcr Ihren Raum:<\/p><p>&#8211; M: 84 \u0445 58 cm<br \/>&#8211; L: 140 \u0445 96 cm<\/p><p>Hochwertiges Sperrholz mit 20 mm St\u00e4rke<\/p><p>Vorteile von Weltkarten aus Holz:<\/p><p>&#8211; Handgefertigt: Jede Karte wird mit Liebe und Liebe zum Detail erstellt.<br \/>&#8211; Umweltfreundlich: Karten werden aus nat\u00fcrlichem Sperrholz hergestellt.<br \/>&#8211; Vielseitig: Karten sind f\u00fcr jedes Interieur geeignet.<br \/>&#8211; Praktisch: Karten sind einfach zu installieren und zu warten.<br \/>&#8211; Einzigartig: Karten sind ein unvergessliches Geschenk f\u00fcr Ihre Lieben.<\/p><p>Bestellen Sie noch heute Ihre Weltkarte aus Holz und dekorieren Sie Ihr Zuhause mit einem stilvollen und funktionalen Dekor!<\/p>\t\t\t\t\t\t\t\t<\/div>\n\t\t\t\t<\/div>\n\t\t\t\t<\/div>\n\t\t<div class=\"elementor-element elementor-element-8dac74c e-con-full e-flex e-con e-child\" data-id=\"8dac74c\" data-element_type=\"container\">\n\t\t\t\t<div class=\"elementor-element elementor-element-ccd6b1d wd-width-100 elementor-widget elementor-widget-wd_title\" data-id=\"ccd6b1d\" data-element_type=\"widget\" data-widget_type=\"wd_title.default\">\n\t\t\t\t<div class=\"elementor-widget-container\">\n\t\t\t\t\t\t\t<div class=\"title-wrapper wd-set-mb reset-last-child wd-title-color-default wd-title-style-default wd-title-size-default text-center\">\n\n\t\t\t\t\t\t\t\t\t\t\t<div class=\"title-subtitle subtitle-color-default subtitle-style-background wd-fontsize-xs\">\n\t\t\t\t\tH\u00c4UFIG GESTELLTE FRAGEN\t\t\t\t<\/div>\n\t\t\t\n\t\t\t<div class=\"liner-continer\">\n\t\t\t\t<h4 class=\"woodmart-title-container title wd-fontsize-l\">Haben Sie eine Frage? Wir helfen Ihnen gern.<\/h4> \n\t\t\t\t\t\t\t<\/div>\n\n\t\t\t\t\t<\/div>\n\t\t\t\t\t\t<\/div>\n\t\t\t\t<\/div>\n\t\t\t\t<div class=\"elementor-element elementor-element-b75a337 elementor-widget elementor-widget-n-accordion\" data-id=\"b75a337\" data-element_type=\"widget\" data-settings=\"{&quot;default_state&quot;:&quot;all_collapsed&quot;,&quot;max_items_expended&quot;:&quot;one&quot;,&quot;n_accordion_animation_duration&quot;:{&quot;unit&quot;:&quot;ms&quot;,&quot;size&quot;:400,&quot;sizes&quot;:[]}}\" data-widget_type=\"nested-accordion.default\">\n\t\t\t\t<div class=\"elementor-widget-container\">\n\t\t\t\t\t\t\t<div class=\"e-n-accordion\" aria-label=\"Accordion. Open links with Enter or Space, close with Escape, and navigate with Arrow Keys\">\n\t\t\t\t\t\t<details id=\"e-n-accordion-item-1920\" class=\"e-n-accordion-item\" >\n\t\t\t\t<summary class=\"e-n-accordion-item-title\" data-accordion-index=\"1\" tabindex=\"0\" aria-expanded=\"false\" aria-controls=\"e-n-accordion-item-1920\" >\n\t\t\t\t\t<span class='e-n-accordion-item-title-header'><div class=\"e-n-accordion-item-title-text\"> Haftet die Karte auch an einer Wand, die nicht vollkommen glatt und eben ist (z. B. Rauputz oder Tapete)? <\/div><\/span>\n\t\t\t\t\t\t\t<span class='e-n-accordion-item-title-icon'>\n\t\t\t<span class='e-opened' ><svg aria-hidden=\"true\" class=\"e-font-icon-svg e-fas-chevron-up\" viewBox=\"0 0 448 512\" xmlns=\"http:\/\/www.w3.org\/2000\/svg\"><path d=\"M240.971 130.524l194.343 194.343c9.373 9.373 9.373 24.569 0 33.941l-22.667 22.667c-9.357 9.357-24.522 9.375-33.901.04L224 227.495 69.255 381.516c-9.379 9.335-24.544 9.317-33.901-.04l-22.667-22.667c-9.373-9.373-9.373-24.569 0-33.941L207.03 130.525c9.372-9.373 24.568-9.373 33.941-.001z\"><\/path><\/svg><\/span>\n\t\t\t<span class='e-closed'><svg aria-hidden=\"true\" class=\"e-font-icon-svg e-fas-chevron-down\" viewBox=\"0 0 448 512\" xmlns=\"http:\/\/www.w3.org\/2000\/svg\"><path d=\"M207.029 381.476L12.686 187.132c-9.373-9.373-9.373-24.569 0-33.941l22.667-22.667c9.357-9.357 24.522-9.375 33.901-.04L224 284.505l154.745-154.021c9.379-9.335 24.544-9.317 33.901.04l22.667 22.667c9.373 9.373 9.373 24.569 0 33.941L240.971 381.476c-9.373 9.372-24.569 9.372-33.942 0z\"><\/path><\/svg><\/span>\n\t\t<\/span>\n\n\t\t\t\t\t\t<\/summary>\n\t\t\t\t<div role=\"region\" aria-labelledby=\"e-n-accordion-item-1920\" class=\"elementor-element elementor-element-d78a4f0 e-con-full e-flex e-con e-child\" data-id=\"d78a4f0\" data-element_type=\"container\">\n\t\t\t\t<div class=\"elementor-element elementor-element-5f5bd0c color-scheme-inherit text-left elementor-widget elementor-widget-text-editor\" data-id=\"5f5bd0c\" data-element_type=\"widget\" data-widget_type=\"text-editor.default\">\n\t\t\t\t<div class=\"elementor-widget-container\">\n\t\t\t\t\t\t\t\t\t<p>Ja, das wird es. Es h\u00e4ngt jedoch von der Art und H\u00f6he der Wandoberfl\u00e4chenschicht ab. Je glatter, desto besser.<\/p>\t\t\t\t\t\t\t\t<\/div>\n\t\t\t\t<\/div>\n\t\t\t\t<\/div>\n\t\t\t\t\t<\/details>\n\t\t\t\t\t\t<details id=\"e-n-accordion-item-1921\" class=\"e-n-accordion-item\" >\n\t\t\t\t<summary class=\"e-n-accordion-item-title\" data-accordion-index=\"2\" tabindex=\"-1\" aria-expanded=\"false\" aria-controls=\"e-n-accordion-item-1921\" >\n\t\t\t\t\t<span class='e-n-accordion-item-title-header'><div class=\"e-n-accordion-item-title-text\"> Wie lange dauert eigentlich die Installation der Karte? <\/div><\/span>\n\t\t\t\t\t\t\t<span class='e-n-accordion-item-title-icon'>\n\t\t\t<span class='e-opened' ><svg aria-hidden=\"true\" class=\"e-font-icon-svg e-fas-chevron-up\" viewBox=\"0 0 448 512\" xmlns=\"http:\/\/www.w3.org\/2000\/svg\"><path d=\"M240.971 130.524l194.343 194.343c9.373 9.373 9.373 24.569 0 33.941l-22.667 22.667c-9.357 9.357-24.522 9.375-33.901.04L224 227.495 69.255 381.516c-9.379 9.335-24.544 9.317-33.901-.04l-22.667-22.667c-9.373-9.373-9.373-24.569 0-33.941L207.03 130.525c9.372-9.373 24.568-9.373 33.941-.001z\"><\/path><\/svg><\/span>\n\t\t\t<span class='e-closed'><svg aria-hidden=\"true\" class=\"e-font-icon-svg e-fas-chevron-down\" viewBox=\"0 0 448 512\" xmlns=\"http:\/\/www.w3.org\/2000\/svg\"><path d=\"M207.029 381.476L12.686 187.132c-9.373-9.373-9.373-24.569 0-33.941l22.667-22.667c9.357-9.357 24.522-9.375 33.901-.04L224 284.505l154.745-154.021c9.379-9.335 24.544-9.317 33.901.04l22.667 22.667c9.373 9.373 9.373 24.569 0 33.941L240.971 381.476c-9.373 9.372-24.569 9.372-33.942 0z\"><\/path><\/svg><\/span>\n\t\t<\/span>\n\n\t\t\t\t\t\t<\/summary>\n\t\t\t\t<div role=\"region\" aria-labelledby=\"e-n-accordion-item-1921\" class=\"elementor-element elementor-element-05830d4 e-con-full e-flex e-con e-child\" data-id=\"05830d4\" data-element_type=\"container\">\n\t\t\t\t<div class=\"elementor-element elementor-element-4a6643f color-scheme-inherit text-left elementor-widget elementor-widget-text-editor\" data-id=\"4a6643f\" data-element_type=\"widget\" data-widget_type=\"text-editor.default\">\n\t\t\t\t<div class=\"elementor-widget-container\">\n\t\t\t\t\t\t\t\t\t<p>Der Installationsvorgang dauert mehrere Stunden. Wenn Sie m\u00f6chten, ist es ein unterhaltsames Gruppenprojekt.<\/p>\t\t\t\t\t\t\t\t<\/div>\n\t\t\t\t<\/div>\n\t\t\t\t<\/div>\n\t\t\t\t\t<\/details>\n\t\t\t\t\t\t<details id=\"e-n-accordion-item-1922\" class=\"e-n-accordion-item\" >\n\t\t\t\t<summary class=\"e-n-accordion-item-title\" data-accordion-index=\"3\" tabindex=\"-1\" aria-expanded=\"false\" aria-controls=\"e-n-accordion-item-1922\" >\n\t\t\t\t\t<span class='e-n-accordion-item-title-header'><div class=\"e-n-accordion-item-title-text\"> Gibt es Tipps, die bei der Installation helfen? <\/div><\/span>\n\t\t\t\t\t\t\t<span class='e-n-accordion-item-title-icon'>\n\t\t\t<span class='e-opened' ><svg aria-hidden=\"true\" class=\"e-font-icon-svg e-fas-chevron-up\" viewBox=\"0 0 448 512\" xmlns=\"http:\/\/www.w3.org\/2000\/svg\"><path d=\"M240.971 130.524l194.343 194.343c9.373 9.373 9.373 24.569 0 33.941l-22.667 22.667c-9.357 9.357-24.522 9.375-33.901.04L224 227.495 69.255 381.516c-9.379 9.335-24.544 9.317-33.901-.04l-22.667-22.667c-9.373-9.373-9.373-24.569 0-33.941L207.03 130.525c9.372-9.373 24.568-9.373 33.941-.001z\"><\/path><\/svg><\/span>\n\t\t\t<span class='e-closed'><svg aria-hidden=\"true\" class=\"e-font-icon-svg e-fas-chevron-down\" viewBox=\"0 0 448 512\" xmlns=\"http:\/\/www.w3.org\/2000\/svg\"><path d=\"M207.029 381.476L12.686 187.132c-9.373-9.373-9.373-24.569 0-33.941l22.667-22.667c9.357-9.357 24.522-9.375 33.901-.04L224 284.505l154.745-154.021c9.379-9.335 24.544-9.317 33.901.04l22.667 22.667c9.373 9.373 9.373 24.569 0 33.941L240.971 381.476c-9.373 9.372-24.569 9.372-33.942 0z\"><\/path><\/svg><\/span>\n\t\t<\/span>\n\n\t\t\t\t\t\t<\/summary>\n\t\t\t\t<div role=\"region\" aria-labelledby=\"e-n-accordion-item-1922\" class=\"elementor-element elementor-element-adf6758 e-con-full e-flex e-con e-child\" data-id=\"adf6758\" data-element_type=\"container\">\n\t\t\t\t<div class=\"elementor-element elementor-element-60af476 color-scheme-inherit text-left elementor-widget elementor-widget-text-editor\" data-id=\"60af476\" data-element_type=\"widget\" data-widget_type=\"text-editor.default\">\n\t\t\t\t<div class=\"elementor-widget-container\">\n\t\t\t\t\t\t\t\t\t<p>Warten Sie 2-3 Stunden, nachdem Sie die Karte nach Hause gebracht haben, damit sie sich an die Temperatur in Ihrem Zuhause anpassen kann. Befolgen Sie nach dem \u00d6ffnen der Schachtel die beiliegenden Anweisungen und sehen Sie sich die Videoanleitungen an. Bitte beachten Sie, dass Sie zum Trennen der Inseln jedes St\u00fcck vorsichtig von oben nach unten dr\u00fccken m\u00fcssen, bis es herauskommt, um Absplitterungen zu vermeiden.<\/p>\t\t\t\t\t\t\t\t<\/div>\n\t\t\t\t<\/div>\n\t\t\t\t<\/div>\n\t\t\t\t\t<\/details>\n\t\t\t\t\t<\/div>\n\t\t\t\t\t\t<\/div>\n\t\t\t\t<\/div>\n\t\t\t\t<\/div>\n\t\t\t\t\t<\/div>\n\t\t\t\t<\/div>\n\t\t\t\t<\/div>\n\t\t","protected":false},"excerpt":{"rendered":"<p>Transformez votre mur nu en atlas mondial ! La carte du monde en bois s&rsquo;adapte sous n&rsquo;importe quelle surface lisse<\/p>\n","protected":false},"featured_media":195,"comment_status":"open","ping_status":"closed","template":"","meta":[],"product_brand":[],"product_cat":[294,21],"product_tag":[],"class_list":{"0":"post-184","1":"product","2":"type-product","3":"status-publish","4":"has-post-thumbnail","6":"product_cat-paintings","7":"product_cat-world-maps","9":"first","10":"instock","11":"purchasable","12":"product-type-variable","13":"has-default-attributes"},"yoast_head":"<!-- This site is optimized with the Yoast SEO plugin v27.1.1 - https:\/\/yoast.com\/product\/yoast-seo-wordpress\/ -->\n<title>Le panneau en bois MULTICOLOR \/ OCEAN Achetez en Suisse avec livraison gratuite | PrideWood<\/title>\n<meta name=\"description\" content=\"MULTICOLOR \/ OCEAN - Carte du monde 3D \u00e0 un prix abordable \ud83e\udd1d Fait main \ud83d\ude9a Livraison dans toute la Suisse \u279c WhatsApp \u260e\ufe0f +41 (76) 457 57 12 | PrideWood\" \/>\n<meta name=\"robots\" content=\"index, follow, max-snippet:-1, max-image-preview:large, max-video-preview:-1\" \/>\n<link rel=\"canonical\" href=\"https:\/\/pridewood.ch\/fr\/product\/wooden-panel-multicolor-ocean\/\" \/>\n<meta property=\"og:locale\" content=\"fr_FR\" \/>\n<meta property=\"og:type\" content=\"article\" \/>\n<meta property=\"og:title\" content=\"Le panneau en bois MULTICOLOR \/ OCEAN Achetez en Suisse avec livraison gratuite | PrideWood\" \/>\n<meta property=\"og:description\" content=\"MULTICOLOR \/ OCEAN - Carte du monde 3D \u00e0 un prix abordable \ud83e\udd1d Fait main \ud83d\ude9a Livraison dans toute la Suisse \u279c WhatsApp \u260e\ufe0f +41 (76) 457 57 12 | PrideWood\" \/>\n<meta property=\"og:url\" content=\"https:\/\/pridewood.ch\/fr\/product\/wooden-panel-multicolor-ocean\/\" \/>\n<meta property=\"og:site_name\" content=\"PrideWood\" \/>\n<meta property=\"article:modified_time\" content=\"2026-03-14T10:45:58+00:00\" \/>\n<meta property=\"og:image\" content=\"https:\/\/pridewood.ch\/wp-content\/uploads\/2024\/09\/65fc07d1b40b2-scaled.webp\" \/>\n\t<meta property=\"og:image:width\" content=\"2560\" \/>\n\t<meta property=\"og:image:height\" content=\"2560\" \/>\n\t<meta property=\"og:image:type\" content=\"image\/webp\" \/>\n<meta name=\"twitter:card\" content=\"summary_large_image\" \/>\n<meta name=\"twitter:label1\" content=\"Dur\u00e9e de lecture estim\u00e9e\" \/>\n\t<meta name=\"twitter:data1\" content=\"2 minutes\" \/>\n<script type=\"application\/ld+json\" class=\"yoast-schema-graph\">{\"@context\":\"https:\/\/schema.org\",\"@graph\":[{\"@type\":\"WebPage\",\"@id\":\"https:\/\/pridewood.ch\/fr\/product\/wooden-panel-multicolor-ocean\/\",\"url\":\"https:\/\/pridewood.ch\/fr\/product\/wooden-panel-multicolor-ocean\/\",\"name\":\"Le panneau en bois MULTICOLOR \/ OCEAN Achetez en Suisse avec livraison gratuite | PrideWood\",\"isPartOf\":{\"@id\":\"https:\/\/pridewood.ch\/fr\/#website\"},\"primaryImageOfPage\":{\"@id\":\"https:\/\/pridewood.ch\/fr\/product\/wooden-panel-multicolor-ocean\/#primaryimage\"},\"image\":{\"@id\":\"https:\/\/pridewood.ch\/product\/wooden-panel-multicolor-ocean\/#primaryimage\"},\"thumbnailUrl\":\"https:\/\/pridewood.ch\/wp-content\/uploads\/2024\/09\/65fc07d1b40b2-scaled.webp\",\"datePublished\":\"2024-09-06T15:34:07+00:00\",\"dateModified\":\"2026-03-14T10:45:58+00:00\",\"description\":\"MULTICOLOR \/ OCEAN - Carte du monde 3D \u00e0 un prix abordable \ud83e\udd1d Fait main \ud83d\ude9a Livraison dans toute la Suisse \u279c WhatsApp \u260e\ufe0f +41 (76) 457 57 12 | PrideWood\",\"breadcrumb\":{\"@id\":\"https:\/\/pridewood.ch\/fr\/product\/wooden-panel-multicolor-ocean\/#breadcrumb\"},\"inLanguage\":\"fr-FR\",\"potentialAction\":[{\"@type\":\"ReadAction\",\"target\":[[\"https:\/\/pridewood.ch\/fr\/product\/wooden-panel-multicolor-ocean\/\"]]}]},{\"@type\":\"ImageObject\",\"inLanguage\":\"fr-FR\",\"@id\":\"https:\/\/pridewood.ch\/fr\/product\/wooden-panel-multicolor-ocean\/#primaryimage\",\"url\":\"https:\/\/pridewood.ch\/wp-content\/uploads\/2024\/09\/65fc07d1b40b2-scaled.webp\",\"contentUrl\":\"https:\/\/pridewood.ch\/wp-content\/uploads\/2024\/09\/65fc07d1b40b2-scaled.webp\",\"width\":2560,\"height\":2560},{\"@type\":\"BreadcrumbList\",\"@id\":\"https:\/\/pridewood.ch\/fr\/product\/wooden-panel-multicolor-ocean\/#breadcrumb\",\"itemListElement\":[{\"@type\":\"ListItem\",\"position\":1,\"name\":\"Home\",\"item\":\"https:\/\/pridewood.ch\/fr\/\"},{\"@type\":\"ListItem\",\"position\":2,\"name\":\"Shop\",\"item\":\"https:\/\/pridewood.ch\/fr\/shop\/\"},{\"@type\":\"ListItem\",\"position\":3,\"name\":\"Wooden panel MULTICOLOR \/ OCEAN\"}]},{\"@type\":\"WebSite\",\"@id\":\"https:\/\/pridewood.ch\/fr\/#website\",\"url\":\"https:\/\/pridewood.ch\/fr\/\",\"name\":\"PrideWood\",\"description\":\"\",\"potentialAction\":[{\"@type\":\"SearchAction\",\"target\":{\"@type\":\"EntryPoint\",\"urlTemplate\":\"https:\/\/pridewood.ch\/fr\/?s={search_term_string}\"},\"query-input\":{\"@type\":\"PropertyValueSpecification\",\"valueRequired\":true,\"valueName\":\"search_term_string\"}}],\"inLanguage\":\"fr-FR\"}]}<\/script>\n<!-- \/ Yoast SEO plugin. -->","yoast_head_json":{"title":"Le panneau en bois MULTICOLOR \/ OCEAN Achetez en Suisse avec livraison gratuite | PrideWood","description":"MULTICOLOR \/ OCEAN - Carte du monde 3D \u00e0 un prix abordable \ud83e\udd1d Fait main \ud83d\ude9a Livraison dans toute la Suisse \u279c WhatsApp \u260e\ufe0f +41 (76) 457 57 12 | PrideWood","robots":{"index":"index","follow":"follow","max-snippet":"max-snippet:-1","max-image-preview":"max-image-preview:large","max-video-preview":"max-video-preview:-1"},"canonical":"https:\/\/pridewood.ch\/fr\/product\/wooden-panel-multicolor-ocean\/","og_locale":"fr_FR","og_type":"article","og_title":"Le panneau en bois MULTICOLOR \/ OCEAN Achetez en Suisse avec livraison gratuite | PrideWood","og_description":"MULTICOLOR \/ OCEAN - Carte du monde 3D \u00e0 un prix abordable \ud83e\udd1d Fait main \ud83d\ude9a Livraison dans toute la Suisse \u279c WhatsApp \u260e\ufe0f +41 (76) 457 57 12 | PrideWood","og_url":"https:\/\/pridewood.ch\/fr\/product\/wooden-panel-multicolor-ocean\/","og_site_name":"PrideWood","article_modified_time":"2026-03-14T10:45:58+00:00","og_image":[{"width":2560,"height":2560,"url":"https:\/\/pridewood.ch\/wp-content\/uploads\/2024\/09\/65fc07d1b40b2-scaled.webp","type":"image\/webp"}],"twitter_card":"summary_large_image","twitter_misc":{"Dur\u00e9e de lecture estim\u00e9e":"2 minutes"},"schema":{"@context":"https:\/\/schema.org","@graph":[{"@type":"WebPage","@id":"https:\/\/pridewood.ch\/fr\/product\/wooden-panel-multicolor-ocean\/","url":"https:\/\/pridewood.ch\/fr\/product\/wooden-panel-multicolor-ocean\/","name":"Le panneau en bois MULTICOLOR \/ OCEAN Achetez en Suisse avec livraison gratuite | PrideWood","isPartOf":{"@id":"https:\/\/pridewood.ch\/fr\/#website"},"primaryImageOfPage":{"@id":"https:\/\/pridewood.ch\/fr\/product\/wooden-panel-multicolor-ocean\/#primaryimage"},"image":{"@id":"https:\/\/pridewood.ch\/product\/wooden-panel-multicolor-ocean\/#primaryimage"},"thumbnailUrl":"https:\/\/pridewood.ch\/wp-content\/uploads\/2024\/09\/65fc07d1b40b2-scaled.webp","datePublished":"2024-09-06T15:34:07+00:00","dateModified":"2026-03-14T10:45:58+00:00","description":"MULTICOLOR \/ OCEAN - Carte du monde 3D \u00e0 un prix abordable \ud83e\udd1d Fait main \ud83d\ude9a Livraison dans toute la Suisse \u279c WhatsApp \u260e\ufe0f +41 (76) 457 57 12 | PrideWood","breadcrumb":{"@id":"https:\/\/pridewood.ch\/fr\/product\/wooden-panel-multicolor-ocean\/#breadcrumb"},"inLanguage":"fr-FR","potentialAction":[{"@type":"ReadAction","target":[["https:\/\/pridewood.ch\/fr\/product\/wooden-panel-multicolor-ocean\/"]]}]},{"@type":"ImageObject","inLanguage":"fr-FR","@id":"https:\/\/pridewood.ch\/fr\/product\/wooden-panel-multicolor-ocean\/#primaryimage","url":"https:\/\/pridewood.ch\/wp-content\/uploads\/2024\/09\/65fc07d1b40b2-scaled.webp","contentUrl":"https:\/\/pridewood.ch\/wp-content\/uploads\/2024\/09\/65fc07d1b40b2-scaled.webp","width":2560,"height":2560},{"@type":"BreadcrumbList","@id":"https:\/\/pridewood.ch\/fr\/product\/wooden-panel-multicolor-ocean\/#breadcrumb","itemListElement":[{"@type":"ListItem","position":1,"name":"Home","item":"https:\/\/pridewood.ch\/fr\/"},{"@type":"ListItem","position":2,"name":"Shop","item":"https:\/\/pridewood.ch\/fr\/shop\/"},{"@type":"ListItem","position":3,"name":"Wooden panel MULTICOLOR \/ OCEAN"}]},{"@type":"WebSite","@id":"https:\/\/pridewood.ch\/fr\/#website","url":"https:\/\/pridewood.ch\/fr\/","name":"PrideWood","description":"","potentialAction":[{"@type":"SearchAction","target":{"@type":"EntryPoint","urlTemplate":"https:\/\/pridewood.ch\/fr\/?s={search_term_string}"},"query-input":{"@type":"PropertyValueSpecification","valueRequired":true,"valueName":"search_term_string"}}],"inLanguage":"fr-FR"}]}},"_links":{"self":[{"href":"https:\/\/pridewood.ch\/fr\/wp-json\/wp\/v2\/product\/184","targetHints":{"allow":["GET"]}}],"collection":[{"href":"https:\/\/pridewood.ch\/fr\/wp-json\/wp\/v2\/product"}],"about":[{"href":"https:\/\/pridewood.ch\/fr\/wp-json\/wp\/v2\/types\/product"}],"replies":[{"embeddable":true,"href":"https:\/\/pridewood.ch\/fr\/wp-json\/wp\/v2\/comments?post=184"}],"version-history":[{"count":16,"href":"https:\/\/pridewood.ch\/fr\/wp-json\/wp\/v2\/product\/184\/revisions"}],"predecessor-version":[{"id":6896,"href":"https:\/\/pridewood.ch\/fr\/wp-json\/wp\/v2\/product\/184\/revisions\/6896"}],"wp:featuredmedia":[{"embeddable":true,"href":"https:\/\/pridewood.ch\/fr\/wp-json\/wp\/v2\/media\/195"}],"wp:attachment":[{"href":"https:\/\/pridewood.ch\/fr\/wp-json\/wp\/v2\/media?parent=184"}],"wp:term":[{"taxonomy":"product_brand","embeddable":true,"href":"https:\/\/pridewood.ch\/fr\/wp-json\/wp\/v2\/product_brand?post=184"},{"taxonomy":"product_cat","embeddable":true,"href":"https:\/\/pridewood.ch\/fr\/wp-json\/wp\/v2\/product_cat?post=184"},{"taxonomy":"product_tag","embeddable":true,"href":"https:\/\/pridewood.ch\/fr\/wp-json\/wp\/v2\/product_tag?post=184"}],"curies":[{"name":"wp","href":"https:\/\/api.w.org\/{rel}","templated":true}]}}