{"id":150,"date":"2024-09-06T16:12:40","date_gmt":"2024-09-06T13:12:40","guid":{"rendered":"https:\/\/pridewood.ch\/?post_type=product&#038;p=150"},"modified":"2025-10-24T15:55:36","modified_gmt":"2025-10-24T13:55:36","slug":"wooden-calculator-with-solar","status":"publish","type":"product","link":"https:\/\/pridewood.ch\/fr\/product\/wooden-calculator-with-solar\/","title":{"rendered":"Calculatrice en bois avec solaire"},"content":{"rendered":"<p>Fatigu\u00e9 des chiffres froids \u00e0 l&rsquo;\u00e9cran ? Plongez dans la chaleur de la nature avec la calculatrice en bambou PrideWood !<br \/>\nNous vous pr\u00e9sentons une calculatrice qui deviendra non seulement votre fid\u00e8le assistant dans les calculs, mais d\u00e9corera \u00e9galement votre bureau.<\/p>\n<p>La calculatrice de bureau PrideWood Bamboo \u00e0 12 chiffres est plus qu&rsquo;un simple outil de calcul, c&rsquo;est une \u0153uvre d&rsquo;art !<\/p>\n<p>Son corps est fait de bambou carbonis\u00e9 de haute qualit\u00e9, qui pr\u00e9sente non seulement une esth\u00e9tique unique, mais aussi une durabilit\u00e9 exceptionnelle.<\/p>\n<p>29 grandes touches permettent une pression confortable et rapide, et le panneau solaire en tant que source d&rsquo;alimentation suppl\u00e9mentaire vous permet d&rsquo;utiliser la calculatrice m\u00eame lorsque vous \u00eates loin d&rsquo;une prise de courant.<\/p>\n<p>Le syst\u00e8me d&rsquo;alimentation intelligent \u00e9teindra automatiquement la calculatrice apr\u00e8s 6 minutes d&rsquo;inactivit\u00e9, \u00e9conomisant ainsi l&rsquo;\u00e9nergie de la batterie.<\/p>\n<p>Fonctionnalit\u00e9 de la calculatrice PrideWood :<br \/>\n1. Addition simple, soustraction, multiplication, division<br \/>\n2. Calcul des int\u00e9r\u00eats<br \/>\n3. Extraire la racine carr\u00e9e<br \/>\n4. V\u00e9rification en arri\u00e8re ou en avant<br \/>\n5. Calcul de 99 \u00e9tapes<\/p>\n<p>Avec le calculateur PrideWood, vous pouvez :<br \/>\n&#8211; R\u00e9solvez facilement et rapidement tous les probl\u00e8mes math\u00e9matiques<br \/>\n&#8211; Travaillez confortablement \u00e0 la maison ou au bureau<br \/>\n&#8211; Ajoutez une touche de beaut\u00e9 naturelle \u00e0 votre bureau<\/p>\n<p>Offrez-vous, ainsi qu&rsquo;\u00e0 vos proches, un morceau de nature avec la calculatrice en bambou PrideWood !<\/p>","protected":false},"excerpt":{"rendered":"<p>Fatigu\u00e9 des chiffres froids \u00e0 l&rsquo;\u00e9cran ? Plongez dans la chaleur de la nature avec la calculatrice en bambou PrideWood<\/p>\n","protected":false},"featured_media":6911,"comment_status":"open","ping_status":"closed","template":"","meta":[],"product_brand":[],"product_cat":[288],"product_tag":[],"class_list":{"0":"post-150","1":"product","2":"type-product","3":"status-publish","4":"has-post-thumbnail","6":"product_cat-gadgets","7":"product_shipping_class-gadgets","9":"first","10":"instock","11":"sale","12":"purchasable","13":"product-type-simple"},"yoast_head":"<!-- This site is optimized with the Yoast SEO plugin v27.1.1 - https:\/\/yoast.com\/product\/yoast-seo-wordpress\/ -->\n<title>Calculatrice en bois avec solaire Acheter | PrideWood<\/title>\n<meta name=\"description\" content=\"Calculatrice de bureau \u00e0 12 chiffres PrideWood \u2714\ufe0f Excellent ajout \u00e0 votre bureau \u2b50 Fabriqu\u00e9e en bambou \ud83d\ude9a Livraison dans toute la Suisse \u279c WhatsApp \u260e +41 (76) 457 57 13 | PrideWood\" \/>\n<meta name=\"robots\" content=\"index, follow, max-snippet:-1, max-image-preview:large, max-video-preview:-1\" \/>\n<link rel=\"canonical\" href=\"https:\/\/pridewood.ch\/fr\/product\/wooden-calculator-with-solar\/\" \/>\n<meta property=\"og:locale\" content=\"fr_FR\" \/>\n<meta property=\"og:type\" content=\"article\" \/>\n<meta property=\"og:title\" content=\"Calculatrice en bois avec solaire Acheter | PrideWood\" \/>\n<meta property=\"og:description\" content=\"Calculatrice de bureau \u00e0 12 chiffres PrideWood \u2714\ufe0f Excellent ajout \u00e0 votre bureau \u2b50 Fabriqu\u00e9e en bambou \ud83d\ude9a Livraison dans toute la Suisse \u279c WhatsApp \u260e +41 (76) 457 57 13 | PrideWood\" \/>\n<meta property=\"og:url\" content=\"https:\/\/pridewood.ch\/fr\/product\/wooden-calculator-with-solar\/\" \/>\n<meta property=\"og:site_name\" content=\"PrideWood\" \/>\n<meta property=\"article:modified_time\" content=\"2025-10-24T13:55:36+00:00\" \/>\n<meta property=\"og:image\" content=\"https:\/\/pridewood.ch\/wp-content\/uploads\/2024\/09\/dizajn-bez-nazvaniya.webp\" \/>\n\t<meta property=\"og:image:width\" content=\"700\" \/>\n\t<meta property=\"og:image:height\" content=\"700\" \/>\n\t<meta property=\"og:image:type\" content=\"image\/webp\" \/>\n<meta name=\"twitter:card\" content=\"summary_large_image\" \/>\n<meta name=\"twitter:label1\" content=\"Dur\u00e9e de lecture estim\u00e9e\" \/>\n\t<meta name=\"twitter:data1\" content=\"2 minutes\" \/>\n<script type=\"application\/ld+json\" class=\"yoast-schema-graph\">{\"@context\":\"https:\/\/schema.org\",\"@graph\":[{\"@type\":\"WebPage\",\"@id\":\"https:\/\/pridewood.ch\/fr\/product\/wooden-calculator-with-solar\/\",\"url\":\"https:\/\/pridewood.ch\/fr\/product\/wooden-calculator-with-solar\/\",\"name\":\"Calculatrice en bois avec solaire Acheter | PrideWood\",\"isPartOf\":{\"@id\":\"https:\/\/pridewood.ch\/fr\/#website\"},\"primaryImageOfPage\":{\"@id\":\"https:\/\/pridewood.ch\/fr\/product\/wooden-calculator-with-solar\/#primaryimage\"},\"image\":{\"@id\":\"https:\/\/pridewood.ch\/product\/wooden-calculator-with-solar\/#primaryimage\"},\"thumbnailUrl\":\"https:\/\/pridewood.ch\/wp-content\/uploads\/2024\/09\/dizajn-bez-nazvaniya.webp\",\"datePublished\":\"2024-09-06T13:12:40+00:00\",\"dateModified\":\"2025-10-24T13:55:36+00:00\",\"description\":\"Calculatrice de bureau \u00e0 12 chiffres PrideWood \u2714\ufe0f Excellent ajout \u00e0 votre bureau \u2b50 Fabriqu\u00e9e en bambou \ud83d\ude9a Livraison dans toute la Suisse \u279c WhatsApp \u260e +41 (76) 457 57 13 | PrideWood\",\"breadcrumb\":{\"@id\":\"https:\/\/pridewood.ch\/fr\/product\/wooden-calculator-with-solar\/#breadcrumb\"},\"inLanguage\":\"fr-FR\",\"potentialAction\":[{\"@type\":\"ReadAction\",\"target\":[[\"https:\/\/pridewood.ch\/fr\/product\/wooden-calculator-with-solar\/\"]]}]},{\"@type\":\"ImageObject\",\"inLanguage\":\"fr-FR\",\"@id\":\"https:\/\/pridewood.ch\/fr\/product\/wooden-calculator-with-solar\/#primaryimage\",\"url\":\"https:\/\/pridewood.ch\/wp-content\/uploads\/2024\/09\/dizajn-bez-nazvaniya.webp\",\"contentUrl\":\"https:\/\/pridewood.ch\/wp-content\/uploads\/2024\/09\/dizajn-bez-nazvaniya.webp\",\"width\":700,\"height\":700},{\"@type\":\"BreadcrumbList\",\"@id\":\"https:\/\/pridewood.ch\/fr\/product\/wooden-calculator-with-solar\/#breadcrumb\",\"itemListElement\":[{\"@type\":\"ListItem\",\"position\":1,\"name\":\"Home\",\"item\":\"https:\/\/pridewood.ch\/fr\/\"},{\"@type\":\"ListItem\",\"position\":2,\"name\":\"Shop\",\"item\":\"https:\/\/pridewood.ch\/fr\/shop\/\"},{\"@type\":\"ListItem\",\"position\":3,\"name\":\"Wooden calculator with solar\"}]},{\"@type\":\"WebSite\",\"@id\":\"https:\/\/pridewood.ch\/fr\/#website\",\"url\":\"https:\/\/pridewood.ch\/fr\/\",\"name\":\"PrideWood\",\"description\":\"\",\"potentialAction\":[{\"@type\":\"SearchAction\",\"target\":{\"@type\":\"EntryPoint\",\"urlTemplate\":\"https:\/\/pridewood.ch\/fr\/?s={search_term_string}\"},\"query-input\":{\"@type\":\"PropertyValueSpecification\",\"valueRequired\":true,\"valueName\":\"search_term_string\"}}],\"inLanguage\":\"fr-FR\"}]}<\/script>\n<!-- \/ Yoast SEO plugin. -->","yoast_head_json":{"title":"Calculatrice en bois avec solaire Acheter | PrideWood","description":"Calculatrice de bureau \u00e0 12 chiffres PrideWood \u2714\ufe0f Excellent ajout \u00e0 votre bureau \u2b50 Fabriqu\u00e9e en bambou \ud83d\ude9a Livraison dans toute la Suisse \u279c WhatsApp \u260e +41 (76) 457 57 13 | PrideWood","robots":{"index":"index","follow":"follow","max-snippet":"max-snippet:-1","max-image-preview":"max-image-preview:large","max-video-preview":"max-video-preview:-1"},"canonical":"https:\/\/pridewood.ch\/fr\/product\/wooden-calculator-with-solar\/","og_locale":"fr_FR","og_type":"article","og_title":"Calculatrice en bois avec solaire Acheter | PrideWood","og_description":"Calculatrice de bureau \u00e0 12 chiffres PrideWood \u2714\ufe0f Excellent ajout \u00e0 votre bureau \u2b50 Fabriqu\u00e9e en bambou \ud83d\ude9a Livraison dans toute la Suisse \u279c WhatsApp \u260e +41 (76) 457 57 13 | PrideWood","og_url":"https:\/\/pridewood.ch\/fr\/product\/wooden-calculator-with-solar\/","og_site_name":"PrideWood","article_modified_time":"2025-10-24T13:55:36+00:00","og_image":[{"width":700,"height":700,"url":"https:\/\/pridewood.ch\/wp-content\/uploads\/2024\/09\/dizajn-bez-nazvaniya.webp","type":"image\/webp"}],"twitter_card":"summary_large_image","twitter_misc":{"Dur\u00e9e de lecture estim\u00e9e":"2 minutes"},"schema":{"@context":"https:\/\/schema.org","@graph":[{"@type":"WebPage","@id":"https:\/\/pridewood.ch\/fr\/product\/wooden-calculator-with-solar\/","url":"https:\/\/pridewood.ch\/fr\/product\/wooden-calculator-with-solar\/","name":"Calculatrice en bois avec solaire Acheter | PrideWood","isPartOf":{"@id":"https:\/\/pridewood.ch\/fr\/#website"},"primaryImageOfPage":{"@id":"https:\/\/pridewood.ch\/fr\/product\/wooden-calculator-with-solar\/#primaryimage"},"image":{"@id":"https:\/\/pridewood.ch\/product\/wooden-calculator-with-solar\/#primaryimage"},"thumbnailUrl":"https:\/\/pridewood.ch\/wp-content\/uploads\/2024\/09\/dizajn-bez-nazvaniya.webp","datePublished":"2024-09-06T13:12:40+00:00","dateModified":"2025-10-24T13:55:36+00:00","description":"Calculatrice de bureau \u00e0 12 chiffres PrideWood \u2714\ufe0f Excellent ajout \u00e0 votre bureau \u2b50 Fabriqu\u00e9e en bambou \ud83d\ude9a Livraison dans toute la Suisse \u279c WhatsApp \u260e +41 (76) 457 57 13 | PrideWood","breadcrumb":{"@id":"https:\/\/pridewood.ch\/fr\/product\/wooden-calculator-with-solar\/#breadcrumb"},"inLanguage":"fr-FR","potentialAction":[{"@type":"ReadAction","target":[["https:\/\/pridewood.ch\/fr\/product\/wooden-calculator-with-solar\/"]]}]},{"@type":"ImageObject","inLanguage":"fr-FR","@id":"https:\/\/pridewood.ch\/fr\/product\/wooden-calculator-with-solar\/#primaryimage","url":"https:\/\/pridewood.ch\/wp-content\/uploads\/2024\/09\/dizajn-bez-nazvaniya.webp","contentUrl":"https:\/\/pridewood.ch\/wp-content\/uploads\/2024\/09\/dizajn-bez-nazvaniya.webp","width":700,"height":700},{"@type":"BreadcrumbList","@id":"https:\/\/pridewood.ch\/fr\/product\/wooden-calculator-with-solar\/#breadcrumb","itemListElement":[{"@type":"ListItem","position":1,"name":"Home","item":"https:\/\/pridewood.ch\/fr\/"},{"@type":"ListItem","position":2,"name":"Shop","item":"https:\/\/pridewood.ch\/fr\/shop\/"},{"@type":"ListItem","position":3,"name":"Wooden calculator with solar"}]},{"@type":"WebSite","@id":"https:\/\/pridewood.ch\/fr\/#website","url":"https:\/\/pridewood.ch\/fr\/","name":"PrideWood","description":"","potentialAction":[{"@type":"SearchAction","target":{"@type":"EntryPoint","urlTemplate":"https:\/\/pridewood.ch\/fr\/?s={search_term_string}"},"query-input":{"@type":"PropertyValueSpecification","valueRequired":true,"valueName":"search_term_string"}}],"inLanguage":"fr-FR"}]}},"_links":{"self":[{"href":"https:\/\/pridewood.ch\/fr\/wp-json\/wp\/v2\/product\/150","targetHints":{"allow":["GET"]}}],"collection":[{"href":"https:\/\/pridewood.ch\/fr\/wp-json\/wp\/v2\/product"}],"about":[{"href":"https:\/\/pridewood.ch\/fr\/wp-json\/wp\/v2\/types\/product"}],"replies":[{"embeddable":true,"href":"https:\/\/pridewood.ch\/fr\/wp-json\/wp\/v2\/comments?post=150"}],"version-history":[{"count":7,"href":"https:\/\/pridewood.ch\/fr\/wp-json\/wp\/v2\/product\/150\/revisions"}],"predecessor-version":[{"id":6796,"href":"https:\/\/pridewood.ch\/fr\/wp-json\/wp\/v2\/product\/150\/revisions\/6796"}],"wp:featuredmedia":[{"embeddable":true,"href":"https:\/\/pridewood.ch\/fr\/wp-json\/wp\/v2\/media\/6911"}],"wp:attachment":[{"href":"https:\/\/pridewood.ch\/fr\/wp-json\/wp\/v2\/media?parent=150"}],"wp:term":[{"taxonomy":"product_brand","embeddable":true,"href":"https:\/\/pridewood.ch\/fr\/wp-json\/wp\/v2\/product_brand?post=150"},{"taxonomy":"product_cat","embeddable":true,"href":"https:\/\/pridewood.ch\/fr\/wp-json\/wp\/v2\/product_cat?post=150"},{"taxonomy":"product_tag","embeddable":true,"href":"https:\/\/pridewood.ch\/fr\/wp-json\/wp\/v2\/product_tag?post=150"}],"curies":[{"name":"wp","href":"https:\/\/api.w.org\/{rel}","templated":true}]}}