{"id":1410,"date":"2024-09-08T12:53:15","date_gmt":"2024-09-08T09:53:15","guid":{"rendered":"https:\/\/pridewood.ch\/?post_type=product&#038;p=1410"},"modified":"2025-10-24T15:35:26","modified_gmt":"2025-10-24T13:35:26","slug":"flags-for-marking-countries","status":"publish","type":"product","link":"https:\/\/pridewood.ch\/fr\/product\/flags-for-marking-countries\/","title":{"rendered":"Drapeaux pour marquer les pays"},"content":{"rendered":"<p>Des drapeaux pour marquer les pays que vous avez visit\u00e9s ou que vous r\u00eavez de visiter.<br \/>\nPlacez des drapeaux dans les petits trous de votre carte et mettez ces endroits sp\u00e9ciaux en surbrillance.<\/p>\n<p>V\u00e9rifiez les pays que vous avez d\u00e9j\u00e0 visit\u00e9s.<br \/>\n\u00c9tudiez les pays et leurs drapeaux avec vos enfants, passez du temps ensemble de mani\u00e8re inoubliable et b\u00e9n\u00e9fique.<\/p>\n<p>Mat\u00e9riel &#8211; m\u00e9tal.<\/p>\n<p>Il y a 287 drapeaux dans le l\u2019emballage.<\/p>","protected":false},"excerpt":{"rendered":"<p>Des drapeaux pour marquer les pays que vous avez visit\u00e9s ou que vous r\u00eavez de visiter. Placez des drapeaux dans<\/p>\n","protected":false},"featured_media":939,"comment_status":"open","ping_status":"closed","template":"","meta":[],"product_brand":[],"product_cat":[292],"product_tag":[],"class_list":{"0":"post-1410","1":"product","2":"type-product","3":"status-publish","4":"has-post-thumbnail","6":"product_cat-gifts-and-additions","7":"product_shipping_class-accessories","9":"first","10":"instock","11":"purchasable","12":"product-type-simple"},"yoast_head":"<!-- This site is optimized with the Yoast SEO plugin v27.1.1 - https:\/\/yoast.com\/product\/yoast-seo-wordpress\/ -->\n<title>Drapeaux pour marquer les pays Acheter | PrideWood<\/title>\n<meta name=\"description\" content=\"Punaises drapeaux \u2714\ufe0f Le meilleur cadeau pour les voyageurs \u2708\ufe0f En m\u00e9tal \u2b50 Livraison dans toute la Suisse \u279c WhatsApp \u260e +41 (76) 457 57 13 | PrideWood\" \/>\n<meta name=\"robots\" content=\"index, follow, max-snippet:-1, max-image-preview:large, max-video-preview:-1\" \/>\n<link rel=\"canonical\" href=\"https:\/\/pridewood.ch\/fr\/product\/flags-for-marking-countries\/\" \/>\n<meta property=\"og:locale\" content=\"fr_FR\" \/>\n<meta property=\"og:type\" content=\"article\" \/>\n<meta property=\"og:title\" content=\"Drapeaux pour marquer les pays Acheter | PrideWood\" \/>\n<meta property=\"og:description\" content=\"Punaises drapeaux \u2714\ufe0f Le meilleur cadeau pour les voyageurs \u2708\ufe0f En m\u00e9tal \u2b50 Livraison dans toute la Suisse \u279c WhatsApp \u260e +41 (76) 457 57 13 | PrideWood\" \/>\n<meta property=\"og:url\" content=\"https:\/\/pridewood.ch\/fr\/product\/flags-for-marking-countries\/\" \/>\n<meta property=\"og:site_name\" content=\"PrideWood\" \/>\n<meta property=\"article:modified_time\" content=\"2025-10-24T13:35:26+00:00\" \/>\n<meta property=\"og:image\" content=\"https:\/\/pridewood.ch\/wp-content\/uploads\/2024\/09\/660c12f3ace07.webp\" \/>\n\t<meta property=\"og:image:width\" content=\"1000\" \/>\n\t<meta property=\"og:image:height\" content=\"1000\" \/>\n\t<meta property=\"og:image:type\" content=\"image\/webp\" \/>\n<meta name=\"twitter:card\" content=\"summary_large_image\" \/>\n<meta name=\"twitter:label1\" content=\"Dur\u00e9e de lecture estim\u00e9e\" \/>\n\t<meta name=\"twitter:data1\" content=\"1 minute\" \/>\n<script type=\"application\/ld+json\" class=\"yoast-schema-graph\">{\"@context\":\"https:\/\/schema.org\",\"@graph\":[{\"@type\":\"WebPage\",\"@id\":\"https:\/\/pridewood.ch\/fr\/product\/flags-for-marking-countries\/\",\"url\":\"https:\/\/pridewood.ch\/fr\/product\/flags-for-marking-countries\/\",\"name\":\"Drapeaux pour marquer les pays Acheter | PrideWood\",\"isPartOf\":{\"@id\":\"https:\/\/pridewood.ch\/fr\/#website\"},\"primaryImageOfPage\":{\"@id\":\"https:\/\/pridewood.ch\/fr\/product\/flags-for-marking-countries\/#primaryimage\"},\"image\":{\"@id\":\"https:\/\/pridewood.ch\/product\/flags-for-marking-countries\/#primaryimage\"},\"thumbnailUrl\":\"https:\/\/pridewood.ch\/wp-content\/uploads\/2024\/09\/660c12f3ace07.webp\",\"datePublished\":\"2024-09-08T09:53:15+00:00\",\"dateModified\":\"2025-10-24T13:35:26+00:00\",\"description\":\"Punaises drapeaux \u2714\ufe0f Le meilleur cadeau pour les voyageurs \u2708\ufe0f En m\u00e9tal \u2b50 Livraison dans toute la Suisse \u279c WhatsApp \u260e +41 (76) 457 57 13 | PrideWood\",\"breadcrumb\":{\"@id\":\"https:\/\/pridewood.ch\/fr\/product\/flags-for-marking-countries\/#breadcrumb\"},\"inLanguage\":\"fr-FR\",\"potentialAction\":[{\"@type\":\"ReadAction\",\"target\":[[\"https:\/\/pridewood.ch\/fr\/product\/flags-for-marking-countries\/\"]]}]},{\"@type\":\"ImageObject\",\"inLanguage\":\"fr-FR\",\"@id\":\"https:\/\/pridewood.ch\/fr\/product\/flags-for-marking-countries\/#primaryimage\",\"url\":\"https:\/\/pridewood.ch\/wp-content\/uploads\/2024\/09\/660c12f3ace07.webp\",\"contentUrl\":\"https:\/\/pridewood.ch\/wp-content\/uploads\/2024\/09\/660c12f3ace07.webp\",\"width\":1000,\"height\":1000},{\"@type\":\"BreadcrumbList\",\"@id\":\"https:\/\/pridewood.ch\/fr\/product\/flags-for-marking-countries\/#breadcrumb\",\"itemListElement\":[{\"@type\":\"ListItem\",\"position\":1,\"name\":\"Home\",\"item\":\"https:\/\/pridewood.ch\/fr\/\"},{\"@type\":\"ListItem\",\"position\":2,\"name\":\"Shop\",\"item\":\"https:\/\/pridewood.ch\/fr\/shop\/\"},{\"@type\":\"ListItem\",\"position\":3,\"name\":\"Flags for marking countries\"}]},{\"@type\":\"WebSite\",\"@id\":\"https:\/\/pridewood.ch\/fr\/#website\",\"url\":\"https:\/\/pridewood.ch\/fr\/\",\"name\":\"PrideWood\",\"description\":\"\",\"potentialAction\":[{\"@type\":\"SearchAction\",\"target\":{\"@type\":\"EntryPoint\",\"urlTemplate\":\"https:\/\/pridewood.ch\/fr\/?s={search_term_string}\"},\"query-input\":{\"@type\":\"PropertyValueSpecification\",\"valueRequired\":true,\"valueName\":\"search_term_string\"}}],\"inLanguage\":\"fr-FR\"}]}<\/script>\n<!-- \/ Yoast SEO plugin. -->","yoast_head_json":{"title":"Drapeaux pour marquer les pays Acheter | PrideWood","description":"Punaises drapeaux \u2714\ufe0f Le meilleur cadeau pour les voyageurs \u2708\ufe0f En m\u00e9tal \u2b50 Livraison dans toute la Suisse \u279c WhatsApp \u260e +41 (76) 457 57 13 | PrideWood","robots":{"index":"index","follow":"follow","max-snippet":"max-snippet:-1","max-image-preview":"max-image-preview:large","max-video-preview":"max-video-preview:-1"},"canonical":"https:\/\/pridewood.ch\/fr\/product\/flags-for-marking-countries\/","og_locale":"fr_FR","og_type":"article","og_title":"Drapeaux pour marquer les pays Acheter | PrideWood","og_description":"Punaises drapeaux \u2714\ufe0f Le meilleur cadeau pour les voyageurs \u2708\ufe0f En m\u00e9tal \u2b50 Livraison dans toute la Suisse \u279c WhatsApp \u260e +41 (76) 457 57 13 | PrideWood","og_url":"https:\/\/pridewood.ch\/fr\/product\/flags-for-marking-countries\/","og_site_name":"PrideWood","article_modified_time":"2025-10-24T13:35:26+00:00","og_image":[{"width":1000,"height":1000,"url":"https:\/\/pridewood.ch\/wp-content\/uploads\/2024\/09\/660c12f3ace07.webp","type":"image\/webp"}],"twitter_card":"summary_large_image","twitter_misc":{"Dur\u00e9e de lecture estim\u00e9e":"1 minute"},"schema":{"@context":"https:\/\/schema.org","@graph":[{"@type":"WebPage","@id":"https:\/\/pridewood.ch\/fr\/product\/flags-for-marking-countries\/","url":"https:\/\/pridewood.ch\/fr\/product\/flags-for-marking-countries\/","name":"Drapeaux pour marquer les pays Acheter | PrideWood","isPartOf":{"@id":"https:\/\/pridewood.ch\/fr\/#website"},"primaryImageOfPage":{"@id":"https:\/\/pridewood.ch\/fr\/product\/flags-for-marking-countries\/#primaryimage"},"image":{"@id":"https:\/\/pridewood.ch\/product\/flags-for-marking-countries\/#primaryimage"},"thumbnailUrl":"https:\/\/pridewood.ch\/wp-content\/uploads\/2024\/09\/660c12f3ace07.webp","datePublished":"2024-09-08T09:53:15+00:00","dateModified":"2025-10-24T13:35:26+00:00","description":"Punaises drapeaux \u2714\ufe0f Le meilleur cadeau pour les voyageurs \u2708\ufe0f En m\u00e9tal \u2b50 Livraison dans toute la Suisse \u279c WhatsApp \u260e +41 (76) 457 57 13 | PrideWood","breadcrumb":{"@id":"https:\/\/pridewood.ch\/fr\/product\/flags-for-marking-countries\/#breadcrumb"},"inLanguage":"fr-FR","potentialAction":[{"@type":"ReadAction","target":[["https:\/\/pridewood.ch\/fr\/product\/flags-for-marking-countries\/"]]}]},{"@type":"ImageObject","inLanguage":"fr-FR","@id":"https:\/\/pridewood.ch\/fr\/product\/flags-for-marking-countries\/#primaryimage","url":"https:\/\/pridewood.ch\/wp-content\/uploads\/2024\/09\/660c12f3ace07.webp","contentUrl":"https:\/\/pridewood.ch\/wp-content\/uploads\/2024\/09\/660c12f3ace07.webp","width":1000,"height":1000},{"@type":"BreadcrumbList","@id":"https:\/\/pridewood.ch\/fr\/product\/flags-for-marking-countries\/#breadcrumb","itemListElement":[{"@type":"ListItem","position":1,"name":"Home","item":"https:\/\/pridewood.ch\/fr\/"},{"@type":"ListItem","position":2,"name":"Shop","item":"https:\/\/pridewood.ch\/fr\/shop\/"},{"@type":"ListItem","position":3,"name":"Flags for marking countries"}]},{"@type":"WebSite","@id":"https:\/\/pridewood.ch\/fr\/#website","url":"https:\/\/pridewood.ch\/fr\/","name":"PrideWood","description":"","potentialAction":[{"@type":"SearchAction","target":{"@type":"EntryPoint","urlTemplate":"https:\/\/pridewood.ch\/fr\/?s={search_term_string}"},"query-input":{"@type":"PropertyValueSpecification","valueRequired":true,"valueName":"search_term_string"}}],"inLanguage":"fr-FR"}]}},"_links":{"self":[{"href":"https:\/\/pridewood.ch\/fr\/wp-json\/wp\/v2\/product\/1410","targetHints":{"allow":["GET"]}}],"collection":[{"href":"https:\/\/pridewood.ch\/fr\/wp-json\/wp\/v2\/product"}],"about":[{"href":"https:\/\/pridewood.ch\/fr\/wp-json\/wp\/v2\/types\/product"}],"replies":[{"embeddable":true,"href":"https:\/\/pridewood.ch\/fr\/wp-json\/wp\/v2\/comments?post=1410"}],"version-history":[{"count":6,"href":"https:\/\/pridewood.ch\/fr\/wp-json\/wp\/v2\/product\/1410\/revisions"}],"predecessor-version":[{"id":6814,"href":"https:\/\/pridewood.ch\/fr\/wp-json\/wp\/v2\/product\/1410\/revisions\/6814"}],"wp:featuredmedia":[{"embeddable":true,"href":"https:\/\/pridewood.ch\/fr\/wp-json\/wp\/v2\/media\/939"}],"wp:attachment":[{"href":"https:\/\/pridewood.ch\/fr\/wp-json\/wp\/v2\/media?parent=1410"}],"wp:term":[{"taxonomy":"product_brand","embeddable":true,"href":"https:\/\/pridewood.ch\/fr\/wp-json\/wp\/v2\/product_brand?post=1410"},{"taxonomy":"product_cat","embeddable":true,"href":"https:\/\/pridewood.ch\/fr\/wp-json\/wp\/v2\/product_cat?post=1410"},{"taxonomy":"product_tag","embeddable":true,"href":"https:\/\/pridewood.ch\/fr\/wp-json\/wp\/v2\/product_tag?post=1410"}],"curies":[{"name":"wp","href":"https:\/\/api.w.org\/{rel}","templated":true}]}}