{"id":3,"date":"2024-09-05T14:29:16","date_gmt":"2024-09-05T11:29:16","guid":{"rendered":"https:\/\/pridewood.ch\/?page_id=3"},"modified":"2024-11-27T21:39:10","modified_gmt":"2024-11-27T20:39:10","slug":"privacy-policy","status":"publish","type":"page","link":"https:\/\/pridewood.ch\/fr\/privacy-policy\/","title":{"rendered":"Politique de confidentialit\u00e9"},"content":{"rendered":"\t\t<div data-elementor-type=\"wp-page\" data-elementor-id=\"3\" class=\"elementor elementor-3\">\n\t\t\t\t<div class=\"wd-negative-gap elementor-element elementor-element-b54d8d8 e-flex e-con-boxed e-con e-parent\" data-id=\"b54d8d8\" data-element_type=\"container\">\n\t\t\t\t\t<div class=\"e-con-inner\">\n\t\t\t\t<div class=\"elementor-element elementor-element-46617c8 elementor-widget elementor-widget-heading\" data-id=\"46617c8\" data-element_type=\"widget\" data-widget_type=\"heading.default\">\n\t\t\t\t<div class=\"elementor-widget-container\">\n\t\t\t\t\t<h2 class=\"elementor-heading-title elementor-size-default\">DATENSCHUTZRICHTLINIE<\/h2>\t\t\t\t<\/div>\n\t\t\t\t<\/div>\n\t\t\t\t<div class=\"elementor-element elementor-element-322d57c elementor-widget elementor-widget-wd_text_block\" data-id=\"322d57c\" data-element_type=\"widget\" data-widget_type=\"wd_text_block.default\">\n\t\t\t\t<div class=\"elementor-widget-container\">\n\t\t\t\t\t\t\t<div class=\"wd-text-block reset-last-child text-left\">\n\t\t\t\n\t\t\t<p>Indem Sie unsere Dienste nutzen, vertrauen Sie uns Ihre Informationen an. Wir sind uns bewusst, dass dies eine gro\u00dfe Verantwortung ist, und wir unternehmen alle Anstrengungen, um Ihre Daten zu sch\u00fctzen und Ihnen die Kontrolle dar\u00fcber zu geben.<\/p><p>Diese Datenschutzrichtlinie beschreibt, welche Informationen wir sammeln, warum wir dies tun und wie Sie Ihre Daten aktualisieren, l\u00f6schen und verwalten k\u00f6nnen.<\/p><p>Der Datenschutz ist unserem Unternehmen sehr wichtig. Wir bem\u00fchen uns, Ihre Arbeit im Internet so angenehm und sicher wie m\u00f6glich zu gestalten und Ihnen die breiteste Palette der angebotenen Tools mit v\u00f6lliger Sicherheit zu bieten. Die bei der Bestellung (oder zu jedem anderen Zeitpunkt) gesammelten pers\u00f6nlichen Daten der Kunden werden verwendet, um Produkte oder Dienstleistungen entsprechend Ihren Anforderungen vorzubereiten\/zu verarbeiten.<\/p><p>Ihre Daten werden unter keinen Umst\u00e4nden an Dritte weitergegeben, es sei denn, dies ist f\u00fcr den erfolgreichen Abschluss des Kaufvorgangs erforderlich und wir sind gesetzlich dazu verpflichtet.<\/p><p>Bei der freiwilligen Registrierung f\u00fcr den Erhalt des Newsletters geben Sie \u00fcber ein spezielles Formular nur Ihren Namen und Ihre E-Mail-Adresse an.<\/p><p>Wenn Sie in unserem Shop eine Bestellung aufgeben, erhalten wir die Kontaktdaten des K\u00e4ufers sowie Lieferdaten, darunter:<\/p><ul><li>E-Mail-Adresse;<\/li><li>Lieferadresse f\u00fcr die Bestellung (Index, Stra\u00dfe, Haus- und Wohnungsnummer);<\/li><li>Vor- und Nachname;<\/li><li>Telefonnummer.<\/li><\/ul><p>Mit der Aufgabe einer Bestellung in unserem Online-Shop stimmen Sie automatisch der Weitergabe der Daten an das Kurierunternehmen zur Lieferung zu.<\/p>\n\t\t\t\t\t<\/div>\n\t\t\t\t\t\t<\/div>\n\t\t\t\t<\/div>\n\t\t\t\t<div class=\"elementor-element elementor-element-27bb8d5 elementor-widget elementor-widget-heading\" data-id=\"27bb8d5\" data-element_type=\"widget\" data-widget_type=\"heading.default\">\n\t\t\t\t<div class=\"elementor-widget-container\">\n\t\t\t\t\t<h2 class=\"elementor-heading-title elementor-size-default\">WIE DIESE DATEN VERWENDET WERDEN<\/h2>\t\t\t\t<\/div>\n\t\t\t\t<\/div>\n\t\t\t\t<div class=\"elementor-element elementor-element-d1f2ac1 elementor-widget elementor-widget-wd_text_block\" data-id=\"d1f2ac1\" data-element_type=\"widget\" data-widget_type=\"wd_text_block.default\">\n\t\t\t\t<div class=\"elementor-widget-container\">\n\t\t\t\t\t\t\t<div class=\"wd-text-block reset-last-child text-left\">\n\t\t\t\n\t\t\t<p>Mithilfe dieser Daten werden Informationen \u00fcber die Aktionen der Besucher der Website gesammelt, um deren Inhalt, Funktionalit\u00e4t und Service zu verbessern. Dadurch erstellen wir qualitativ hochwertige Inhalte und passen die Website an Ihre Bed\u00fcrfnisse an.<\/p><p>Sie k\u00f6nnen Ihre Browsereinstellungen jederzeit so \u00e4ndern, dass alle Cookies blockiert werden oder Sie benachrichtigt werden, wenn sie gesendet werden. Bitte beachten Sie, dass einige Funktionen und Dienste m\u00f6glicherweise nicht ordnungsgem\u00e4\u00df funktionieren.<\/p>\n\t\t\t\t\t<\/div>\n\t\t\t\t\t\t<\/div>\n\t\t\t\t<\/div>\n\t\t\t\t<div class=\"elementor-element elementor-element-29fe428 elementor-widget elementor-widget-heading\" data-id=\"29fe428\" data-element_type=\"widget\" data-widget_type=\"heading.default\">\n\t\t\t\t<div class=\"elementor-widget-container\">\n\t\t\t\t\t<h2 class=\"elementor-heading-title elementor-size-default\">WIE DIESE DATEN GESCH\u00dcTZT WERDEN<\/h2>\t\t\t\t<\/div>\n\t\t\t\t<\/div>\n\t\t\t\t<div class=\"elementor-element elementor-element-e83119a elementor-widget elementor-widget-wd_text_block\" data-id=\"e83119a\" data-element_type=\"widget\" data-widget_type=\"wd_text_block.default\">\n\t\t\t\t<div class=\"elementor-widget-container\">\n\t\t\t\t\t\t\t<div class=\"wd-text-block reset-last-child text-left\">\n\t\t\t\n\t\t\t<p>Wir verwenden eine Vielzahl von administrativen, verwaltungstechnischen und technischen Sicherheitsma\u00dfnahmen, um Ihre pers\u00f6nlichen Daten zu sch\u00fctzen. Unser Unternehmen h\u00e4lt sich an verschiedene internationale Kontrollstandards f\u00fcr den Umgang mit pers\u00f6nlichen Daten, darunter bestimmte Ma\u00dfnahmen zum Schutz der im Internet erfassten Informationen.<\/p><p>Unsere Mitarbeiter sind darin geschult, diese Kontrollen zu verstehen und umzusetzen; sie sind mit unserer Datenschutzrichtlinie sowie allen Internetpraktiken und -richtlinien vertraut.<\/p><p>Obwohl wir uns bem\u00fchen, Ihre pers\u00f6nlichen Daten zu sch\u00fctzen, sollten auch Sie Ma\u00dfnahmen zu deren Schutz ergreifen.<br \/>Die von uns organisierten Dienste und Websites bieten Schutz vor dem Verlust und der unbefugten Nutzung der von uns kontrollierten Daten. Wir tun unser Bestes, um die Integrit\u00e4t und Sicherheit unseres Netzwerks und unserer Systeme zu gew\u00e4hrleisten, k\u00f6nnen jedoch nicht garantieren, dass unsere Sicherheitsma\u00dfnahmen dazu beitragen, Hacker von Drittanbietern daran zu hindern, illegal auf diese Informationen zuzugreifen.<\/p><p>Wenn sich diese Datenschutzrichtlinie \u00e4ndert, k\u00f6nnen Sie dies auf dieser Seite lesen oder in besonderen F\u00e4llen eine Benachrichtigung per E-Mail erhalten.<\/p>\n\t\t\t\t\t<\/div>\n\t\t\t\t\t\t<\/div>\n\t\t\t\t<\/div>\n\t\t\t\t\t<\/div>\n\t\t\t\t<\/div>\n\t\t\t\t<\/div>\n\t\t","protected":false},"excerpt":{"rendered":"<p>POLITIQUE DE CONFIDENTIALIT\u00c9 En utilisant nos services, vous nous confiez vos informations. Nous comprenons qu&rsquo;il s&rsquo;agit d&rsquo;une grande responsabilit\u00e9 et<\/p>\n","protected":false},"author":1,"featured_media":0,"parent":0,"menu_order":0,"comment_status":"closed","ping_status":"open","template":"","meta":{"footnotes":""},"class_list":["post-3","page","type-page","status-publish","hentry"],"yoast_head":"<!-- This site is optimized with the Yoast SEO plugin v27.1.1 - https:\/\/yoast.com\/product\/yoast-seo-wordpress\/ -->\n<title>Politique de confidentialit\u00e9 | PrideWood<\/title>\n<meta name=\"description\" content=\"Quelles informations collectons-nous et pourquoi le faisons-nous \u23e9 PrideWood \u2b50\ufe0f Produits, accessoires et d\u00e9coration en bois\" \/>\n<meta name=\"robots\" content=\"index, follow, max-snippet:-1, max-image-preview:large, max-video-preview:-1\" \/>\n<link rel=\"canonical\" href=\"https:\/\/pridewood.ch\/fr\/privacy-policy\/\" \/>\n<meta property=\"og:locale\" content=\"fr_FR\" \/>\n<meta property=\"og:type\" content=\"article\" \/>\n<meta property=\"og:title\" content=\"Politique de confidentialit\u00e9 | PrideWood\" \/>\n<meta property=\"og:description\" content=\"Quelles informations collectons-nous et pourquoi le faisons-nous \u23e9 PrideWood \u2b50\ufe0f Produits, accessoires et d\u00e9coration en bois\" \/>\n<meta property=\"og:url\" content=\"https:\/\/pridewood.ch\/fr\/privacy-policy\/\" \/>\n<meta property=\"og:site_name\" content=\"PrideWood\" \/>\n<meta property=\"article:modified_time\" content=\"2024-11-27T20:39:10+00:00\" \/>\n<meta name=\"twitter:card\" content=\"summary_large_image\" \/>\n<meta name=\"twitter:label1\" content=\"Dur\u00e9e de lecture estim\u00e9e\" \/>\n\t<meta name=\"twitter:data1\" content=\"2 minutes\" \/>\n<script type=\"application\/ld+json\" class=\"yoast-schema-graph\">{\"@context\":\"https:\/\/schema.org\",\"@graph\":[{\"@type\":\"WebPage\",\"@id\":\"https:\/\/pridewood.ch\/fr\/privacy-policy\/\",\"url\":\"https:\/\/pridewood.ch\/fr\/privacy-policy\/\",\"name\":\"Politique de confidentialit\u00e9 | PrideWood\",\"isPartOf\":{\"@id\":\"https:\/\/pridewood.ch\/fr\/#website\"},\"datePublished\":\"2024-09-05T11:29:16+00:00\",\"dateModified\":\"2024-11-27T20:39:10+00:00\",\"description\":\"Quelles informations collectons-nous et pourquoi le faisons-nous \u23e9 PrideWood \u2b50\ufe0f Produits, accessoires et d\u00e9coration en bois\",\"breadcrumb\":{\"@id\":\"https:\/\/pridewood.ch\/fr\/privacy-policy\/#breadcrumb\"},\"inLanguage\":\"fr-FR\",\"potentialAction\":[{\"@type\":\"ReadAction\",\"target\":[[\"https:\/\/pridewood.ch\/fr\/privacy-policy\/\"]]}]},{\"@type\":\"BreadcrumbList\",\"@id\":\"https:\/\/pridewood.ch\/fr\/privacy-policy\/#breadcrumb\",\"itemListElement\":[{\"@type\":\"ListItem\",\"position\":1,\"name\":\"Home\",\"item\":\"https:\/\/pridewood.ch\/fr\/\"},{\"@type\":\"ListItem\",\"position\":2,\"name\":\"Datenschutzrichtlinie\"}]},{\"@type\":\"WebSite\",\"@id\":\"https:\/\/pridewood.ch\/fr\/#website\",\"url\":\"https:\/\/pridewood.ch\/fr\/\",\"name\":\"PrideWood\",\"description\":\"\",\"potentialAction\":[{\"@type\":\"SearchAction\",\"target\":{\"@type\":\"EntryPoint\",\"urlTemplate\":\"https:\/\/pridewood.ch\/fr\/?s={search_term_string}\"},\"query-input\":{\"@type\":\"PropertyValueSpecification\",\"valueRequired\":true,\"valueName\":\"search_term_string\"}}],\"inLanguage\":\"fr-FR\"}]}<\/script>\n<!-- \/ Yoast SEO plugin. -->","yoast_head_json":{"title":"Politique de confidentialit\u00e9 | PrideWood","description":"Quelles informations collectons-nous et pourquoi le faisons-nous \u23e9 PrideWood \u2b50\ufe0f Produits, accessoires et d\u00e9coration en bois","robots":{"index":"index","follow":"follow","max-snippet":"max-snippet:-1","max-image-preview":"max-image-preview:large","max-video-preview":"max-video-preview:-1"},"canonical":"https:\/\/pridewood.ch\/fr\/privacy-policy\/","og_locale":"fr_FR","og_type":"article","og_title":"Politique de confidentialit\u00e9 | PrideWood","og_description":"Quelles informations collectons-nous et pourquoi le faisons-nous \u23e9 PrideWood \u2b50\ufe0f Produits, accessoires et d\u00e9coration en bois","og_url":"https:\/\/pridewood.ch\/fr\/privacy-policy\/","og_site_name":"PrideWood","article_modified_time":"2024-11-27T20:39:10+00:00","twitter_card":"summary_large_image","twitter_misc":{"Dur\u00e9e de lecture estim\u00e9e":"2 minutes"},"schema":{"@context":"https:\/\/schema.org","@graph":[{"@type":"WebPage","@id":"https:\/\/pridewood.ch\/fr\/privacy-policy\/","url":"https:\/\/pridewood.ch\/fr\/privacy-policy\/","name":"Politique de confidentialit\u00e9 | PrideWood","isPartOf":{"@id":"https:\/\/pridewood.ch\/fr\/#website"},"datePublished":"2024-09-05T11:29:16+00:00","dateModified":"2024-11-27T20:39:10+00:00","description":"Quelles informations collectons-nous et pourquoi le faisons-nous \u23e9 PrideWood \u2b50\ufe0f Produits, accessoires et d\u00e9coration en bois","breadcrumb":{"@id":"https:\/\/pridewood.ch\/fr\/privacy-policy\/#breadcrumb"},"inLanguage":"fr-FR","potentialAction":[{"@type":"ReadAction","target":[["https:\/\/pridewood.ch\/fr\/privacy-policy\/"]]}]},{"@type":"BreadcrumbList","@id":"https:\/\/pridewood.ch\/fr\/privacy-policy\/#breadcrumb","itemListElement":[{"@type":"ListItem","position":1,"name":"Home","item":"https:\/\/pridewood.ch\/fr\/"},{"@type":"ListItem","position":2,"name":"Datenschutzrichtlinie"}]},{"@type":"WebSite","@id":"https:\/\/pridewood.ch\/fr\/#website","url":"https:\/\/pridewood.ch\/fr\/","name":"PrideWood","description":"","potentialAction":[{"@type":"SearchAction","target":{"@type":"EntryPoint","urlTemplate":"https:\/\/pridewood.ch\/fr\/?s={search_term_string}"},"query-input":{"@type":"PropertyValueSpecification","valueRequired":true,"valueName":"search_term_string"}}],"inLanguage":"fr-FR"}]}},"_links":{"self":[{"href":"https:\/\/pridewood.ch\/fr\/wp-json\/wp\/v2\/pages\/3","targetHints":{"allow":["GET"]}}],"collection":[{"href":"https:\/\/pridewood.ch\/fr\/wp-json\/wp\/v2\/pages"}],"about":[{"href":"https:\/\/pridewood.ch\/fr\/wp-json\/wp\/v2\/types\/page"}],"author":[{"embeddable":true,"href":"https:\/\/pridewood.ch\/fr\/wp-json\/wp\/v2\/users\/1"}],"replies":[{"embeddable":true,"href":"https:\/\/pridewood.ch\/fr\/wp-json\/wp\/v2\/comments?post=3"}],"version-history":[{"count":74,"href":"https:\/\/pridewood.ch\/fr\/wp-json\/wp\/v2\/pages\/3\/revisions"}],"predecessor-version":[{"id":6803,"href":"https:\/\/pridewood.ch\/fr\/wp-json\/wp\/v2\/pages\/3\/revisions\/6803"}],"wp:attachment":[{"href":"https:\/\/pridewood.ch\/fr\/wp-json\/wp\/v2\/media?parent=3"}],"curies":[{"name":"wp","href":"https:\/\/api.w.org\/{rel}","templated":true}]}}