{"id":175,"date":"2024-09-06T18:28:56","date_gmt":"2024-09-06T15:28:56","guid":{"rendered":"https:\/\/pridewood.ch\/?post_type=product&#038;p=175"},"modified":"2026-03-14T11:49:02","modified_gmt":"2026-03-14T10:49:02","slug":"wooden-world-map-lux-natural-wood-3d","status":"publish","type":"product","link":"https:\/\/pridewood.ch\/en\/product\/wooden-world-map-lux-natural-wood-3d\/","title":{"rendered":"Wooden world map LUX Natural Wood"},"content":{"rendered":"\t\t<div data-elementor-type=\"wp-post\" data-elementor-id=\"175\" class=\"elementor elementor-175\">\n\t\t\t\t<div class=\"wd-negative-gap elementor-element elementor-element-b90b52a e-flex e-con-boxed e-con e-parent\" data-id=\"b90b52a\" data-element_type=\"container\">\n\t\t\t\t\t<div class=\"e-con-inner\">\n\t\t<div class=\"elementor-element elementor-element-82217ec e-con-full e-flex e-con e-child\" data-id=\"82217ec\" data-element_type=\"container\">\n\t\t\t\t<div class=\"elementor-element elementor-element-982816f color-scheme-inherit text-left elementor-widget elementor-widget-text-editor\" data-id=\"982816f\" data-element_type=\"widget\" data-widget_type=\"text-editor.default\">\n\t\t\t\t<div class=\"elementor-widget-container\">\n\t\t\t\t\t\t\t\t\t<p>Lib\u00e9rez votre envie de voyager : explorez le monde avec une superbe carte en bois !<\/p><p>Vous r\u00eavez de d\u00e9corer votre maison avec une touche d&#8217;aventure ? Ne cherchez pas plus loin que nos captivantes cartes du monde en bois ! Fabriqu\u00e9es \u00e0 la main \u00e0 partir de bois massif de haute qualit\u00e9, ces pi\u00e8ces exquises ne sont pas seulement des \u0153uvres d&#8217;art murales \u00e9l\u00e9gantes, mais \u00e9galement des compagnons fonctionnels pour vos explorations mondiales.<\/p><p>D\u00e9couvrez un monde de possibilit\u00e9s :<\/p><p>&#8211; Devenez un expert en g\u00e9ographie : apprenez les noms de pays, les capitales et les continents gr\u00e2ce \u00e0 nos cartes d\u00e9taill\u00e9es.<br \/>&#8211; Pr\u00e9parez votre prochaine aventure : nourrissez votre envie de voyager et planifiez vos voyages de r\u00eave avec ce guide visuel inspirant.<br \/>&#8211; Suivez vos voyages : marquez les pays que vous avez visit\u00e9s et r\u00eavez de vos prochaines destinations.<br \/>&#8211; Inspiration cadeau : surprenez vos proches avec un cadeau unique et pratique qui c\u00e9l\u00e8bre leur esprit aventureux.<\/p><p>Choisissez la taille parfaite pour votre espace :<\/p><p>&#8211; L : 150 x 90 cm<br \/>&#8211; XL : 200 x 120 cm<\/p><p>\u00c9paisseur : 15 &#8211; 23 mm<\/p><p>Mat\u00e9riau : bois massif (padouk, weng\u00e9, noyer, fr\u00eane, ch\u00eane)<\/p><p>Nuances : Chaque carte est unique et pr\u00e9sente des nuances diff\u00e9rentes car elle est fabriqu\u00e9e \u00e0 partir de bois naturel.<\/p><p>Langue: Anglaise<\/p><p>Plus qu&#8217;une simple carte, c&#8217;est :<\/p><p>&#8211; Fabriqu\u00e9e \u00e0 la main avec amour : Une telle carte est unique car elle est fabriqu\u00e9e \u00e0 la main et produite \u00e0 partir de bois naturel. La texture naturelle du bois recouvert d&#8217;huile et de cire est enti\u00e8rement pr\u00e9serv\u00e9e.<br \/>&#8211; Polyvalent : compl\u00e8te tout style de d\u00e9coration, ajoutant de la chaleur et de la personnalit\u00e9 \u00e0 votre espace.<br \/>&#8211; Facile \u00e0 installer et \u00e0 entretenir : profitez de votre carte pendant des ann\u00e9es gr\u00e2ce \u00e0 son installation et son entretien simples.<\/p><p>Pr\u00eat \u00e0 vous lancer dans votre voyage mondial ? Commandez votre carte du monde en bois d\u00e8s aujourd&#8217;hui et transformez votre maison en un havre d&#8217;exploration et de d\u00e9couverte !<\/p>\t\t\t\t\t\t\t\t<\/div>\n\t\t\t\t<\/div>\n\t\t\t\t<\/div>\n\t\t<div class=\"elementor-element elementor-element-a46c5ca e-con-full e-flex e-con e-child\" data-id=\"a46c5ca\" data-element_type=\"container\">\n\t\t\t\t<div class=\"elementor-element elementor-element-6a965b0 wd-width-100 elementor-widget elementor-widget-wd_title\" data-id=\"6a965b0\" data-element_type=\"widget\" data-widget_type=\"wd_title.default\">\n\t\t\t\t<div class=\"elementor-widget-container\">\n\t\t\t\t\t\t\t<div class=\"title-wrapper wd-set-mb reset-last-child wd-title-color-default wd-title-style-default wd-title-size-default text-center\">\n\n\t\t\t\t\t\t\t\t\t\t\t<div class=\"title-subtitle subtitle-color-default subtitle-style-background wd-fontsize-xs\">\n\t\t\t\t\tQUESTIONS FR\u00c9QUEMMENT POS\u00c9ES\t\t\t\t<\/div>\n\t\t\t\n\t\t\t<div class=\"liner-continer\">\n\t\t\t\t<h4 class=\"woodmart-title-container title wd-fontsize-l\">Vous avez une question ? Nous sommes l\u00e0 pour vous aider.<\/h4> \n\t\t\t\t\t\t\t<\/div>\n\n\t\t\t\t\t<\/div>\n\t\t\t\t\t\t<\/div>\n\t\t\t\t<\/div>\n\t\t\t\t<div class=\"elementor-element elementor-element-3c30f55 elementor-widget elementor-widget-n-accordion\" data-id=\"3c30f55\" data-element_type=\"widget\" data-settings=\"{&quot;default_state&quot;:&quot;all_collapsed&quot;,&quot;max_items_expended&quot;:&quot;one&quot;,&quot;n_accordion_animation_duration&quot;:{&quot;unit&quot;:&quot;ms&quot;,&quot;size&quot;:400,&quot;sizes&quot;:[]}}\" data-widget_type=\"nested-accordion.default\">\n\t\t\t\t<div class=\"elementor-widget-container\">\n\t\t\t\t\t\t\t<div class=\"e-n-accordion\" aria-label=\"Accordion. Open links with Enter or Space, close with Escape, and navigate with Arrow Keys\">\n\t\t\t\t\t\t<details id=\"e-n-accordion-item-6310\" class=\"e-n-accordion-item\" >\n\t\t\t\t<summary class=\"e-n-accordion-item-title\" data-accordion-index=\"1\" tabindex=\"0\" aria-expanded=\"false\" aria-controls=\"e-n-accordion-item-6310\" >\n\t\t\t\t\t<span class='e-n-accordion-item-title-header'><div class=\"e-n-accordion-item-title-text\"> La carte collera-t-elle au mur qui n'est pas parfaitement lisse et uniforme (par exemple, cr\u00e9pi ou papier peint) ? <\/div><\/span>\n\t\t\t\t\t\t\t<span class='e-n-accordion-item-title-icon'>\n\t\t\t<span class='e-opened' ><svg aria-hidden=\"true\" class=\"e-font-icon-svg e-fas-chevron-up\" viewBox=\"0 0 448 512\" xmlns=\"http:\/\/www.w3.org\/2000\/svg\"><path d=\"M240.971 130.524l194.343 194.343c9.373 9.373 9.373 24.569 0 33.941l-22.667 22.667c-9.357 9.357-24.522 9.375-33.901.04L224 227.495 69.255 381.516c-9.379 9.335-24.544 9.317-33.901-.04l-22.667-22.667c-9.373-9.373-9.373-24.569 0-33.941L207.03 130.525c9.372-9.373 24.568-9.373 33.941-.001z\"><\/path><\/svg><\/span>\n\t\t\t<span class='e-closed'><svg aria-hidden=\"true\" class=\"e-font-icon-svg e-fas-chevron-down\" viewBox=\"0 0 448 512\" xmlns=\"http:\/\/www.w3.org\/2000\/svg\"><path d=\"M207.029 381.476L12.686 187.132c-9.373-9.373-9.373-24.569 0-33.941l22.667-22.667c9.357-9.357 24.522-9.375 33.901-.04L224 284.505l154.745-154.021c9.379-9.335 24.544-9.317 33.901.04l22.667 22.667c9.373 9.373 9.373 24.569 0 33.941L240.971 381.476c-9.373 9.372-24.569 9.372-33.942 0z\"><\/path><\/svg><\/span>\n\t\t<\/span>\n\n\t\t\t\t\t\t<\/summary>\n\t\t\t\t<div role=\"region\" aria-labelledby=\"e-n-accordion-item-6310\" class=\"elementor-element elementor-element-54e4b27 e-con-full e-flex e-con e-child\" data-id=\"54e4b27\" data-element_type=\"container\">\n\t\t\t\t<div class=\"elementor-element elementor-element-8a76261 color-scheme-inherit text-left elementor-widget elementor-widget-text-editor\" data-id=\"8a76261\" data-element_type=\"widget\" data-widget_type=\"text-editor.default\">\n\t\t\t\t<div class=\"elementor-widget-container\">\n\t\t\t\t\t\t\t\t\t<p>Oui, c&#8217;est vrai. Cela d\u00e9pend du type et de la hauteur de la couche superficielle du mur. Plus elle est lisse, mieux c&#8217;est.<\/p>\t\t\t\t\t\t\t\t<\/div>\n\t\t\t\t<\/div>\n\t\t\t\t<\/div>\n\t\t\t\t\t<\/details>\n\t\t\t\t\t\t<details id=\"e-n-accordion-item-6311\" class=\"e-n-accordion-item\" >\n\t\t\t\t<summary class=\"e-n-accordion-item-title\" data-accordion-index=\"2\" tabindex=\"-1\" aria-expanded=\"false\" aria-controls=\"e-n-accordion-item-6311\" >\n\t\t\t\t\t<span class='e-n-accordion-item-title-header'><div class=\"e-n-accordion-item-title-text\"> Combien de temps faut-il r\u00e9ellement pour installer la carte ? <\/div><\/span>\n\t\t\t\t\t\t\t<span class='e-n-accordion-item-title-icon'>\n\t\t\t<span class='e-opened' ><svg aria-hidden=\"true\" class=\"e-font-icon-svg e-fas-chevron-up\" viewBox=\"0 0 448 512\" xmlns=\"http:\/\/www.w3.org\/2000\/svg\"><path d=\"M240.971 130.524l194.343 194.343c9.373 9.373 9.373 24.569 0 33.941l-22.667 22.667c-9.357 9.357-24.522 9.375-33.901.04L224 227.495 69.255 381.516c-9.379 9.335-24.544 9.317-33.901-.04l-22.667-22.667c-9.373-9.373-9.373-24.569 0-33.941L207.03 130.525c9.372-9.373 24.568-9.373 33.941-.001z\"><\/path><\/svg><\/span>\n\t\t\t<span class='e-closed'><svg aria-hidden=\"true\" class=\"e-font-icon-svg e-fas-chevron-down\" viewBox=\"0 0 448 512\" xmlns=\"http:\/\/www.w3.org\/2000\/svg\"><path d=\"M207.029 381.476L12.686 187.132c-9.373-9.373-9.373-24.569 0-33.941l22.667-22.667c9.357-9.357 24.522-9.375 33.901-.04L224 284.505l154.745-154.021c9.379-9.335 24.544-9.317 33.901.04l22.667 22.667c9.373 9.373 9.373 24.569 0 33.941L240.971 381.476c-9.373 9.372-24.569 9.372-33.942 0z\"><\/path><\/svg><\/span>\n\t\t<\/span>\n\n\t\t\t\t\t\t<\/summary>\n\t\t\t\t<div role=\"region\" aria-labelledby=\"e-n-accordion-item-6311\" class=\"elementor-element elementor-element-2eaf18e e-con-full e-flex e-con e-child\" data-id=\"2eaf18e\" data-element_type=\"container\">\n\t\t\t\t<div class=\"elementor-element elementor-element-a1ba952 color-scheme-inherit text-left elementor-widget elementor-widget-text-editor\" data-id=\"a1ba952\" data-element_type=\"widget\" data-widget_type=\"text-editor.default\">\n\t\t\t\t<div class=\"elementor-widget-container\">\n\t\t\t\t\t\t\t\t\t<p>Le processus d\u2019installation prend plusieurs heures. C\u2019est un projet amusant \u00e0 r\u00e9aliser en groupe, si vous le souhaitez.<\/p>\t\t\t\t\t\t\t\t<\/div>\n\t\t\t\t<\/div>\n\t\t\t\t<\/div>\n\t\t\t\t\t<\/details>\n\t\t\t\t\t\t<details id=\"e-n-accordion-item-6312\" class=\"e-n-accordion-item\" >\n\t\t\t\t<summary class=\"e-n-accordion-item-title\" data-accordion-index=\"3\" tabindex=\"-1\" aria-expanded=\"false\" aria-controls=\"e-n-accordion-item-6312\" >\n\t\t\t\t\t<span class='e-n-accordion-item-title-header'><div class=\"e-n-accordion-item-title-text\"> Existe-t-il des conseils pour aider \u00e0 l'installation ? <\/div><\/span>\n\t\t\t\t\t\t\t<span class='e-n-accordion-item-title-icon'>\n\t\t\t<span class='e-opened' ><svg aria-hidden=\"true\" class=\"e-font-icon-svg e-fas-chevron-up\" viewBox=\"0 0 448 512\" xmlns=\"http:\/\/www.w3.org\/2000\/svg\"><path d=\"M240.971 130.524l194.343 194.343c9.373 9.373 9.373 24.569 0 33.941l-22.667 22.667c-9.357 9.357-24.522 9.375-33.901.04L224 227.495 69.255 381.516c-9.379 9.335-24.544 9.317-33.901-.04l-22.667-22.667c-9.373-9.373-9.373-24.569 0-33.941L207.03 130.525c9.372-9.373 24.568-9.373 33.941-.001z\"><\/path><\/svg><\/span>\n\t\t\t<span class='e-closed'><svg aria-hidden=\"true\" class=\"e-font-icon-svg e-fas-chevron-down\" viewBox=\"0 0 448 512\" xmlns=\"http:\/\/www.w3.org\/2000\/svg\"><path d=\"M207.029 381.476L12.686 187.132c-9.373-9.373-9.373-24.569 0-33.941l22.667-22.667c9.357-9.357 24.522-9.375 33.901-.04L224 284.505l154.745-154.021c9.379-9.335 24.544-9.317 33.901.04l22.667 22.667c9.373 9.373 9.373 24.569 0 33.941L240.971 381.476c-9.373 9.372-24.569 9.372-33.942 0z\"><\/path><\/svg><\/span>\n\t\t<\/span>\n\n\t\t\t\t\t\t<\/summary>\n\t\t\t\t<div role=\"region\" aria-labelledby=\"e-n-accordion-item-6312\" class=\"elementor-element elementor-element-0175a86 e-con-full e-flex e-con e-child\" data-id=\"0175a86\" data-element_type=\"container\">\n\t\t\t\t<div class=\"elementor-element elementor-element-cf61424 color-scheme-inherit text-left elementor-widget elementor-widget-text-editor\" data-id=\"cf61424\" data-element_type=\"widget\" data-widget_type=\"text-editor.default\">\n\t\t\t\t<div class=\"elementor-widget-container\">\n\t\t\t\t\t\t\t\t\t<p>Attendez 2 \u00e0 3 heures avant d&#8217;ouvrir votre bo\u00eete contenant la carte, afin de lui laisser le temps de s&#8217;adapter \u00e0 la temp\u00e9rature de votre maison. Apr\u00e8s avoir ouvert la bo\u00eete, suivez les instructions fournies et regardez les guides vid\u00e9o. Veuillez noter que pour s\u00e9parer les \u00eelots, il faut appuyer doucement sur chaque pi\u00e8ce, de haut en bas, jusqu&#8217;\u00e0 ce qu&#8217;elle sorte, pour \u00e9viter qu&#8217;elle ne s&#8217;\u00e9caille.<\/p>\t\t\t\t\t\t\t\t<\/div>\n\t\t\t\t<\/div>\n\t\t\t\t<\/div>\n\t\t\t\t\t<\/details>\n\t\t\t\t\t<\/div>\n\t\t\t\t\t\t<\/div>\n\t\t\t\t<\/div>\n\t\t\t\t<\/div>\n\t\t\t\t\t<\/div>\n\t\t\t\t<\/div>\n\t\t\t\t<\/div>\n\t\t","protected":false},"excerpt":{"rendered":"<p>Unleash Your Wanderlust: Explore the World with a Stunning Wooden Map! Dreaming of decorating your home with a touch of<\/p>\n","protected":false},"featured_media":709,"comment_status":"open","ping_status":"closed","template":"","meta":[],"product_brand":[],"product_cat":[21,308],"product_tag":[],"class_list":{"0":"post-175","1":"product","2":"type-product","3":"status-publish","4":"has-post-thumbnail","6":"product_cat-world-maps","7":"product_cat-3d-solid-maps","9":"first","10":"instock","11":"purchasable","12":"product-type-variable","13":"has-default-attributes"},"yoast_head":"<!-- This site is optimized with the Yoast SEO plugin v27.1.1 - https:\/\/yoast.com\/product\/yoast-seo-wordpress\/ -->\n<title>Wooden world map LUX Natural Wood Buy in Switzerland with free shipping | PrideWood<\/title>\n<meta name=\"description\" content=\"LUX Natural Wood - 3D World Map at an affordable price \ud83e\udd1d Handmade \ud83d\ude9a Delivery throughout Switzerland \u279c WhatsApp \u260e\ufe0f +41 (76) 457 57 12 | PrideWood\" \/>\n<meta name=\"robots\" content=\"index, follow, max-snippet:-1, max-image-preview:large, max-video-preview:-1\" \/>\n<link rel=\"canonical\" href=\"https:\/\/pridewood.ch\/en\/product\/wooden-world-map-lux-natural-wood-3d\/\" \/>\n<meta property=\"og:locale\" content=\"en_US\" \/>\n<meta property=\"og:type\" content=\"article\" \/>\n<meta property=\"og:title\" content=\"Wooden world map LUX Natural Wood Buy in Switzerland with free shipping | PrideWood\" \/>\n<meta property=\"og:description\" content=\"LUX Natural Wood - 3D World Map at an affordable price \ud83e\udd1d Handmade \ud83d\ude9a Delivery throughout Switzerland \u279c WhatsApp \u260e\ufe0f +41 (76) 457 57 12 | PrideWood\" \/>\n<meta property=\"og:url\" content=\"https:\/\/pridewood.ch\/en\/product\/wooden-world-map-lux-natural-wood-3d\/\" \/>\n<meta property=\"og:site_name\" content=\"PrideWood\" \/>\n<meta property=\"article:modified_time\" content=\"2026-03-14T10:49:02+00:00\" \/>\n<meta property=\"og:image\" content=\"https:\/\/pridewood.ch\/wp-content\/uploads\/2024\/09\/65fc05128b1ac.webp\" \/>\n\t<meta property=\"og:image:width\" content=\"700\" \/>\n\t<meta property=\"og:image:height\" content=\"700\" \/>\n\t<meta property=\"og:image:type\" content=\"image\/webp\" \/>\n<meta name=\"twitter:card\" content=\"summary_large_image\" \/>\n<meta name=\"twitter:label1\" content=\"Est. reading time\" \/>\n\t<meta name=\"twitter:data1\" content=\"3 minutes\" \/>\n<script type=\"application\/ld+json\" class=\"yoast-schema-graph\">{\"@context\":\"https:\/\/schema.org\",\"@graph\":[{\"@type\":\"WebPage\",\"@id\":\"https:\/\/pridewood.ch\/en\/product\/wooden-world-map-lux-natural-wood-3d\/\",\"url\":\"https:\/\/pridewood.ch\/en\/product\/wooden-world-map-lux-natural-wood-3d\/\",\"name\":\"Wooden world map LUX Natural Wood Buy in Switzerland with free shipping | PrideWood\",\"isPartOf\":{\"@id\":\"https:\/\/pridewood.ch\/en\/#website\"},\"primaryImageOfPage\":{\"@id\":\"https:\/\/pridewood.ch\/en\/product\/wooden-world-map-lux-natural-wood-3d\/#primaryimage\"},\"image\":{\"@id\":\"https:\/\/pridewood.ch\/product\/wooden-world-map-lux-natural-wood-3d\/#primaryimage\"},\"thumbnailUrl\":\"https:\/\/pridewood.ch\/wp-content\/uploads\/2024\/09\/65fc05128b1ac.webp\",\"datePublished\":\"2024-09-06T15:28:56+00:00\",\"dateModified\":\"2026-03-14T10:49:02+00:00\",\"description\":\"LUX Natural Wood - 3D World Map at an affordable price \ud83e\udd1d Handmade \ud83d\ude9a Delivery throughout Switzerland \u279c WhatsApp \u260e\ufe0f +41 (76) 457 57 12 | PrideWood\",\"breadcrumb\":{\"@id\":\"https:\/\/pridewood.ch\/en\/product\/wooden-world-map-lux-natural-wood-3d\/#breadcrumb\"},\"inLanguage\":\"en-US\",\"potentialAction\":[{\"@type\":\"ReadAction\",\"target\":[[\"https:\/\/pridewood.ch\/en\/product\/wooden-world-map-lux-natural-wood-3d\/\"]]}]},{\"@type\":\"ImageObject\",\"inLanguage\":\"en-US\",\"@id\":\"https:\/\/pridewood.ch\/en\/product\/wooden-world-map-lux-natural-wood-3d\/#primaryimage\",\"url\":\"https:\/\/pridewood.ch\/wp-content\/uploads\/2024\/09\/65fc05128b1ac.webp\",\"contentUrl\":\"https:\/\/pridewood.ch\/wp-content\/uploads\/2024\/09\/65fc05128b1ac.webp\",\"width\":700,\"height\":700},{\"@type\":\"BreadcrumbList\",\"@id\":\"https:\/\/pridewood.ch\/en\/product\/wooden-world-map-lux-natural-wood-3d\/#breadcrumb\",\"itemListElement\":[{\"@type\":\"ListItem\",\"position\":1,\"name\":\"Home\",\"item\":\"https:\/\/pridewood.ch\/en\/\"},{\"@type\":\"ListItem\",\"position\":2,\"name\":\"Shop\",\"item\":\"https:\/\/pridewood.ch\/en\/shop\/\"},{\"@type\":\"ListItem\",\"position\":3,\"name\":\"Wooden world map LUX Natural Wood\"}]},{\"@type\":\"WebSite\",\"@id\":\"https:\/\/pridewood.ch\/en\/#website\",\"url\":\"https:\/\/pridewood.ch\/en\/\",\"name\":\"PrideWood\",\"description\":\"\",\"potentialAction\":[{\"@type\":\"SearchAction\",\"target\":{\"@type\":\"EntryPoint\",\"urlTemplate\":\"https:\/\/pridewood.ch\/en\/?s={search_term_string}\"},\"query-input\":{\"@type\":\"PropertyValueSpecification\",\"valueRequired\":true,\"valueName\":\"search_term_string\"}}],\"inLanguage\":\"en-US\"}]}<\/script>\n<!-- \/ Yoast SEO plugin. -->","yoast_head_json":{"title":"Wooden world map LUX Natural Wood Buy in Switzerland with free shipping | PrideWood","description":"LUX Natural Wood - 3D World Map at an affordable price \ud83e\udd1d Handmade \ud83d\ude9a Delivery throughout Switzerland \u279c WhatsApp \u260e\ufe0f +41 (76) 457 57 12 | PrideWood","robots":{"index":"index","follow":"follow","max-snippet":"max-snippet:-1","max-image-preview":"max-image-preview:large","max-video-preview":"max-video-preview:-1"},"canonical":"https:\/\/pridewood.ch\/en\/product\/wooden-world-map-lux-natural-wood-3d\/","og_locale":"en_US","og_type":"article","og_title":"Wooden world map LUX Natural Wood Buy in Switzerland with free shipping | PrideWood","og_description":"LUX Natural Wood - 3D World Map at an affordable price \ud83e\udd1d Handmade \ud83d\ude9a Delivery throughout Switzerland \u279c WhatsApp \u260e\ufe0f +41 (76) 457 57 12 | PrideWood","og_url":"https:\/\/pridewood.ch\/en\/product\/wooden-world-map-lux-natural-wood-3d\/","og_site_name":"PrideWood","article_modified_time":"2026-03-14T10:49:02+00:00","og_image":[{"width":700,"height":700,"url":"https:\/\/pridewood.ch\/wp-content\/uploads\/2024\/09\/65fc05128b1ac.webp","type":"image\/webp"}],"twitter_card":"summary_large_image","twitter_misc":{"Est. reading time":"3 minutes"},"schema":{"@context":"https:\/\/schema.org","@graph":[{"@type":"WebPage","@id":"https:\/\/pridewood.ch\/en\/product\/wooden-world-map-lux-natural-wood-3d\/","url":"https:\/\/pridewood.ch\/en\/product\/wooden-world-map-lux-natural-wood-3d\/","name":"Wooden world map LUX Natural Wood Buy in Switzerland with free shipping | PrideWood","isPartOf":{"@id":"https:\/\/pridewood.ch\/en\/#website"},"primaryImageOfPage":{"@id":"https:\/\/pridewood.ch\/en\/product\/wooden-world-map-lux-natural-wood-3d\/#primaryimage"},"image":{"@id":"https:\/\/pridewood.ch\/product\/wooden-world-map-lux-natural-wood-3d\/#primaryimage"},"thumbnailUrl":"https:\/\/pridewood.ch\/wp-content\/uploads\/2024\/09\/65fc05128b1ac.webp","datePublished":"2024-09-06T15:28:56+00:00","dateModified":"2026-03-14T10:49:02+00:00","description":"LUX Natural Wood - 3D World Map at an affordable price \ud83e\udd1d Handmade \ud83d\ude9a Delivery throughout Switzerland \u279c WhatsApp \u260e\ufe0f +41 (76) 457 57 12 | PrideWood","breadcrumb":{"@id":"https:\/\/pridewood.ch\/en\/product\/wooden-world-map-lux-natural-wood-3d\/#breadcrumb"},"inLanguage":"en-US","potentialAction":[{"@type":"ReadAction","target":[["https:\/\/pridewood.ch\/en\/product\/wooden-world-map-lux-natural-wood-3d\/"]]}]},{"@type":"ImageObject","inLanguage":"en-US","@id":"https:\/\/pridewood.ch\/en\/product\/wooden-world-map-lux-natural-wood-3d\/#primaryimage","url":"https:\/\/pridewood.ch\/wp-content\/uploads\/2024\/09\/65fc05128b1ac.webp","contentUrl":"https:\/\/pridewood.ch\/wp-content\/uploads\/2024\/09\/65fc05128b1ac.webp","width":700,"height":700},{"@type":"BreadcrumbList","@id":"https:\/\/pridewood.ch\/en\/product\/wooden-world-map-lux-natural-wood-3d\/#breadcrumb","itemListElement":[{"@type":"ListItem","position":1,"name":"Home","item":"https:\/\/pridewood.ch\/en\/"},{"@type":"ListItem","position":2,"name":"Shop","item":"https:\/\/pridewood.ch\/en\/shop\/"},{"@type":"ListItem","position":3,"name":"Wooden world map LUX Natural Wood"}]},{"@type":"WebSite","@id":"https:\/\/pridewood.ch\/en\/#website","url":"https:\/\/pridewood.ch\/en\/","name":"PrideWood","description":"","potentialAction":[{"@type":"SearchAction","target":{"@type":"EntryPoint","urlTemplate":"https:\/\/pridewood.ch\/en\/?s={search_term_string}"},"query-input":{"@type":"PropertyValueSpecification","valueRequired":true,"valueName":"search_term_string"}}],"inLanguage":"en-US"}]}},"_links":{"self":[{"href":"https:\/\/pridewood.ch\/en\/wp-json\/wp\/v2\/product\/175","targetHints":{"allow":["GET"]}}],"collection":[{"href":"https:\/\/pridewood.ch\/en\/wp-json\/wp\/v2\/product"}],"about":[{"href":"https:\/\/pridewood.ch\/en\/wp-json\/wp\/v2\/types\/product"}],"replies":[{"embeddable":true,"href":"https:\/\/pridewood.ch\/en\/wp-json\/wp\/v2\/comments?post=175"}],"version-history":[{"count":16,"href":"https:\/\/pridewood.ch\/en\/wp-json\/wp\/v2\/product\/175\/revisions"}],"predecessor-version":[{"id":6899,"href":"https:\/\/pridewood.ch\/en\/wp-json\/wp\/v2\/product\/175\/revisions\/6899"}],"wp:featuredmedia":[{"embeddable":true,"href":"https:\/\/pridewood.ch\/en\/wp-json\/wp\/v2\/media\/709"}],"wp:attachment":[{"href":"https:\/\/pridewood.ch\/en\/wp-json\/wp\/v2\/media?parent=175"}],"wp:term":[{"taxonomy":"product_brand","embeddable":true,"href":"https:\/\/pridewood.ch\/en\/wp-json\/wp\/v2\/product_brand?post=175"},{"taxonomy":"product_cat","embeddable":true,"href":"https:\/\/pridewood.ch\/en\/wp-json\/wp\/v2\/product_cat?post=175"},{"taxonomy":"product_tag","embeddable":true,"href":"https:\/\/pridewood.ch\/en\/wp-json\/wp\/v2\/product_tag?post=175"}],"curies":[{"name":"wp","href":"https:\/\/api.w.org\/{rel}","templated":true}]}}