{"id":177,"date":"2024-09-06T18:29:54","date_gmt":"2024-09-06T15:29:54","guid":{"rendered":"https:\/\/pridewood.ch\/?post_type=product&#038;p=177"},"modified":"2026-03-14T11:47:50","modified_gmt":"2026-03-14T10:47:50","slug":"wooden-world-map-lux-natural-wood-3d-led","status":"publish","type":"product","link":"https:\/\/pridewood.ch\/de\/product\/wooden-world-map-lux-natural-wood-3d-led\/","title":{"rendered":"Eine Weltkarte aus Holz LUX Natural Wood + LED"},"content":{"rendered":"\t\t<div data-elementor-type=\"wp-post\" data-elementor-id=\"177\" class=\"elementor elementor-177\">\n\t\t\t\t<div class=\"wd-negative-gap elementor-element elementor-element-fdbca59 e-flex e-con-boxed e-con e-parent\" data-id=\"fdbca59\" data-element_type=\"container\">\n\t\t\t\t\t<div class=\"e-con-inner\">\n\t\t<div class=\"elementor-element elementor-element-a11e259 e-con-full e-flex e-con e-child\" data-id=\"a11e259\" data-element_type=\"container\">\n\t\t\t\t<div class=\"elementor-element elementor-element-18ed7c0 color-scheme-inherit text-left elementor-widget elementor-widget-text-editor\" data-id=\"18ed7c0\" data-element_type=\"widget\" data-widget_type=\"text-editor.default\">\n\t\t\t\t<div class=\"elementor-widget-container\">\n\t\t\t\t\t\t\t\t\t<p>Accendi la tua voglia di viaggiare: esplora il mondo con una mappa in legno illuminata!<\/p><p>Cerchi un modo unico e accattivante per decorare la tua casa accendendo la tua voglia di viaggiare? Non cercare oltre le nostre mappe del mondo in legno realizzate a mano con una straordinaria illuminazione a LED! Questi pezzi squisiti, meticolosamente realizzati in legno massello di alta qualit\u00e0, trascendono la semplice arte murale, diventando compagni funzionali nelle tue esplorazioni globali.<\/p><p>Sblocca un mondo di possibilit\u00e0:<\/p><p>&#8211; Diventa un maestro della geografia: impara paesi, capitali e continenti con le nostre mappe dettagliate.<br \/>&#8211; Traccia le tue avventure da sogno: alimenta la tua voglia di viaggiare e pianifica viaggi indimenticabili con questa stimolante guida visiva.<br \/>&#8211; Tieni traccia dei tuoi viaggi: segna i paesi che hai conquistato e sogna le tue prossime destinazioni.<br \/>&#8211; Regalo con ispirazione: sorprendi i tuoi cari con un regalo unico e pratico che celebra il loro spirito avventuroso.<\/p><p>Trova la soluzione perfetta per il tuo spazio:<\/p><p>&#8211; L: 150 x 90 cm<br \/>&#8211; XL: 200 x 120 cm<\/p><p>Spessore: 15 &#8211; 23 mm<\/p><p>Materiale: legno massello (padouk, weng\u00e8, noce, frassino, rovere)<\/p><p>Sfumature: Ogni mappa \u00e8 unica e presenta sfumature diverse poich\u00e9 \u00e8 realizzata in legno naturale.<\/p><p>Lingua: Inglese<\/p><p>Pi\u00f9 che una semplice mappa, \u00e8:<\/p><p>&#8211; Realizzato a mano con amore: questo biglietto \u00e8 unico perch\u00e9 \u00e8 fatto a mano e prodotto in legno naturale. La struttura naturale del legno, ricoperta di cera d&#8217;olio, viene completamente preservata.<br \/>&#8211; Bellezza versatile: completa qualsiasi stile di arredamento, aggiungendo calore e personalit\u00e0 al tuo spazio.<br \/>&#8211; Installazione e cura senza sforzo: goditi la tua mappa per gli anni a venire con la sua semplice installazione e cura.<br \/>&#8211; Illuminazione a LED coinvolgente: l&#8217;illuminazione a LED regolabile crea un&#8217;atmosfera affascinante ed evidenzia gli intricati dettagli della mappa, trasformandola in un punto focale mozzafiato.<\/p><p>Pronto per intraprendere il tuo viaggio globale? Ordina oggi la tua mappa del mondo in legno illuminata e trasforma la tua casa in un rifugio per l&#8217;esplorazione e la scoperta!<\/p>\t\t\t\t\t\t\t\t<\/div>\n\t\t\t\t<\/div>\n\t\t\t\t<\/div>\n\t\t<div class=\"elementor-element elementor-element-76a8c35 e-con-full e-flex e-con e-child\" data-id=\"76a8c35\" data-element_type=\"container\">\n\t\t\t\t<div class=\"elementor-element elementor-element-ae4008f wd-width-100 elementor-widget elementor-widget-wd_title\" data-id=\"ae4008f\" data-element_type=\"widget\" data-widget_type=\"wd_title.default\">\n\t\t\t\t<div class=\"elementor-widget-container\">\n\t\t\t\t\t\t\t<div class=\"title-wrapper wd-set-mb reset-last-child wd-title-color-default wd-title-style-default wd-title-size-default text-center\">\n\n\t\t\t\t\t\t\t\t\t\t\t<div class=\"title-subtitle subtitle-color-default subtitle-style-background wd-fontsize-xs\">\n\t\t\t\t\tDOMANDE FREQUENTI\t\t\t\t<\/div>\n\t\t\t\n\t\t\t<div class=\"liner-continer\">\n\t\t\t\t<h4 class=\"woodmart-title-container title wd-fontsize-l\">Hai una domanda? Siamo qui per aiutarti.<\/h4> \n\t\t\t\t\t\t\t<\/div>\n\n\t\t\t\t\t<\/div>\n\t\t\t\t\t\t<\/div>\n\t\t\t\t<\/div>\n\t\t\t\t<div class=\"elementor-element elementor-element-e653dea elementor-widget elementor-widget-n-accordion\" data-id=\"e653dea\" data-element_type=\"widget\" data-settings=\"{&quot;default_state&quot;:&quot;all_collapsed&quot;,&quot;max_items_expended&quot;:&quot;one&quot;,&quot;n_accordion_animation_duration&quot;:{&quot;unit&quot;:&quot;ms&quot;,&quot;size&quot;:400,&quot;sizes&quot;:[]}}\" data-widget_type=\"nested-accordion.default\">\n\t\t\t\t<div class=\"elementor-widget-container\">\n\t\t\t\t\t\t\t<div class=\"e-n-accordion\" aria-label=\"Accordion. Open links with Enter or Space, close with Escape, and navigate with Arrow Keys\">\n\t\t\t\t\t\t<details id=\"e-n-accordion-item-2410\" class=\"e-n-accordion-item\" >\n\t\t\t\t<summary class=\"e-n-accordion-item-title\" data-accordion-index=\"1\" tabindex=\"0\" aria-expanded=\"false\" aria-controls=\"e-n-accordion-item-2410\" >\n\t\t\t\t\t<span class='e-n-accordion-item-title-header'><div class=\"e-n-accordion-item-title-text\"> La mappa rimarr\u00e0 attaccata a una parete non perfettamente liscia e uniforme (ad esempio intonacata o carta da parati)? <\/div><\/span>\n\t\t\t\t\t\t\t<span class='e-n-accordion-item-title-icon'>\n\t\t\t<span class='e-opened' ><svg aria-hidden=\"true\" class=\"e-font-icon-svg e-fas-chevron-up\" viewBox=\"0 0 448 512\" xmlns=\"http:\/\/www.w3.org\/2000\/svg\"><path d=\"M240.971 130.524l194.343 194.343c9.373 9.373 9.373 24.569 0 33.941l-22.667 22.667c-9.357 9.357-24.522 9.375-33.901.04L224 227.495 69.255 381.516c-9.379 9.335-24.544 9.317-33.901-.04l-22.667-22.667c-9.373-9.373-9.373-24.569 0-33.941L207.03 130.525c9.372-9.373 24.568-9.373 33.941-.001z\"><\/path><\/svg><\/span>\n\t\t\t<span class='e-closed'><svg aria-hidden=\"true\" class=\"e-font-icon-svg e-fas-chevron-down\" viewBox=\"0 0 448 512\" xmlns=\"http:\/\/www.w3.org\/2000\/svg\"><path d=\"M207.029 381.476L12.686 187.132c-9.373-9.373-9.373-24.569 0-33.941l22.667-22.667c9.357-9.357 24.522-9.375 33.901-.04L224 284.505l154.745-154.021c9.379-9.335 24.544-9.317 33.901.04l22.667 22.667c9.373 9.373 9.373 24.569 0 33.941L240.971 381.476c-9.373 9.372-24.569 9.372-33.942 0z\"><\/path><\/svg><\/span>\n\t\t<\/span>\n\n\t\t\t\t\t\t<\/summary>\n\t\t\t\t<div role=\"region\" aria-labelledby=\"e-n-accordion-item-2410\" class=\"elementor-element elementor-element-ab8de94 e-con-full e-flex e-con e-child\" data-id=\"ab8de94\" data-element_type=\"container\">\n\t\t\t\t<div class=\"elementor-element elementor-element-d8f8fc2 color-scheme-inherit text-left elementor-widget elementor-widget-text-editor\" data-id=\"d8f8fc2\" data-element_type=\"widget\" data-widget_type=\"text-editor.default\">\n\t\t\t\t<div class=\"elementor-widget-container\">\n\t\t\t\t\t\t\t\t\t<p>S\u00ec, lo far\u00e0. Dipende dal tipo e dall&#8217;altezza dello strato superficiale del muro. Pi\u00f9 \u00e8 liscio, meglio \u00e8.<\/p>\t\t\t\t\t\t\t\t<\/div>\n\t\t\t\t<\/div>\n\t\t\t\t<\/div>\n\t\t\t\t\t<\/details>\n\t\t\t\t\t\t<details id=\"e-n-accordion-item-2411\" class=\"e-n-accordion-item\" >\n\t\t\t\t<summary class=\"e-n-accordion-item-title\" data-accordion-index=\"2\" tabindex=\"-1\" aria-expanded=\"false\" aria-controls=\"e-n-accordion-item-2411\" >\n\t\t\t\t\t<span class='e-n-accordion-item-title-header'><div class=\"e-n-accordion-item-title-text\"> Quanto tempo ci vuole effettivamente per installare la mappa? <\/div><\/span>\n\t\t\t\t\t\t\t<span class='e-n-accordion-item-title-icon'>\n\t\t\t<span class='e-opened' ><svg aria-hidden=\"true\" class=\"e-font-icon-svg e-fas-chevron-up\" viewBox=\"0 0 448 512\" xmlns=\"http:\/\/www.w3.org\/2000\/svg\"><path d=\"M240.971 130.524l194.343 194.343c9.373 9.373 9.373 24.569 0 33.941l-22.667 22.667c-9.357 9.357-24.522 9.375-33.901.04L224 227.495 69.255 381.516c-9.379 9.335-24.544 9.317-33.901-.04l-22.667-22.667c-9.373-9.373-9.373-24.569 0-33.941L207.03 130.525c9.372-9.373 24.568-9.373 33.941-.001z\"><\/path><\/svg><\/span>\n\t\t\t<span class='e-closed'><svg aria-hidden=\"true\" class=\"e-font-icon-svg e-fas-chevron-down\" viewBox=\"0 0 448 512\" xmlns=\"http:\/\/www.w3.org\/2000\/svg\"><path d=\"M207.029 381.476L12.686 187.132c-9.373-9.373-9.373-24.569 0-33.941l22.667-22.667c9.357-9.357 24.522-9.375 33.901-.04L224 284.505l154.745-154.021c9.379-9.335 24.544-9.317 33.901.04l22.667 22.667c9.373 9.373 9.373 24.569 0 33.941L240.971 381.476c-9.373 9.372-24.569 9.372-33.942 0z\"><\/path><\/svg><\/span>\n\t\t<\/span>\n\n\t\t\t\t\t\t<\/summary>\n\t\t\t\t<div role=\"region\" aria-labelledby=\"e-n-accordion-item-2411\" class=\"elementor-element elementor-element-cdc342e e-con-full e-flex e-con e-child\" data-id=\"cdc342e\" data-element_type=\"container\">\n\t\t\t\t<div class=\"elementor-element elementor-element-e71225e color-scheme-inherit text-left elementor-widget elementor-widget-text-editor\" data-id=\"e71225e\" data-element_type=\"widget\" data-widget_type=\"text-editor.default\">\n\t\t\t\t<div class=\"elementor-widget-container\">\n\t\t\t\t\t\t\t\t\t<p>Il processo di installazione richiede diverse ore. \u00c8 un progetto divertente da fare in gruppo, se lo si desidera.<\/p>\t\t\t\t\t\t\t\t<\/div>\n\t\t\t\t<\/div>\n\t\t\t\t<\/div>\n\t\t\t\t\t<\/details>\n\t\t\t\t\t\t<details id=\"e-n-accordion-item-2412\" class=\"e-n-accordion-item\" >\n\t\t\t\t<summary class=\"e-n-accordion-item-title\" data-accordion-index=\"3\" tabindex=\"-1\" aria-expanded=\"false\" aria-controls=\"e-n-accordion-item-2412\" >\n\t\t\t\t\t<span class='e-n-accordion-item-title-header'><div class=\"e-n-accordion-item-title-text\"> Ci sono suggerimenti per facilitare l'installazione? <\/div><\/span>\n\t\t\t\t\t\t\t<span class='e-n-accordion-item-title-icon'>\n\t\t\t<span class='e-opened' ><svg aria-hidden=\"true\" class=\"e-font-icon-svg e-fas-chevron-up\" viewBox=\"0 0 448 512\" xmlns=\"http:\/\/www.w3.org\/2000\/svg\"><path d=\"M240.971 130.524l194.343 194.343c9.373 9.373 9.373 24.569 0 33.941l-22.667 22.667c-9.357 9.357-24.522 9.375-33.901.04L224 227.495 69.255 381.516c-9.379 9.335-24.544 9.317-33.901-.04l-22.667-22.667c-9.373-9.373-9.373-24.569 0-33.941L207.03 130.525c9.372-9.373 24.568-9.373 33.941-.001z\"><\/path><\/svg><\/span>\n\t\t\t<span class='e-closed'><svg aria-hidden=\"true\" class=\"e-font-icon-svg e-fas-chevron-down\" viewBox=\"0 0 448 512\" xmlns=\"http:\/\/www.w3.org\/2000\/svg\"><path d=\"M207.029 381.476L12.686 187.132c-9.373-9.373-9.373-24.569 0-33.941l22.667-22.667c9.357-9.357 24.522-9.375 33.901-.04L224 284.505l154.745-154.021c9.379-9.335 24.544-9.317 33.901.04l22.667 22.667c9.373 9.373 9.373 24.569 0 33.941L240.971 381.476c-9.373 9.372-24.569 9.372-33.942 0z\"><\/path><\/svg><\/span>\n\t\t<\/span>\n\n\t\t\t\t\t\t<\/summary>\n\t\t\t\t<div role=\"region\" aria-labelledby=\"e-n-accordion-item-2412\" class=\"elementor-element elementor-element-7279c84 e-con-full e-flex e-con e-child\" data-id=\"7279c84\" data-element_type=\"container\">\n\t\t\t\t<div class=\"elementor-element elementor-element-bee916d color-scheme-inherit text-left elementor-widget elementor-widget-text-editor\" data-id=\"bee916d\" data-element_type=\"widget\" data-widget_type=\"text-editor.default\">\n\t\t\t\t<div class=\"elementor-widget-container\">\n\t\t\t\t\t\t\t\t\t<p>Aspetta 2-3 ore prima di aprire la scatola con la Mappa quando la porti a casa, per darle il tempo di adattarsi alla temperatura della tua casa. Dopo aver aperto la scatola, segui le istruzioni incluse e guarda le guide video. Nota che per separare le isole, si dovrebbe premere delicatamente su ogni pezzo, dall&#8217;alto verso il basso, finch\u00e9 non esce, per evitare che si scheggi.<\/p>\t\t\t\t\t\t\t\t<\/div>\n\t\t\t\t<\/div>\n\t\t\t\t<\/div>\n\t\t\t\t\t<\/details>\n\t\t\t\t\t<\/div>\n\t\t\t\t\t\t<\/div>\n\t\t\t\t<\/div>\n\t\t\t\t<\/div>\n\t\t\t\t\t<\/div>\n\t\t\t\t<\/div>\n\t\t\t\t<\/div>\n\t\t","protected":false},"excerpt":{"rendered":"<p>Entfachen Sie Ihr Fernweh: Entdecken Sie die Welt mit einer beleuchteten Holzkarte! Suchen Sie nach einer einzigartigen und faszinierenden M\u00f6glichkeit,<\/p>\n","protected":false},"featured_media":6766,"comment_status":"open","ping_status":"closed","template":"","meta":[],"product_brand":[],"product_cat":[21,306,308],"product_tag":[],"class_list":{"0":"post-177","1":"product","2":"type-product","3":"status-publish","4":"has-post-thumbnail","6":"product_cat-world-maps","7":"product_cat-3d-led","8":"product_cat-3d-solid-maps","10":"first","11":"instock","12":"purchasable","13":"product-type-variable","14":"has-default-attributes"},"yoast_head":"<!-- This site is optimized with the Yoast SEO plugin v27.1.1 - https:\/\/yoast.com\/product\/yoast-seo-wordpress\/ -->\n<title>Eine Weltkarte aus Holz LUX Natural Wood + LED Kaufen Sie in der Schweiz mit kostenlosem Versand | PrideWood<\/title>\n<meta name=\"description\" content=\"LUX Natural Wood + LED - Holz-Weltkarte von EnjoyTheWood \u2b50\ufe0f Erh\u00e4ltlich in drei Gr\u00f6ssen \u2714\ufe0f Kostenlose Lieferung innerhalb der Schweiz! \u279c WhatsApp \u260e\ufe0f +41 (76) 457 57 12 | PrideWood\" \/>\n<meta name=\"robots\" content=\"index, follow, max-snippet:-1, max-image-preview:large, max-video-preview:-1\" \/>\n<link rel=\"canonical\" href=\"https:\/\/pridewood.ch\/de\/product\/wooden-world-map-lux-natural-wood-3d-led\/\" \/>\n<meta property=\"og:locale\" content=\"de_DE\" \/>\n<meta property=\"og:type\" content=\"article\" \/>\n<meta property=\"og:title\" content=\"Eine Weltkarte aus Holz LUX Natural Wood + LED Kaufen Sie in der Schweiz mit kostenlosem Versand | PrideWood\" \/>\n<meta property=\"og:description\" content=\"LUX Natural Wood + LED - Holz-Weltkarte von EnjoyTheWood \u2b50\ufe0f Erh\u00e4ltlich in drei Gr\u00f6ssen \u2714\ufe0f Kostenlose Lieferung innerhalb der Schweiz! \u279c WhatsApp \u260e\ufe0f +41 (76) 457 57 12 | PrideWood\" \/>\n<meta property=\"og:url\" content=\"https:\/\/pridewood.ch\/de\/product\/wooden-world-map-lux-natural-wood-3d-led\/\" \/>\n<meta property=\"og:site_name\" content=\"PrideWood\" \/>\n<meta property=\"article:modified_time\" content=\"2026-03-14T10:47:50+00:00\" \/>\n<meta property=\"og:image\" content=\"https:\/\/pridewood.ch\/wp-content\/uploads\/2024\/09\/lux-led_worldmap-3.webp\" \/>\n\t<meta property=\"og:image:width\" content=\"1080\" \/>\n\t<meta property=\"og:image:height\" content=\"1080\" \/>\n\t<meta property=\"og:image:type\" content=\"image\/webp\" \/>\n<meta name=\"twitter:card\" content=\"summary_large_image\" \/>\n<meta name=\"twitter:label1\" content=\"Gesch\u00e4tzte Lesezeit\" \/>\n\t<meta name=\"twitter:data1\" content=\"3\u00a0Minuten\" \/>\n<script type=\"application\/ld+json\" class=\"yoast-schema-graph\">{\"@context\":\"https:\/\/schema.org\",\"@graph\":[{\"@type\":\"WebPage\",\"@id\":\"https:\/\/pridewood.ch\/de\/product\/wooden-world-map-lux-natural-wood-3d-led\/\",\"url\":\"https:\/\/pridewood.ch\/de\/product\/wooden-world-map-lux-natural-wood-3d-led\/\",\"name\":\"Eine Weltkarte aus Holz LUX Natural Wood + LED Kaufen Sie in der Schweiz mit kostenlosem Versand | PrideWood\",\"isPartOf\":{\"@id\":\"https:\/\/pridewood.ch\/de\/#website\"},\"primaryImageOfPage\":{\"@id\":\"https:\/\/pridewood.ch\/de\/product\/wooden-world-map-lux-natural-wood-3d-led\/#primaryimage\"},\"image\":{\"@id\":\"https:\/\/pridewood.ch\/product\/wooden-world-map-lux-natural-wood-3d-led\/#primaryimage\"},\"thumbnailUrl\":\"https:\/\/pridewood.ch\/wp-content\/uploads\/2024\/09\/lux-led_worldmap-3.webp\",\"datePublished\":\"2024-09-06T15:29:54+00:00\",\"dateModified\":\"2026-03-14T10:47:50+00:00\",\"description\":\"LUX Natural Wood + LED - Holz-Weltkarte von EnjoyTheWood \u2b50\ufe0f Erh\u00e4ltlich in drei Gr\u00f6ssen \u2714\ufe0f Kostenlose Lieferung innerhalb der Schweiz! \u279c WhatsApp \u260e\ufe0f +41 (76) 457 57 12 | PrideWood\",\"breadcrumb\":{\"@id\":\"https:\/\/pridewood.ch\/de\/product\/wooden-world-map-lux-natural-wood-3d-led\/#breadcrumb\"},\"inLanguage\":\"de\",\"potentialAction\":[{\"@type\":\"ReadAction\",\"target\":[[\"https:\/\/pridewood.ch\/de\/product\/wooden-world-map-lux-natural-wood-3d-led\/\"]]}]},{\"@type\":\"ImageObject\",\"inLanguage\":\"de\",\"@id\":\"https:\/\/pridewood.ch\/de\/product\/wooden-world-map-lux-natural-wood-3d-led\/#primaryimage\",\"url\":\"https:\/\/pridewood.ch\/wp-content\/uploads\/2024\/09\/lux-led_worldmap-3.webp\",\"contentUrl\":\"https:\/\/pridewood.ch\/wp-content\/uploads\/2024\/09\/lux-led_worldmap-3.webp\",\"width\":1080,\"height\":1080},{\"@type\":\"BreadcrumbList\",\"@id\":\"https:\/\/pridewood.ch\/de\/product\/wooden-world-map-lux-natural-wood-3d-led\/#breadcrumb\",\"itemListElement\":[{\"@type\":\"ListItem\",\"position\":1,\"name\":\"Home\",\"item\":\"https:\/\/pridewood.ch\/de\/\"},{\"@type\":\"ListItem\",\"position\":2,\"name\":\"Shop\",\"item\":\"https:\/\/pridewood.ch\/de\/shop\/\"},{\"@type\":\"ListItem\",\"position\":3,\"name\":\"Wooden world map LUX Natural Wood + LED\"}]},{\"@type\":\"WebSite\",\"@id\":\"https:\/\/pridewood.ch\/de\/#website\",\"url\":\"https:\/\/pridewood.ch\/de\/\",\"name\":\"PrideWood\",\"description\":\"\",\"potentialAction\":[{\"@type\":\"SearchAction\",\"target\":{\"@type\":\"EntryPoint\",\"urlTemplate\":\"https:\/\/pridewood.ch\/de\/?s={search_term_string}\"},\"query-input\":{\"@type\":\"PropertyValueSpecification\",\"valueRequired\":true,\"valueName\":\"search_term_string\"}}],\"inLanguage\":\"de\"}]}<\/script>\n<!-- \/ Yoast SEO plugin. -->","yoast_head_json":{"title":"Eine Weltkarte aus Holz LUX Natural Wood + LED Kaufen Sie in der Schweiz mit kostenlosem Versand | PrideWood","description":"LUX Natural Wood + LED - Holz-Weltkarte von EnjoyTheWood \u2b50\ufe0f Erh\u00e4ltlich in drei Gr\u00f6ssen \u2714\ufe0f Kostenlose Lieferung innerhalb der Schweiz! \u279c WhatsApp \u260e\ufe0f +41 (76) 457 57 12 | PrideWood","robots":{"index":"index","follow":"follow","max-snippet":"max-snippet:-1","max-image-preview":"max-image-preview:large","max-video-preview":"max-video-preview:-1"},"canonical":"https:\/\/pridewood.ch\/de\/product\/wooden-world-map-lux-natural-wood-3d-led\/","og_locale":"de_DE","og_type":"article","og_title":"Eine Weltkarte aus Holz LUX Natural Wood + LED Kaufen Sie in der Schweiz mit kostenlosem Versand | PrideWood","og_description":"LUX Natural Wood + LED - Holz-Weltkarte von EnjoyTheWood \u2b50\ufe0f Erh\u00e4ltlich in drei Gr\u00f6ssen \u2714\ufe0f Kostenlose Lieferung innerhalb der Schweiz! \u279c WhatsApp \u260e\ufe0f +41 (76) 457 57 12 | PrideWood","og_url":"https:\/\/pridewood.ch\/de\/product\/wooden-world-map-lux-natural-wood-3d-led\/","og_site_name":"PrideWood","article_modified_time":"2026-03-14T10:47:50+00:00","og_image":[{"width":1080,"height":1080,"url":"https:\/\/pridewood.ch\/wp-content\/uploads\/2024\/09\/lux-led_worldmap-3.webp","type":"image\/webp"}],"twitter_card":"summary_large_image","twitter_misc":{"Gesch\u00e4tzte Lesezeit":"3\u00a0Minuten"},"schema":{"@context":"https:\/\/schema.org","@graph":[{"@type":"WebPage","@id":"https:\/\/pridewood.ch\/de\/product\/wooden-world-map-lux-natural-wood-3d-led\/","url":"https:\/\/pridewood.ch\/de\/product\/wooden-world-map-lux-natural-wood-3d-led\/","name":"Eine Weltkarte aus Holz LUX Natural Wood + LED Kaufen Sie in der Schweiz mit kostenlosem Versand | PrideWood","isPartOf":{"@id":"https:\/\/pridewood.ch\/de\/#website"},"primaryImageOfPage":{"@id":"https:\/\/pridewood.ch\/de\/product\/wooden-world-map-lux-natural-wood-3d-led\/#primaryimage"},"image":{"@id":"https:\/\/pridewood.ch\/product\/wooden-world-map-lux-natural-wood-3d-led\/#primaryimage"},"thumbnailUrl":"https:\/\/pridewood.ch\/wp-content\/uploads\/2024\/09\/lux-led_worldmap-3.webp","datePublished":"2024-09-06T15:29:54+00:00","dateModified":"2026-03-14T10:47:50+00:00","description":"LUX Natural Wood + LED - Holz-Weltkarte von EnjoyTheWood \u2b50\ufe0f Erh\u00e4ltlich in drei Gr\u00f6ssen \u2714\ufe0f Kostenlose Lieferung innerhalb der Schweiz! \u279c WhatsApp \u260e\ufe0f +41 (76) 457 57 12 | PrideWood","breadcrumb":{"@id":"https:\/\/pridewood.ch\/de\/product\/wooden-world-map-lux-natural-wood-3d-led\/#breadcrumb"},"inLanguage":"de","potentialAction":[{"@type":"ReadAction","target":[["https:\/\/pridewood.ch\/de\/product\/wooden-world-map-lux-natural-wood-3d-led\/"]]}]},{"@type":"ImageObject","inLanguage":"de","@id":"https:\/\/pridewood.ch\/de\/product\/wooden-world-map-lux-natural-wood-3d-led\/#primaryimage","url":"https:\/\/pridewood.ch\/wp-content\/uploads\/2024\/09\/lux-led_worldmap-3.webp","contentUrl":"https:\/\/pridewood.ch\/wp-content\/uploads\/2024\/09\/lux-led_worldmap-3.webp","width":1080,"height":1080},{"@type":"BreadcrumbList","@id":"https:\/\/pridewood.ch\/de\/product\/wooden-world-map-lux-natural-wood-3d-led\/#breadcrumb","itemListElement":[{"@type":"ListItem","position":1,"name":"Home","item":"https:\/\/pridewood.ch\/de\/"},{"@type":"ListItem","position":2,"name":"Shop","item":"https:\/\/pridewood.ch\/de\/shop\/"},{"@type":"ListItem","position":3,"name":"Wooden world map LUX Natural Wood + LED"}]},{"@type":"WebSite","@id":"https:\/\/pridewood.ch\/de\/#website","url":"https:\/\/pridewood.ch\/de\/","name":"PrideWood","description":"","potentialAction":[{"@type":"SearchAction","target":{"@type":"EntryPoint","urlTemplate":"https:\/\/pridewood.ch\/de\/?s={search_term_string}"},"query-input":{"@type":"PropertyValueSpecification","valueRequired":true,"valueName":"search_term_string"}}],"inLanguage":"de"}]}},"_links":{"self":[{"href":"https:\/\/pridewood.ch\/de\/wp-json\/wp\/v2\/product\/177","targetHints":{"allow":["GET"]}}],"collection":[{"href":"https:\/\/pridewood.ch\/de\/wp-json\/wp\/v2\/product"}],"about":[{"href":"https:\/\/pridewood.ch\/de\/wp-json\/wp\/v2\/types\/product"}],"replies":[{"embeddable":true,"href":"https:\/\/pridewood.ch\/de\/wp-json\/wp\/v2\/comments?post=177"}],"version-history":[{"count":17,"href":"https:\/\/pridewood.ch\/de\/wp-json\/wp\/v2\/product\/177\/revisions"}],"predecessor-version":[{"id":6898,"href":"https:\/\/pridewood.ch\/de\/wp-json\/wp\/v2\/product\/177\/revisions\/6898"}],"wp:featuredmedia":[{"embeddable":true,"href":"https:\/\/pridewood.ch\/de\/wp-json\/wp\/v2\/media\/6766"}],"wp:attachment":[{"href":"https:\/\/pridewood.ch\/de\/wp-json\/wp\/v2\/media?parent=177"}],"wp:term":[{"taxonomy":"product_brand","embeddable":true,"href":"https:\/\/pridewood.ch\/de\/wp-json\/wp\/v2\/product_brand?post=177"},{"taxonomy":"product_cat","embeddable":true,"href":"https:\/\/pridewood.ch\/de\/wp-json\/wp\/v2\/product_cat?post=177"},{"taxonomy":"product_tag","embeddable":true,"href":"https:\/\/pridewood.ch\/de\/wp-json\/wp\/v2\/product_tag?post=177"}],"curies":[{"name":"wp","href":"https:\/\/api.w.org\/{rel}","templated":true}]}}