{"id":150,"date":"2024-09-06T16:12:40","date_gmt":"2024-09-06T13:12:40","guid":{"rendered":"https:\/\/pridewood.ch\/?post_type=product&#038;p=150"},"modified":"2025-10-24T15:55:36","modified_gmt":"2025-10-24T13:55:36","slug":"wooden-calculator-with-solar","status":"publish","type":"product","link":"https:\/\/pridewood.ch\/de\/product\/wooden-calculator-with-solar\/","title":{"rendered":"Rechner aus Holz mit Solar"},"content":{"rendered":"<p>Haben Sie genug von kalten Zahlen auf dem Bildschirm? Tauchen Sie ein in die W\u00e4rme der Natur mit dem PrideWood-Bambusrechner!<br \/>\nWir pr\u00e4sentieren Ihnen einen Taschenrechner, der nicht nur Ihr treuer Assistent bei Berechnungen wird, sondern auch Ihren Desktop schm\u00fcckt.<\/p>\n<p>Der 12-stellige Tischrechner von PrideWood Bamboo ist mehr als nur ein Berechnungstool, er ist ein Kunstwerk!<\/p>\n<p>Sein K\u00f6rper besteht aus hochwertigem karbonisiertem Bambus, der nicht nur eine einzigartige \u00c4sthetik, sondern auch eine au\u00dfergew\u00f6hnliche Haltbarkeit aufweist.<\/p>\n<p>29 gro\u00dfe Tasten sorgen f\u00fcr komfortables und schnelles Dr\u00fccken und das Solarpanel als zus\u00e4tzliche Stromquelle erm\u00f6glicht die Nutzung des Rechners auch abseits einer Steckdose.<\/p>\n<p>Das intelligente Stromversorgungssystem schaltet den Rechner nach 6 Minuten Inaktivit\u00e4t automatisch aus und spart so Batteriestrom.<\/p>\n<p>Funktionalit\u00e4t des PrideWood-Rechners:<br \/>\n1. Einfache Addition, Subtraktion, Multiplikation, Division<br \/>\n2. Zinsberechnung<br \/>\n3. Ziehen der Quadratwurzel<br \/>\n4. R\u00fcckw\u00e4rts oder vorw\u00e4rts pr\u00fcfen<br \/>\n5. Berechnung von 99 Schritten<\/p>\n<p>Mit dem PrideWood-Rechner k\u00f6nnen Sie:<br \/>\n&#8211; L\u00f6sen Sie einfach und schnell alle mathematischen Probleme<br \/>\n&#8211; Arbeiten Sie bequem zu Hause oder im B\u00fcro<br \/>\n&#8211; Verleihen Sie Ihrem Desktop einen Hauch nat\u00fcrlicher Sch\u00f6nheit<\/p>\n<p>Schenken Sie sich und Ihren Lieben ein St\u00fcck Natur mit dem PrideWood-Bambusrechner!<\/p>","protected":false},"excerpt":{"rendered":"<p>Haben Sie genug von kalten Zahlen auf dem Bildschirm? Tauchen Sie ein in die W\u00e4rme der Natur mit dem PrideWood-Bambusrechner!<\/p>\n","protected":false},"featured_media":6911,"comment_status":"open","ping_status":"closed","template":"","meta":[],"product_brand":[],"product_cat":[288],"product_tag":[],"class_list":{"0":"post-150","1":"product","2":"type-product","3":"status-publish","4":"has-post-thumbnail","6":"product_cat-gadgets","7":"product_shipping_class-gadgets","9":"first","10":"instock","11":"sale","12":"purchasable","13":"product-type-simple"},"yoast_head":"<!-- This site is optimized with the Yoast SEO plugin v27.1.1 - https:\/\/yoast.com\/product\/yoast-seo-wordpress\/ -->\n<title>Rechner aus Holz mit Solar Kaufen | PrideWood<\/title>\n<meta name=\"description\" content=\"PrideWood 12-stelliger Tischrechner \u2714\ufe0f Tolle Erg\u00e4nzung f\u00fcr Ihren Schreibtisch \u2b50 Aus Bambus gefertigt \ud83d\ude9a Lieferung in die ganze Schweiz \u279c WhatsApp \u260e +41 (76) 457 57 13 | PrideWood\" \/>\n<meta name=\"robots\" content=\"index, follow, max-snippet:-1, max-image-preview:large, max-video-preview:-1\" \/>\n<link rel=\"canonical\" href=\"https:\/\/pridewood.ch\/de\/product\/wooden-calculator-with-solar\/\" \/>\n<meta property=\"og:locale\" content=\"de_DE\" \/>\n<meta property=\"og:type\" content=\"article\" \/>\n<meta property=\"og:title\" content=\"Rechner aus Holz mit Solar Kaufen | PrideWood\" \/>\n<meta property=\"og:description\" content=\"PrideWood 12-stelliger Tischrechner \u2714\ufe0f Tolle Erg\u00e4nzung f\u00fcr Ihren Schreibtisch \u2b50 Aus Bambus gefertigt \ud83d\ude9a Lieferung in die ganze Schweiz \u279c WhatsApp \u260e +41 (76) 457 57 13 | PrideWood\" \/>\n<meta property=\"og:url\" content=\"https:\/\/pridewood.ch\/de\/product\/wooden-calculator-with-solar\/\" \/>\n<meta property=\"og:site_name\" content=\"PrideWood\" \/>\n<meta property=\"article:modified_time\" content=\"2025-10-24T13:55:36+00:00\" \/>\n<meta property=\"og:image\" content=\"https:\/\/pridewood.ch\/wp-content\/uploads\/2024\/09\/dizajn-bez-nazvaniya.webp\" \/>\n\t<meta property=\"og:image:width\" content=\"700\" \/>\n\t<meta property=\"og:image:height\" content=\"700\" \/>\n\t<meta property=\"og:image:type\" content=\"image\/webp\" \/>\n<meta name=\"twitter:card\" content=\"summary_large_image\" \/>\n<meta name=\"twitter:label1\" content=\"Gesch\u00e4tzte Lesezeit\" \/>\n\t<meta name=\"twitter:data1\" content=\"2\u00a0Minuten\" \/>\n<script type=\"application\/ld+json\" class=\"yoast-schema-graph\">{\"@context\":\"https:\/\/schema.org\",\"@graph\":[{\"@type\":\"WebPage\",\"@id\":\"https:\/\/pridewood.ch\/de\/product\/wooden-calculator-with-solar\/\",\"url\":\"https:\/\/pridewood.ch\/de\/product\/wooden-calculator-with-solar\/\",\"name\":\"Rechner aus Holz mit Solar Kaufen | PrideWood\",\"isPartOf\":{\"@id\":\"https:\/\/pridewood.ch\/de\/#website\"},\"primaryImageOfPage\":{\"@id\":\"https:\/\/pridewood.ch\/de\/product\/wooden-calculator-with-solar\/#primaryimage\"},\"image\":{\"@id\":\"https:\/\/pridewood.ch\/product\/wooden-calculator-with-solar\/#primaryimage\"},\"thumbnailUrl\":\"https:\/\/pridewood.ch\/wp-content\/uploads\/2024\/09\/dizajn-bez-nazvaniya.webp\",\"datePublished\":\"2024-09-06T13:12:40+00:00\",\"dateModified\":\"2025-10-24T13:55:36+00:00\",\"description\":\"PrideWood 12-stelliger Tischrechner \u2714\ufe0f Tolle Erg\u00e4nzung f\u00fcr Ihren Schreibtisch \u2b50 Aus Bambus gefertigt \ud83d\ude9a Lieferung in die ganze Schweiz \u279c WhatsApp \u260e +41 (76) 457 57 13 | PrideWood\",\"breadcrumb\":{\"@id\":\"https:\/\/pridewood.ch\/de\/product\/wooden-calculator-with-solar\/#breadcrumb\"},\"inLanguage\":\"de\",\"potentialAction\":[{\"@type\":\"ReadAction\",\"target\":[[\"https:\/\/pridewood.ch\/de\/product\/wooden-calculator-with-solar\/\"]]}]},{\"@type\":\"ImageObject\",\"inLanguage\":\"de\",\"@id\":\"https:\/\/pridewood.ch\/de\/product\/wooden-calculator-with-solar\/#primaryimage\",\"url\":\"https:\/\/pridewood.ch\/wp-content\/uploads\/2024\/09\/dizajn-bez-nazvaniya.webp\",\"contentUrl\":\"https:\/\/pridewood.ch\/wp-content\/uploads\/2024\/09\/dizajn-bez-nazvaniya.webp\",\"width\":700,\"height\":700},{\"@type\":\"BreadcrumbList\",\"@id\":\"https:\/\/pridewood.ch\/de\/product\/wooden-calculator-with-solar\/#breadcrumb\",\"itemListElement\":[{\"@type\":\"ListItem\",\"position\":1,\"name\":\"Home\",\"item\":\"https:\/\/pridewood.ch\/de\/\"},{\"@type\":\"ListItem\",\"position\":2,\"name\":\"Shop\",\"item\":\"https:\/\/pridewood.ch\/de\/shop\/\"},{\"@type\":\"ListItem\",\"position\":3,\"name\":\"Wooden calculator with solar\"}]},{\"@type\":\"WebSite\",\"@id\":\"https:\/\/pridewood.ch\/de\/#website\",\"url\":\"https:\/\/pridewood.ch\/de\/\",\"name\":\"PrideWood\",\"description\":\"\",\"potentialAction\":[{\"@type\":\"SearchAction\",\"target\":{\"@type\":\"EntryPoint\",\"urlTemplate\":\"https:\/\/pridewood.ch\/de\/?s={search_term_string}\"},\"query-input\":{\"@type\":\"PropertyValueSpecification\",\"valueRequired\":true,\"valueName\":\"search_term_string\"}}],\"inLanguage\":\"de\"}]}<\/script>\n<!-- \/ Yoast SEO plugin. -->","yoast_head_json":{"title":"Rechner aus Holz mit Solar Kaufen | PrideWood","description":"PrideWood 12-stelliger Tischrechner \u2714\ufe0f Tolle Erg\u00e4nzung f\u00fcr Ihren Schreibtisch \u2b50 Aus Bambus gefertigt \ud83d\ude9a Lieferung in die ganze Schweiz \u279c WhatsApp \u260e +41 (76) 457 57 13 | PrideWood","robots":{"index":"index","follow":"follow","max-snippet":"max-snippet:-1","max-image-preview":"max-image-preview:large","max-video-preview":"max-video-preview:-1"},"canonical":"https:\/\/pridewood.ch\/de\/product\/wooden-calculator-with-solar\/","og_locale":"de_DE","og_type":"article","og_title":"Rechner aus Holz mit Solar Kaufen | PrideWood","og_description":"PrideWood 12-stelliger Tischrechner \u2714\ufe0f Tolle Erg\u00e4nzung f\u00fcr Ihren Schreibtisch \u2b50 Aus Bambus gefertigt \ud83d\ude9a Lieferung in die ganze Schweiz \u279c WhatsApp \u260e +41 (76) 457 57 13 | PrideWood","og_url":"https:\/\/pridewood.ch\/de\/product\/wooden-calculator-with-solar\/","og_site_name":"PrideWood","article_modified_time":"2025-10-24T13:55:36+00:00","og_image":[{"width":700,"height":700,"url":"https:\/\/pridewood.ch\/wp-content\/uploads\/2024\/09\/dizajn-bez-nazvaniya.webp","type":"image\/webp"}],"twitter_card":"summary_large_image","twitter_misc":{"Gesch\u00e4tzte Lesezeit":"2\u00a0Minuten"},"schema":{"@context":"https:\/\/schema.org","@graph":[{"@type":"WebPage","@id":"https:\/\/pridewood.ch\/de\/product\/wooden-calculator-with-solar\/","url":"https:\/\/pridewood.ch\/de\/product\/wooden-calculator-with-solar\/","name":"Rechner aus Holz mit Solar Kaufen | PrideWood","isPartOf":{"@id":"https:\/\/pridewood.ch\/de\/#website"},"primaryImageOfPage":{"@id":"https:\/\/pridewood.ch\/de\/product\/wooden-calculator-with-solar\/#primaryimage"},"image":{"@id":"https:\/\/pridewood.ch\/product\/wooden-calculator-with-solar\/#primaryimage"},"thumbnailUrl":"https:\/\/pridewood.ch\/wp-content\/uploads\/2024\/09\/dizajn-bez-nazvaniya.webp","datePublished":"2024-09-06T13:12:40+00:00","dateModified":"2025-10-24T13:55:36+00:00","description":"PrideWood 12-stelliger Tischrechner \u2714\ufe0f Tolle Erg\u00e4nzung f\u00fcr Ihren Schreibtisch \u2b50 Aus Bambus gefertigt \ud83d\ude9a Lieferung in die ganze Schweiz \u279c WhatsApp \u260e +41 (76) 457 57 13 | PrideWood","breadcrumb":{"@id":"https:\/\/pridewood.ch\/de\/product\/wooden-calculator-with-solar\/#breadcrumb"},"inLanguage":"de","potentialAction":[{"@type":"ReadAction","target":[["https:\/\/pridewood.ch\/de\/product\/wooden-calculator-with-solar\/"]]}]},{"@type":"ImageObject","inLanguage":"de","@id":"https:\/\/pridewood.ch\/de\/product\/wooden-calculator-with-solar\/#primaryimage","url":"https:\/\/pridewood.ch\/wp-content\/uploads\/2024\/09\/dizajn-bez-nazvaniya.webp","contentUrl":"https:\/\/pridewood.ch\/wp-content\/uploads\/2024\/09\/dizajn-bez-nazvaniya.webp","width":700,"height":700},{"@type":"BreadcrumbList","@id":"https:\/\/pridewood.ch\/de\/product\/wooden-calculator-with-solar\/#breadcrumb","itemListElement":[{"@type":"ListItem","position":1,"name":"Home","item":"https:\/\/pridewood.ch\/de\/"},{"@type":"ListItem","position":2,"name":"Shop","item":"https:\/\/pridewood.ch\/de\/shop\/"},{"@type":"ListItem","position":3,"name":"Wooden calculator with solar"}]},{"@type":"WebSite","@id":"https:\/\/pridewood.ch\/de\/#website","url":"https:\/\/pridewood.ch\/de\/","name":"PrideWood","description":"","potentialAction":[{"@type":"SearchAction","target":{"@type":"EntryPoint","urlTemplate":"https:\/\/pridewood.ch\/de\/?s={search_term_string}"},"query-input":{"@type":"PropertyValueSpecification","valueRequired":true,"valueName":"search_term_string"}}],"inLanguage":"de"}]}},"_links":{"self":[{"href":"https:\/\/pridewood.ch\/de\/wp-json\/wp\/v2\/product\/150","targetHints":{"allow":["GET"]}}],"collection":[{"href":"https:\/\/pridewood.ch\/de\/wp-json\/wp\/v2\/product"}],"about":[{"href":"https:\/\/pridewood.ch\/de\/wp-json\/wp\/v2\/types\/product"}],"replies":[{"embeddable":true,"href":"https:\/\/pridewood.ch\/de\/wp-json\/wp\/v2\/comments?post=150"}],"version-history":[{"count":7,"href":"https:\/\/pridewood.ch\/de\/wp-json\/wp\/v2\/product\/150\/revisions"}],"predecessor-version":[{"id":6796,"href":"https:\/\/pridewood.ch\/de\/wp-json\/wp\/v2\/product\/150\/revisions\/6796"}],"wp:featuredmedia":[{"embeddable":true,"href":"https:\/\/pridewood.ch\/de\/wp-json\/wp\/v2\/media\/6911"}],"wp:attachment":[{"href":"https:\/\/pridewood.ch\/de\/wp-json\/wp\/v2\/media?parent=150"}],"wp:term":[{"taxonomy":"product_brand","embeddable":true,"href":"https:\/\/pridewood.ch\/de\/wp-json\/wp\/v2\/product_brand?post=150"},{"taxonomy":"product_cat","embeddable":true,"href":"https:\/\/pridewood.ch\/de\/wp-json\/wp\/v2\/product_cat?post=150"},{"taxonomy":"product_tag","embeddable":true,"href":"https:\/\/pridewood.ch\/de\/wp-json\/wp\/v2\/product_tag?post=150"}],"curies":[{"name":"wp","href":"https:\/\/api.w.org\/{rel}","templated":true}]}}