{"id":61,"date":"2024-09-06T13:52:26","date_gmt":"2024-09-06T10:52:26","guid":{"rendered":"https:\/\/pridewood.ch\/?page_id=61"},"modified":"2025-01-18T11:17:43","modified_gmt":"2025-01-18T10:17:43","slug":"payment-and-delivery","status":"publish","type":"page","link":"https:\/\/pridewood.ch\/de\/payment-and-delivery\/","title":{"rendered":"Zahlung und lieferung"},"content":{"rendered":"\t\t<div data-elementor-type=\"wp-page\" data-elementor-id=\"61\" class=\"elementor elementor-61\">\n\t\t\t\t<div class=\"wd-negative-gap elementor-element elementor-element-1b7f8bd e-flex e-con-boxed e-con e-parent\" data-id=\"1b7f8bd\" data-element_type=\"container\">\n\t\t\t\t\t<div class=\"e-con-inner\">\n\t\t\t\t<div class=\"elementor-element elementor-element-635ea0f elementor-widget elementor-widget-heading\" data-id=\"635ea0f\" data-element_type=\"widget\" data-widget_type=\"heading.default\">\n\t\t\t\t<div class=\"elementor-widget-container\">\n\t\t\t\t\t<h2 class=\"elementor-heading-title elementor-size-default\">Payment methods<\/h2>\t\t\t\t<\/div>\n\t\t\t\t<\/div>\n\t\t\t\t<div class=\"elementor-element elementor-element-2439a1c elementor-widget elementor-widget-wd_text_block\" data-id=\"2439a1c\" data-element_type=\"widget\" data-widget_type=\"wd_text_block.default\">\n\t\t\t\t<div class=\"elementor-widget-container\">\n\t\t\t\t\t\t\t<div class=\"wd-text-block reset-last-child text-left\">\n\t\t\t\n\t\t\t<p>We offer various payment methods so that you can choose the most convenient one for you.<\/p><p>In the PrideWood online store, you can pay by:<\/p><ul><li>card (you need to enter the card number, expiration date and CVV code);<\/li><li>Google Pay;<\/li><li>Twint;<\/li><li>Paypal.<\/li><\/ul><p>Rules for the use of promo codes:<\/p><ul><li>enter the promotional code (a unique combination of characters that allows you to get a discount) when you place an order in the website's shopping cart;<\/li><li>the discount for the promotional code cannot be combined with other promotional offers, credits, or promotional codes received for activity on the site during the purchase of the same product; but you can use the promo code when buying multiple products.<\/li><\/ul><p>Notice of payment:<\/p><ul><li>after making a successful payment, you will receive a notification of receipt of your payment to the e-mail address specified in the order;<\/li><li>if you have \"not received\" such a message, contact us in any convenient way for you.<\/li><\/ul><p>Follow the step-by-step instructions that will be provided when paying for the order, and the operation will be successful!<\/p>\n\t\t\t\t\t<\/div>\n\t\t\t\t\t\t<\/div>\n\t\t\t\t<\/div>\n\t\t\t\t<div class=\"elementor-element elementor-element-4400f14 elementor-widget elementor-widget-heading\" data-id=\"4400f14\" data-element_type=\"widget\" data-widget_type=\"heading.default\">\n\t\t\t\t<div class=\"elementor-widget-container\">\n\t\t\t\t\t<h2 class=\"elementor-heading-title elementor-size-default\">Shipping<\/h2>\t\t\t\t<\/div>\n\t\t\t\t<\/div>\n\t\t\t\t<div class=\"elementor-element elementor-element-1f6dda2 elementor-widget elementor-widget-wd_text_block\" data-id=\"1f6dda2\" data-element_type=\"widget\" data-widget_type=\"wd_text_block.default\">\n\t\t\t\t<div class=\"elementor-widget-container\">\n\t\t\t\t\t\t\t<div class=\"wd-text-block reset-last-child text-left\">\n\t\t\t\n\t\t\t<p>Delivery through Switzerland:<\/p><ul><li>delivery service: Die Post;<\/li><li>delivery options: home address;<\/li><li>delivery time: 1-5 days (may be delayed on weekends and holidays).<\/li><\/ul><p>Shipping cost:<\/p><ul><li>free: on all orders over CHF 79;<\/li><li>at the expense of the buyer: the cost of delivery depends on the region and city of the recipient, as well as on the order itself.<\/li><\/ul><p>Shipping terms:<\/p><ul><li>if you place an order on a weekday before 4:00 p.m., it will be shipped the same day;<\/li><li>orders placed later will be shipped the next day;<\/li><li>if the order is placed on a weekend, it will be shipped on the next business day.<\/li><\/ul><p>If you have additional questions, please contact us.<\/p>\n\t\t\t\t\t<\/div>\n\t\t\t\t\t\t<\/div>\n\t\t\t\t<\/div>\n\t\t\t\t\t<\/div>\n\t\t\t\t<\/div>\n\t\t\t\t<\/div>\n\t\t","protected":false},"excerpt":{"rendered":"<p>Zahlungsarten Wir bieten verschiedene Zahlungsmethoden an, damit Sie die f\u00fcr Sie bequemste ausw\u00e4hlen k\u00f6nnen. Im PrideWood-Onlineshop k\u00f6nnen Sie mit folgenden<\/p>\n","protected":false},"author":1,"featured_media":0,"parent":0,"menu_order":0,"comment_status":"closed","ping_status":"closed","template":"","meta":{"footnotes":""},"class_list":["post-61","page","type-page","status-publish","hentry"],"yoast_head":"<!-- This site is optimized with the Yoast SEO plugin v27.1.1 - https:\/\/yoast.com\/product\/yoast-seo-wordpress\/ -->\n<title>Zahlung und lieferung | PrideWood<\/title>\n<meta name=\"description\" content=\"\u00dcber die Bedingungen, Konditionen und Lieferkosten Ihrer Bestellung. Informationen zu den verf\u00fcgbaren Zahlungsmethoden in unserem Online-Shop. | PrideWood\" \/>\n<meta name=\"robots\" content=\"index, follow, max-snippet:-1, max-image-preview:large, max-video-preview:-1\" \/>\n<link rel=\"canonical\" href=\"https:\/\/pridewood.ch\/de\/payment-and-delivery\/\" \/>\n<meta property=\"og:locale\" content=\"de_DE\" \/>\n<meta property=\"og:type\" content=\"article\" \/>\n<meta property=\"og:title\" content=\"Zahlung und lieferung | PrideWood\" \/>\n<meta property=\"og:description\" content=\"\u00dcber die Bedingungen, Konditionen und Lieferkosten Ihrer Bestellung. Informationen zu den verf\u00fcgbaren Zahlungsmethoden in unserem Online-Shop. | PrideWood\" \/>\n<meta property=\"og:url\" content=\"https:\/\/pridewood.ch\/de\/payment-and-delivery\/\" \/>\n<meta property=\"og:site_name\" content=\"PrideWood\" \/>\n<meta property=\"article:modified_time\" content=\"2025-01-18T10:17:43+00:00\" \/>\n<meta name=\"twitter:card\" content=\"summary_large_image\" \/>\n<meta name=\"twitter:label1\" content=\"Gesch\u00e4tzte Lesezeit\" \/>\n\t<meta name=\"twitter:data1\" content=\"2\u00a0Minuten\" \/>\n<script type=\"application\/ld+json\" class=\"yoast-schema-graph\">{\"@context\":\"https:\/\/schema.org\",\"@graph\":[{\"@type\":\"WebPage\",\"@id\":\"https:\/\/pridewood.ch\/de\/payment-and-delivery\/\",\"url\":\"https:\/\/pridewood.ch\/de\/payment-and-delivery\/\",\"name\":\"Zahlung und lieferung | PrideWood\",\"isPartOf\":{\"@id\":\"https:\/\/pridewood.ch\/de\/#website\"},\"datePublished\":\"2024-09-06T10:52:26+00:00\",\"dateModified\":\"2025-01-18T10:17:43+00:00\",\"description\":\"\u00dcber die Bedingungen, Konditionen und Lieferkosten Ihrer Bestellung. Informationen zu den verf\u00fcgbaren Zahlungsmethoden in unserem Online-Shop. | PrideWood\",\"breadcrumb\":{\"@id\":\"https:\/\/pridewood.ch\/de\/payment-and-delivery\/#breadcrumb\"},\"inLanguage\":\"de\",\"potentialAction\":[{\"@type\":\"ReadAction\",\"target\":[[\"https:\/\/pridewood.ch\/de\/payment-and-delivery\/\"]]}]},{\"@type\":\"BreadcrumbList\",\"@id\":\"https:\/\/pridewood.ch\/de\/payment-and-delivery\/#breadcrumb\",\"itemListElement\":[{\"@type\":\"ListItem\",\"position\":1,\"name\":\"Home\",\"item\":\"https:\/\/pridewood.ch\/de\/\"},{\"@type\":\"ListItem\",\"position\":2,\"name\":\"Payment and delivery\"}]},{\"@type\":\"WebSite\",\"@id\":\"https:\/\/pridewood.ch\/de\/#website\",\"url\":\"https:\/\/pridewood.ch\/de\/\",\"name\":\"PrideWood\",\"description\":\"\",\"potentialAction\":[{\"@type\":\"SearchAction\",\"target\":{\"@type\":\"EntryPoint\",\"urlTemplate\":\"https:\/\/pridewood.ch\/de\/?s={search_term_string}\"},\"query-input\":{\"@type\":\"PropertyValueSpecification\",\"valueRequired\":true,\"valueName\":\"search_term_string\"}}],\"inLanguage\":\"de\"}]}<\/script>\n<!-- \/ Yoast SEO plugin. -->","yoast_head_json":{"title":"Zahlung und lieferung | PrideWood","description":"\u00dcber die Bedingungen, Konditionen und Lieferkosten Ihrer Bestellung. Informationen zu den verf\u00fcgbaren Zahlungsmethoden in unserem Online-Shop. | PrideWood","robots":{"index":"index","follow":"follow","max-snippet":"max-snippet:-1","max-image-preview":"max-image-preview:large","max-video-preview":"max-video-preview:-1"},"canonical":"https:\/\/pridewood.ch\/de\/payment-and-delivery\/","og_locale":"de_DE","og_type":"article","og_title":"Zahlung und lieferung | PrideWood","og_description":"\u00dcber die Bedingungen, Konditionen und Lieferkosten Ihrer Bestellung. Informationen zu den verf\u00fcgbaren Zahlungsmethoden in unserem Online-Shop. | PrideWood","og_url":"https:\/\/pridewood.ch\/de\/payment-and-delivery\/","og_site_name":"PrideWood","article_modified_time":"2025-01-18T10:17:43+00:00","twitter_card":"summary_large_image","twitter_misc":{"Gesch\u00e4tzte Lesezeit":"2\u00a0Minuten"},"schema":{"@context":"https:\/\/schema.org","@graph":[{"@type":"WebPage","@id":"https:\/\/pridewood.ch\/de\/payment-and-delivery\/","url":"https:\/\/pridewood.ch\/de\/payment-and-delivery\/","name":"Zahlung und lieferung | PrideWood","isPartOf":{"@id":"https:\/\/pridewood.ch\/de\/#website"},"datePublished":"2024-09-06T10:52:26+00:00","dateModified":"2025-01-18T10:17:43+00:00","description":"\u00dcber die Bedingungen, Konditionen und Lieferkosten Ihrer Bestellung. Informationen zu den verf\u00fcgbaren Zahlungsmethoden in unserem Online-Shop. | PrideWood","breadcrumb":{"@id":"https:\/\/pridewood.ch\/de\/payment-and-delivery\/#breadcrumb"},"inLanguage":"de","potentialAction":[{"@type":"ReadAction","target":[["https:\/\/pridewood.ch\/de\/payment-and-delivery\/"]]}]},{"@type":"BreadcrumbList","@id":"https:\/\/pridewood.ch\/de\/payment-and-delivery\/#breadcrumb","itemListElement":[{"@type":"ListItem","position":1,"name":"Home","item":"https:\/\/pridewood.ch\/de\/"},{"@type":"ListItem","position":2,"name":"Payment and delivery"}]},{"@type":"WebSite","@id":"https:\/\/pridewood.ch\/de\/#website","url":"https:\/\/pridewood.ch\/de\/","name":"PrideWood","description":"","potentialAction":[{"@type":"SearchAction","target":{"@type":"EntryPoint","urlTemplate":"https:\/\/pridewood.ch\/de\/?s={search_term_string}"},"query-input":{"@type":"PropertyValueSpecification","valueRequired":true,"valueName":"search_term_string"}}],"inLanguage":"de"}]}},"_links":{"self":[{"href":"https:\/\/pridewood.ch\/de\/wp-json\/wp\/v2\/pages\/61","targetHints":{"allow":["GET"]}}],"collection":[{"href":"https:\/\/pridewood.ch\/de\/wp-json\/wp\/v2\/pages"}],"about":[{"href":"https:\/\/pridewood.ch\/de\/wp-json\/wp\/v2\/types\/page"}],"author":[{"embeddable":true,"href":"https:\/\/pridewood.ch\/de\/wp-json\/wp\/v2\/users\/1"}],"replies":[{"embeddable":true,"href":"https:\/\/pridewood.ch\/de\/wp-json\/wp\/v2\/comments?post=61"}],"version-history":[{"count":60,"href":"https:\/\/pridewood.ch\/de\/wp-json\/wp\/v2\/pages\/61\/revisions"}],"predecessor-version":[{"id":6857,"href":"https:\/\/pridewood.ch\/de\/wp-json\/wp\/v2\/pages\/61\/revisions\/6857"}],"wp:attachment":[{"href":"https:\/\/pridewood.ch\/de\/wp-json\/wp\/v2\/media?parent=61"}],"curies":[{"name":"wp","href":"https:\/\/api.w.org\/{rel}","templated":true}]}}